
{"id":7250,"date":"2021-01-05T10:24:30","date_gmt":"2021-01-05T10:24:30","guid":{"rendered":"https:\/\/nicolaecatrina.com\/ro\/?post_type=product&#038;p=7250"},"modified":"2024-08-26T10:14:52","modified_gmt":"2024-08-26T10:14:52","slug":"curs-online-de-yoga-tantrica-tibetana-2","status":"publish","type":"product","link":"https:\/\/nicolaecatrina.com\/ro\/produs\/curs-online-de-yoga-tantrica-tibetana-2\/","title":{"rendered":"YOGA TANTRIC\u0102 TIBETAN\u0102 modul 1"},"content":{"rendered":"<p><\/p>\n<h4><\/h4>\n<p><\/p>","protected":false},"excerpt":{"rendered":"<h4>curs online<\/h4>\n<h4>cu Nicolae Catrina<\/h4>\n<p>Acest curs se adreseaz\u0103 membrilor \u0219colii noastre de yoga de peste hotare, vorbitori de limb\u0103 rom\u00e2n\u0103. El se va desf\u0103\u0219ura s\u0103pt\u0103m\u00e2nal, online, pe baza \u00eenregistr\u0103rilor video realizate pentru cursul care se desf\u0103\u0219oar\u0103 deja \u00een Rom\u00e2nia.<\/p>","protected":false},"featured_media":19767,"template":"","meta":{"_acf_changed":false,"_editorskit_title_hidden":false,"_editorskit_reading_time":0,"_editorskit_is_block_options_detached":false,"_editorskit_block_options_position":"{}"},"product_cat":[84],"product_tag":[],"acf":[],"_links":{"self":[{"href":"https:\/\/nicolaecatrina.com\/ro\/wp-json\/wp\/v2\/product\/7250"}],"collection":[{"href":"https:\/\/nicolaecatrina.com\/ro\/wp-json\/wp\/v2\/product"}],"about":[{"href":"https:\/\/nicolaecatrina.com\/ro\/wp-json\/wp\/v2\/types\/product"}],"wp:featuredmedia":[{"embeddable":true,"href":"https:\/\/nicolaecatrina.com\/ro\/wp-json\/wp\/v2\/media\/19767"}],"wp:attachment":[{"href":"https:\/\/nicolaecatrina.com\/ro\/wp-json\/wp\/v2\/media?parent=7250"}],"wp:term":[{"taxonomy":"product_cat","embeddable":true,"href":"https:\/\/nicolaecatrina.com\/ro\/wp-json\/wp\/v2\/product_cat?post=7250"},{"taxonomy":"product_tag","embeddable":true,"href":"https:\/\/nicolaecatrina.com\/ro\/wp-json\/wp\/v2\/product_tag?post=7250"}],"curies":[{"name":"wp","href":"https:\/\/api.w.org\/{rel}","templated":true}]}}