
{"id":24234,"date":"2025-09-09T08:00:03","date_gmt":"2025-09-09T08:00:03","guid":{"rendered":"https:\/\/nicolaecatrina.com\/en\/?post_type=product&#038;p=24234"},"modified":"2025-09-09T08:01:52","modified_gmt":"2025-09-09T08:01:52","slug":"tibetan-tantric-yoga-m3-monthly-fee","status":"publish","type":"product","link":"https:\/\/nicolaecatrina.com\/ro\/produs\/tibetan-tantric-yoga-m3-mo\/","title":{"rendered":"Tibetan Tantric Yoga M3 &#8211; monthly fee"},"content":{"rendered":"<p><\/p>\n<h4><\/h4>\n<p><\/p>","protected":false},"excerpt":{"rendered":"<h5>CURS ONLINE<\/h5>\n<h5>cu Nicolae Catrina<\/h5>\n<p>Acest curs se adreseaz\u0103 membrilor \u0219colii noastre de yoga de peste hotare, vorbitori de limb\u0103 rom\u00e2n\u0103. El se va desf\u0103\u0219ura s\u0103pt\u0103m\u00e2nal, online, pe baza \u00eenregistr\u0103rilor video realizate pentru cursul care se desf\u0103\u0219oar\u0103 deja \u00een Rom\u00e2nia.<\/p>","protected":false},"featured_media":19767,"template":"","meta":{"_acf_changed":false,"_editorskit_title_hidden":false,"_editorskit_reading_time":0,"_editorskit_is_block_options_detached":false,"_editorskit_block_options_position":"{}"},"product_cat":[84],"product_tag":[],"acf":[],"_links":{"self":[{"href":"https:\/\/nicolaecatrina.com\/ro\/wp-json\/wp\/v2\/product\/24234"}],"collection":[{"href":"https:\/\/nicolaecatrina.com\/ro\/wp-json\/wp\/v2\/product"}],"about":[{"href":"https:\/\/nicolaecatrina.com\/ro\/wp-json\/wp\/v2\/types\/product"}],"wp:featuredmedia":[{"embeddable":true,"href":"https:\/\/nicolaecatrina.com\/ro\/wp-json\/wp\/v2\/media\/19767"}],"wp:attachment":[{"href":"https:\/\/nicolaecatrina.com\/ro\/wp-json\/wp\/v2\/media?parent=24234"}],"wp:term":[{"taxonomy":"product_cat","embeddable":true,"href":"https:\/\/nicolaecatrina.com\/ro\/wp-json\/wp\/v2\/product_cat?post=24234"},{"taxonomy":"product_tag","embeddable":true,"href":"https:\/\/nicolaecatrina.com\/ro\/wp-json\/wp\/v2\/product_tag?post=24234"}],"curies":[{"name":"wp","href":"https:\/\/api.w.org\/{rel}","templated":true}]}}