
{"id":22445,"date":"2025-04-10T20:41:21","date_gmt":"2025-04-10T20:41:21","guid":{"rendered":"https:\/\/nicolaecatrina.com\/en\/?post_type=product&#038;p=22445"},"modified":"2025-12-11T09:40:32","modified_gmt":"2025-12-11T09:40:32","slug":"sexologia-moderna-si-arta-orientala-a-amorului","status":"publish","type":"product","link":"https:\/\/nicolaecatrina.com\/ro\/produs\/sexologia-moderna-si-arta-orientala-a-amorului\/","title":{"rendered":"Sexologia modern\u0103 si arta oriental\u0103 a amorului"},"content":{"rendered":"<p data-start=\"108\" data-end=\"478\"><span style=\"font-size: 16px;\">Aceast\u0103 carte este dedicat\u0103 acelora care vor s\u0103 exploreze impactul musculaturii perineului asupra func\u021biei erotice, prin abordarea \u00eentr- un mod \u0219tiin\u021bific, riguros a informa\u021biilor oferite de medicina modern\u0103. <\/span><\/p>\n<p data-start=\"108\" data-end=\"478\"><span style=\"font-size: 16px;\">Totodat\u0103, aceast\u0103 cunoa\u0219tere va fi coroborat\u0103 cu informa\u021biile apar\u021bin\u00e2nd \u00een\u021belepciunii milenare tantrice \u0219i taoiste, oferind acelora deschi\u0219i c\u0103tre abordarea practic\u0103, modalit\u0103\u021bi excep\u021bional de eficiente pentru \u00eembun\u0103t\u0103\u021birea vie\u021bii sexuale individuale \u0219i de cuplu.<\/span><\/p>\n<p>Autori: <a href=\"https:\/\/www.selfawakening.net\/staff\/julia-kolozsvari\/\">Julia Kolozsvari<\/a> \u0219i Nicolae Catrina<\/p>\n<p>Nr. pagini: 40<br \/>\nFormat: 17 x 21cm<br \/>\nColor<br \/>\nISBN: 978-606-93822-5-7<br \/>\nPre\u021b: 55 lei<\/p>","protected":false},"excerpt":{"rendered":"<p>Aceast\u0103 carte este dedicat\u0103 acelora care vor s\u0103 exploreze impactul musculaturii perineului asupra func\u021biei erotice, prin abordarea \u00eentr- un mod \u0219tiin\u021bific, riguros a informa\u021biilor oferite de medicina modern\u0103. Totodat\u0103, aceast\u0103 cunoa\u0219tere va fi coroborat\u0103 cu informa\u021biile apar\u021bin\u00e2nd \u00een\u021belepciunii milenare tantrice \u0219i taoiste, oferind acelora deschi\u0219i c\u0103tre abordarea practic\u0103, modalit\u0103\u021bi excep\u021bional de eficiente pentru \u00eembun\u0103t\u0103\u021birea vie\u021bii &hellip;<\/p>\n<p class=\"read-more\"> <a class=\"\" href=\"https:\/\/nicolaecatrina.com\/ro\/produs\/sexologia-moderna-si-arta-orientala-a-amorului\/\"> <span class=\"screen-reader-text\">Sexologia modern\u0103 si arta oriental\u0103 a amorului<\/span> Read More &raquo;<\/a><\/p>","protected":false},"featured_media":22446,"template":"","meta":{"_acf_changed":false,"_editorskit_title_hidden":false,"_editorskit_reading_time":0,"_editorskit_is_block_options_detached":false,"_editorskit_block_options_position":"{}"},"product_cat":[293],"product_tag":[],"acf":[],"_links":{"self":[{"href":"https:\/\/nicolaecatrina.com\/ro\/wp-json\/wp\/v2\/product\/22445"}],"collection":[{"href":"https:\/\/nicolaecatrina.com\/ro\/wp-json\/wp\/v2\/product"}],"about":[{"href":"https:\/\/nicolaecatrina.com\/ro\/wp-json\/wp\/v2\/types\/product"}],"wp:featuredmedia":[{"embeddable":true,"href":"https:\/\/nicolaecatrina.com\/ro\/wp-json\/wp\/v2\/media\/22446"}],"wp:attachment":[{"href":"https:\/\/nicolaecatrina.com\/ro\/wp-json\/wp\/v2\/media?parent=22445"}],"wp:term":[{"taxonomy":"product_cat","embeddable":true,"href":"https:\/\/nicolaecatrina.com\/ro\/wp-json\/wp\/v2\/product_cat?post=22445"},{"taxonomy":"product_tag","embeddable":true,"href":"https:\/\/nicolaecatrina.com\/ro\/wp-json\/wp\/v2\/product_tag?post=22445"}],"curies":[{"name":"wp","href":"https:\/\/api.w.org\/{rel}","templated":true}]}}