
{"id":22444,"date":"2025-04-10T20:36:33","date_gmt":"2025-04-10T20:36:33","guid":{"rendered":"https:\/\/nicolaecatrina.com\/en\/?post_type=product&#038;p=22444"},"modified":"2025-04-10T20:36:34","modified_gmt":"2025-04-10T20:36:34","slug":"revelations-initiatiques-concernant-le-procede-esoterique-fondamental-shambhava-mudra","status":"publish","type":"product","link":"https:\/\/nicolaecatrina.com\/ro\/produs\/revelations-initiatiques-concernant-le-procede-esoterique-fondamental-shambhava-mudra\/","title":{"rendered":"R\u00c9V\u00c9LATIONS INITIATIQUES CONCERNANT LE PROC\u00c9D\u00c9 \u00c9SOT\u00c9RIQUE FONDAMENTAL SHAMBHAVA MUDRA"},"content":{"rendered":"<p class=\"qtranxs-available-languages-message qtranxs-available-languages-message-ro\">Ne pare r\u0103u! Aceast\u0103 pagin\u0103 nu este disponibil\u0103 inc\u0103 in limba rom\u00e2n\u0103<\/p>","protected":false},"excerpt":{"rendered":"<p>Ne pare r\u0103u! Aceast\u0103 pagin\u0103 nu este disponibil\u0103 inc\u0103 in limba rom\u00e2n\u0103<\/p>","protected":false},"featured_media":0,"template":"","meta":{"_acf_changed":false,"_editorskit_title_hidden":false,"_editorskit_reading_time":0,"_editorskit_is_block_options_detached":false,"_editorskit_block_options_position":"{}"},"product_cat":[293],"product_tag":[],"acf":[],"_links":{"self":[{"href":"https:\/\/nicolaecatrina.com\/ro\/wp-json\/wp\/v2\/product\/22444"}],"collection":[{"href":"https:\/\/nicolaecatrina.com\/ro\/wp-json\/wp\/v2\/product"}],"about":[{"href":"https:\/\/nicolaecatrina.com\/ro\/wp-json\/wp\/v2\/types\/product"}],"wp:attachment":[{"href":"https:\/\/nicolaecatrina.com\/ro\/wp-json\/wp\/v2\/media?parent=22444"}],"wp:term":[{"taxonomy":"product_cat","embeddable":true,"href":"https:\/\/nicolaecatrina.com\/ro\/wp-json\/wp\/v2\/product_cat?post=22444"},{"taxonomy":"product_tag","embeddable":true,"href":"https:\/\/nicolaecatrina.com\/ro\/wp-json\/wp\/v2\/product_tag?post=22444"}],"curies":[{"name":"wp","href":"https:\/\/api.w.org\/{rel}","templated":true}]}}