
{"id":22442,"date":"2025-04-10T20:33:53","date_gmt":"2025-04-10T20:33:53","guid":{"rendered":"https:\/\/nicolaecatrina.com\/en\/?post_type=product&#038;p=22442"},"modified":"2025-04-10T20:33:53","modified_gmt":"2025-04-10T20:33:53","slug":"lenyegi-kinyilatkoztatasok-a-shambhava-mudra-alapveto-ezoterikus-modszerre-vonatkozoan","status":"publish","type":"product","link":"https:\/\/nicolaecatrina.com\/ro\/produs\/lenyegi-kinyilatkoztatasok-a-shambhava-mudra-alapveto-ezoterikus-modszerre-vonatkozoan\/","title":{"rendered":"L\u00e9nyegi kinyilatkoztat\u00e1sok a Shambhava Mudra alapvet\u0151 ezoterikus m\u00f3dszerre vonatkoz\u00f3an"},"content":{"rendered":"<p class=\"qtranxs-available-languages-message qtranxs-available-languages-message-ro\">Ne pare r\u0103u! Aceast\u0103 pagin\u0103 nu este disponibil\u0103 inc\u0103 in limba rom\u00e2n\u0103<\/p>","protected":false},"excerpt":{"rendered":"<p>Ne pare r\u0103u! Aceast\u0103 pagin\u0103 nu este disponibil\u0103 inc\u0103 in limba rom\u00e2n\u0103<\/p>","protected":false},"featured_media":0,"template":"","meta":{"_acf_changed":false,"_editorskit_title_hidden":false,"_editorskit_reading_time":0,"_editorskit_is_block_options_detached":false,"_editorskit_block_options_position":"{}"},"product_cat":[293],"product_tag":[],"acf":[],"_links":{"self":[{"href":"https:\/\/nicolaecatrina.com\/ro\/wp-json\/wp\/v2\/product\/22442"}],"collection":[{"href":"https:\/\/nicolaecatrina.com\/ro\/wp-json\/wp\/v2\/product"}],"about":[{"href":"https:\/\/nicolaecatrina.com\/ro\/wp-json\/wp\/v2\/types\/product"}],"wp:attachment":[{"href":"https:\/\/nicolaecatrina.com\/ro\/wp-json\/wp\/v2\/media?parent=22442"}],"wp:term":[{"taxonomy":"product_cat","embeddable":true,"href":"https:\/\/nicolaecatrina.com\/ro\/wp-json\/wp\/v2\/product_cat?post=22442"},{"taxonomy":"product_tag","embeddable":true,"href":"https:\/\/nicolaecatrina.com\/ro\/wp-json\/wp\/v2\/product_tag?post=22442"}],"curies":[{"name":"wp","href":"https:\/\/api.w.org\/{rel}","templated":true}]}}