
{"id":16199,"date":"2023-12-15T17:52:29","date_gmt":"2023-12-15T17:52:29","guid":{"rendered":"https:\/\/nicolaecatrina.com\/en\/product\/import-placeholder-for-985\/"},"modified":"2025-04-10T12:28:20","modified_gmt":"2025-04-10T12:28:20","slug":"romana-fericirirea-spirituala","status":"publish","type":"product","link":"https:\/\/nicolaecatrina.com\/ro\/produs\/fericirirea-spirituala\/","title":{"rendered":"Fericirirea spiritual\u0103"},"content":{"rendered":"<p>Cum am putea tr\u0103i c\u00e2t mai multe momente de fericire? Este \u00eentrebarea care revine foarte des pe buzele tuturor. \u0218i totu\u0219i, dincolo de impresia comun\u0103 c\u0103 toat\u0103 lumea \u0219tie ce este fericirea, ea \u00eenc\u0103 r\u0103m\u00e2ne un mare mister pentru cei mai mul\u021bi oameni.<\/p>\n<p>Adev\u0103rata stare de fericire \u2013 fericirea spiritual\u0103 \u2013 difer\u0103 radical de st\u0103rile comune de fericire, pl\u0103cere, bucurie, mul\u021bumire, satisfac\u021bie etc. Ea este \u2013 men\u021bioneaz\u0103 la unison toate tradi\u021biile spirituale autentice \u2013 o constant\u0103 fundamental\u0103 a \u00eens\u0103\u0219i naturii noastre, fiind astfel, ca realitate esen\u021bial\u0103, mereu prezent\u0103 \u00een noi. Singurul motiv pentru care nu suntem deocamdat\u0103 capabili s\u0103 o tr\u0103im \u00een orice moment este acela c\u0103 nu \u00eei acord\u0103m aten\u021bia necesar\u0103.<\/p>\n<p>Aceast\u0103 lucrare prezint\u0103 numeroase tehnici ini\u021biatice din Yoga \u0219i Tantra care pot conduce la o stare profund\u0103 \u0219i durabil\u0103 de fericire, oferind totodat\u0103, oricui, posibilitatea de a transforma \u00eentr-un mod simplu \u0219i rapid, at\u00e2t st\u0103rile obi\u0219nuite de pl\u0103cere, dar chiar \u0219i eventualele nepl\u0103ceri \u0219i sup\u0103r\u0103ri ale vie\u021bii cotidiene, \u00een fericire extatic\u0103 plin\u0103 de \u00een\u021belepciune.<\/p>\n<div dir=\"ltr\">Autor: <a href=\"http:\/\/anima-animus.ro\/despre-noi\/\">Nicolae Catrina<\/a><\/div>\n<div dir=\"ltr\">ISBN: 976-606-94275-7-6<\/div>\n<div dir=\"ltr\">Num\u0103r pagini: 250<\/div>\n<div dir=\"ltr\">Format: 15.5 x 13.5<\/div>\n<div dir=\"ltr\">Pre\u021b: 65 RON<\/div>","protected":false},"excerpt":{"rendered":"<p>Cum am putea tr\u0103i c\u00e2t mai multe momente de fericire? Este \u00eentrebarea care revine foarte des pe buzele tuturor. \u0218i totu\u0219i, dincolo de impresia comun\u0103 c\u0103 toat\u0103 lumea \u0219tie ce este fericirea, ea \u00eenc\u0103 r\u0103m\u00e2ne un mare mister pentru cei mai mul\u021bi oameni. Adev\u0103rata stare de fericire \u2013 fericirea spiritual\u0103 \u2013 difer\u0103 radical de st\u0103rile &hellip;<\/p>\n<p class=\"read-more\"> <a class=\"\" href=\"https:\/\/nicolaecatrina.com\/ro\/produs\/fericirirea-spirituala\/\"> <span class=\"screen-reader-text\">Fericirirea spiritual\u0103<\/span> Read More &raquo;<\/a><\/p>","protected":false},"featured_media":16223,"template":"","meta":{"_acf_changed":false,"_editorskit_title_hidden":false,"_editorskit_reading_time":0,"_editorskit_is_block_options_detached":false,"_editorskit_block_options_position":"{}"},"product_cat":[293],"product_tag":[],"acf":[],"_links":{"self":[{"href":"https:\/\/nicolaecatrina.com\/ro\/wp-json\/wp\/v2\/product\/16199"}],"collection":[{"href":"https:\/\/nicolaecatrina.com\/ro\/wp-json\/wp\/v2\/product"}],"about":[{"href":"https:\/\/nicolaecatrina.com\/ro\/wp-json\/wp\/v2\/types\/product"}],"wp:featuredmedia":[{"embeddable":true,"href":"https:\/\/nicolaecatrina.com\/ro\/wp-json\/wp\/v2\/media\/16223"}],"wp:attachment":[{"href":"https:\/\/nicolaecatrina.com\/ro\/wp-json\/wp\/v2\/media?parent=16199"}],"wp:term":[{"taxonomy":"product_cat","embeddable":true,"href":"https:\/\/nicolaecatrina.com\/ro\/wp-json\/wp\/v2\/product_cat?post=16199"},{"taxonomy":"product_tag","embeddable":true,"href":"https:\/\/nicolaecatrina.com\/ro\/wp-json\/wp\/v2\/product_tag?post=16199"}],"curies":[{"name":"wp","href":"https:\/\/api.w.org\/{rel}","templated":true}]}}