
{"id":16198,"date":"2023-12-15T17:52:29","date_gmt":"2023-12-15T17:52:29","guid":{"rendered":"https:\/\/nicolaecatrina.com\/en\/product\/import-placeholder-for-618\/"},"modified":"2025-12-10T17:01:49","modified_gmt":"2025-12-10T17:01:49","slug":"les-quatre-revelations-fondamentales-mahavakya-de-la-tradition-vedantique","status":"publish","type":"product","link":"https:\/\/nicolaecatrina.com\/ro\/produs\/les-quatre-revelations-fondamentales-mahavakya-de-la-tradition-vedantique\/","title":{"rendered":"Les quatre revelations fondamentales MAHAVAKYA  de la tradition vedantique"},"content":{"rendered":"<p>Cet ouvrage offre les \u00e9l\u00e9ments pratiques \u00e9sot\u00e9riques n\u00e9cessaires \u00e0 la r\u00e9alisation couronn\u00e9e de succ\u00e8s de certaines modalit\u00e9s traditionnelles tr\u00e8s anciennes &#8211; mais, en m\u00eame temps, toujours actuelles et extr\u00eamement efficaces &#8211; de perfectionnement spirituel : les quatre \u00ab grandes affirmations \u00bb ou \u00ab v\u00e9rit\u00e9s fondamentales \u00bb (Mahavakyas), que l&#8217;on consid\u00e8re unanimement comme l&#8217;essence initiatique de toute la sagesse multimill\u00e9naire v\u00e9dique et v\u00e9dantique.<\/p>\r\n<p>Abord\u00e9es et mises en pratique \u00e0 partir du niveau du supramental, ces r\u00e9v\u00e9lations v\u00e9diques constitueront de v\u00e9ritables ferments de l&#8217;\u00e9veil spirituel, capables de nous projeter &#8211; souvent, d&#8217;une mani\u00e8re fulgurante &#8211; dans notre nature essentielle (le Soi Supr\u00eame, Atman), dans l&#8217;essence de l&#8217;univers, ainsi que dans la r\u00e9alit\u00e9 absolue de\u00a0Dieu Lui-M\u00eame<\/p>\r\n<p>Author: <a href=\"http:\/\/anima-animus.ro\/despre-noi\/\">Nicolae Catrina<\/a><\/p>\r\n<p>ISBN:<br \/>Number of pages: 134<br \/>Price: 80 RON<\/p>\r\n\r\n<p>&nbsp;<\/p>","protected":false},"excerpt":{"rendered":"<p>Cet ouvrage offre les \u00e9l\u00e9ments pratiques \u00e9sot\u00e9riques n\u00e9cessaires \u00e0 la r\u00e9alisation couronn\u00e9e de succ\u00e8s de certaines modalit\u00e9s traditionnelles tr\u00e8s anciennes &#8211; mais, en m\u00eame temps, toujours actuelles et extr\u00eamement efficaces &#8211; de perfectionnement spirituel : les quatre \u00ab grandes affirmations \u00bb ou \u00ab v\u00e9rit\u00e9s fondamentales \u00bb (Mahavakyas), que l&#8217;on consid\u00e8re unanimement comme l&#8217;essence initiatique de &hellip;<\/p>\n<p class=\"read-more\"> <a class=\"\" href=\"https:\/\/nicolaecatrina.com\/ro\/produs\/les-quatre-revelations-fondamentales-mahavakya-de-la-tradition-vedantique\/\"> <span class=\"screen-reader-text\">Les quatre revelations fondamentales MAHAVAKYA  de la tradition vedantique<\/span> Read More &raquo;<\/a><\/p>","protected":false},"featured_media":16222,"template":"","meta":{"_acf_changed":false,"_editorskit_title_hidden":false,"_editorskit_reading_time":0,"_editorskit_is_block_options_detached":false,"_editorskit_block_options_position":"{}"},"product_cat":[293],"product_tag":[],"acf":[],"_links":{"self":[{"href":"https:\/\/nicolaecatrina.com\/ro\/wp-json\/wp\/v2\/product\/16198"}],"collection":[{"href":"https:\/\/nicolaecatrina.com\/ro\/wp-json\/wp\/v2\/product"}],"about":[{"href":"https:\/\/nicolaecatrina.com\/ro\/wp-json\/wp\/v2\/types\/product"}],"wp:featuredmedia":[{"embeddable":true,"href":"https:\/\/nicolaecatrina.com\/ro\/wp-json\/wp\/v2\/media\/16222"}],"wp:attachment":[{"href":"https:\/\/nicolaecatrina.com\/ro\/wp-json\/wp\/v2\/media?parent=16198"}],"wp:term":[{"taxonomy":"product_cat","embeddable":true,"href":"https:\/\/nicolaecatrina.com\/ro\/wp-json\/wp\/v2\/product_cat?post=16198"},{"taxonomy":"product_tag","embeddable":true,"href":"https:\/\/nicolaecatrina.com\/ro\/wp-json\/wp\/v2\/product_tag?post=16198"}],"curies":[{"name":"wp","href":"https:\/\/api.w.org\/{rel}","templated":true}]}}