
{"id":16188,"date":"2023-12-15T17:52:29","date_gmt":"2023-12-15T17:52:29","guid":{"rendered":"https:\/\/nicolaecatrina.com\/en\/product\/import-placeholder-for-67\/"},"modified":"2025-12-10T16:37:46","modified_gmt":"2025-12-10T16:37:46","slug":"revelatii-initiatice-esentiale-referitoare-la-procedeul-ezoteric-fundamental-shambhava-mudra","status":"publish","type":"product","link":"https:\/\/nicolaecatrina.com\/ro\/produs\/revelatii-initiatice-esentiale-referitoare-la-procedeul-ezoteric-fundamental-shambhava-mudra\/","title":{"rendered":"Revela\u0163ii ini\u0163iatice esen\u0163iale referitoare la procedeul ezoteric fundamental Shambhava Mudra"},"content":{"rendered":"<p>\u201cCea mai direct\u0103, cea mai complet\u0103 \u0219i cea mai bun\u0103 form\u0103 de raportare identificatoare la Shiva este s\u0103 te abandonezi plenar lui Shiva, cu toat\u0103 fiin\u021ba ta.\u201d Abhinavagupta<\/p>\n<p>Autor:\u00a0<a href=\"http:\/\/anima-animus.ro\/despre-noi\/\">Nicolae Catrina<\/a><\/p>\n<p>ISBN: 978-606-9237 4-4-1<br \/>\nNr. pagini: 96<br \/>\nAlb negru<br \/>\nPret: 30 lei<\/p>","protected":false},"excerpt":{"rendered":"<p>\u201cCea mai direct\u0103, cea mai complet\u0103 \u0219i cea mai bun\u0103 form\u0103 de raportare identificatoare la Shiva este s\u0103 te abandonezi plenar lui Shiva, cu toat\u0103 fiin\u021ba ta.\u201d Abhinavagupta Autor:\u00a0Nicolae Catrina ISBN: 978-606-9237 4-4-1 Nr. pagini: 96 Alb negru Pret: 30 lei<\/p>","protected":false},"featured_media":16212,"template":"","meta":{"_acf_changed":false,"_editorskit_title_hidden":false,"_editorskit_reading_time":0,"_editorskit_is_block_options_detached":false,"_editorskit_block_options_position":"{}"},"product_cat":[293],"product_tag":[],"acf":[],"_links":{"self":[{"href":"https:\/\/nicolaecatrina.com\/ro\/wp-json\/wp\/v2\/product\/16188"}],"collection":[{"href":"https:\/\/nicolaecatrina.com\/ro\/wp-json\/wp\/v2\/product"}],"about":[{"href":"https:\/\/nicolaecatrina.com\/ro\/wp-json\/wp\/v2\/types\/product"}],"wp:featuredmedia":[{"embeddable":true,"href":"https:\/\/nicolaecatrina.com\/ro\/wp-json\/wp\/v2\/media\/16212"}],"wp:attachment":[{"href":"https:\/\/nicolaecatrina.com\/ro\/wp-json\/wp\/v2\/media?parent=16188"}],"wp:term":[{"taxonomy":"product_cat","embeddable":true,"href":"https:\/\/nicolaecatrina.com\/ro\/wp-json\/wp\/v2\/product_cat?post=16188"},{"taxonomy":"product_tag","embeddable":true,"href":"https:\/\/nicolaecatrina.com\/ro\/wp-json\/wp\/v2\/product_tag?post=16188"}],"curies":[{"name":"wp","href":"https:\/\/api.w.org\/{rel}","templated":true}]}}