
{"id":8808,"date":"2021-07-15T08:03:54","date_gmt":"2021-07-15T08:03:54","guid":{"rendered":"https:\/\/nicolaecatrina.com\/en\/?page_id=8808"},"modified":"2026-04-08T07:28:46","modified_gmt":"2026-04-08T07:28:46","slug":"curs-de-initiere-practica-in-yoga-tantrica-tibetana","status":"publish","type":"page","link":"https:\/\/nicolaecatrina.com\/ro\/curs-de-initiere-in-misterele-traditiei-alchimice-universale\/","title":{"rendered":"CURS DE INI\u0162IERE \u00ceN MISTERELE TRADIT\u0326IEI ALCHIMICE UNIVERSALE"},"content":{"rendered":"<p><\/p>\n\n\n\n<h3 class=\"wp-block-heading has-text-align-center\"><span class=\"uppercase\">Curs de ini\u021biere \u00een<\/span><\/h3>\n\n\n\n<h2 class=\"wp-block-heading has-text-align-center\"><span class=\"uppercase\">misterele tradi\u021biei alchimice universale<\/span><\/h2>\n\n\n\n<h4 class=\"wp-block-heading has-text-align-center\"><meta charset=\"utf-8\"><meta charset=\"utf-8\">curs online, pe baza \u00eenregistr\u0103rilor de arhiv\u0103<\/h4>\n\n\n\n<h4 class=\"wp-block-heading has-text-align-center\"><meta charset=\"utf-8\">cu Nicolae Catrina<\/h4>\n\n\n\n<figure class=\"wp-block-image alignfull\"><img loading=\"lazy\" decoding=\"async\" width=\"700\" height=\"350\" src=\"https:\/\/nicolaecatrina.com\/wp-content\/uploads\/2021\/07\/alchimie-700x350.png\" alt=\"\" class=\"wp-image-8810\" srcset=\"https:\/\/nicolaecatrina.com\/wp-content\/uploads\/2021\/07\/alchimie-700x350.png 700w, https:\/\/nicolaecatrina.com\/wp-content\/uploads\/2021\/07\/alchimie-1000x500.png 1000w, https:\/\/nicolaecatrina.com\/wp-content\/uploads\/2021\/07\/alchimie-300x150.png 300w, https:\/\/nicolaecatrina.com\/wp-content\/uploads\/2021\/07\/alchimie-768x384.png 768w, https:\/\/nicolaecatrina.com\/wp-content\/uploads\/2021\/07\/alchimie.png 1100w\" sizes=\"(max-width: 700px) 100vw, 700px\" \/><\/figure>\n\n\n\n<div style=\"height:81px\" aria-hidden=\"true\" class=\"wp-block-spacer\"><\/div>\n\n\n\n<p class=\"has-text-align-justify\">\u00cen cadrul acestui curs ezoteric vor fi revelate aspectele fundamentale ale str\u0103vechii \u015ftiin\u0163e secrete alchimice, \u00een diferitele ei forme tradi\u021bionale: <strong>Alchimia occidental\u0103, Alchimia tantric\u0103 erotic\u0103, Alchimia taoist\u0103<\/strong> etc. Vor fi oferite anumite ini\u021bieri unice, at\u00e2t \u00een ceea ce prive\u015fte hermetismul alchimic occidental sau oriental, c\u00e2t \u0219i \u00een unele metode deosebit de eficiente de transformare l\u0103untric\u0103, de transmutare a poten\u0163ialului procreator \u015fi de sublimare a energiilor rezultate, de trezire spiritual\u0103 rapid\u0103, de atingere a unei uimitoare longevit\u0103\u021bi etc.<\/p>\n\n\n\n<p>Printre numeroasele elemente, tehnici \u015fi procedee secrete alchimice care vor fi oferite \u00een cadrul acestui curs, se num\u0103r\u0103 \u0219i:<\/p>\n\n\n\n<p>\u2756 ini\u021bierea \u00een operarea eficient\u0103 cu mandala-ele alchimice tradi\u0163ionale<br>\u2756 ini\u021bierea \u00een modul de realizare a unor preparate alchimice secrete destinate amplific\u0103rii vitalit\u0103\u021bii, armoniz\u0103rii \u00eentregii f\u0103pturi \u015fi transform\u0103rii spirituale rapide<br>\u2756 ini\u021biere \u00een ezoterismul alchimic universal<br>\u2756 ini\u0163iere \u00een tradi\u021bia ezoteric\u0103 a alchimiei erotice taoiste<br>\u2756 introducere ini\u021biatic\u0103 \u00een ezoterismul alchimic al I Ching-ului<br>\u2756 ini\u0163iere \u00een corela\u0163iile \u015fi leg\u0103turile subtile dintre Astrologia ezoteric\u0103 \u0219i \u0219tiin\u021ba ocult\u0103 a Alchimiei; aplica\u0163ii practice<br>\u2756 <strong>ini\u021bierea \u00een <em>bija-mantra-<\/em>ele secrete ale sferelor subtile planetare<\/strong><br>\u2756 tehnici tantrice care integreaz\u0103 \u0219i coreleaz\u0103 \u00eentr-un mod profund spiritual \u015fi transformator anumite fluide trupe\u0219ti, posturi amoroase \u015fi procedee iluminatoare<br>\u2756 tehnici taoiste de re\u00eentinerire, de amplificare a energiei vitale \u015fi de transformare spiritual\u0103<br>\u2756 misterele a\u0219a-numitelor \u201emetale planetare\u201d \u0219i revelarea plantelor care rezoneaz\u0103 cu fiecare sfer\u0103 subtil\u0103 planetar\u0103 \u015fi cu fiecare metal planetar; aplica\u0163ii practice<br>\u2756 ini\u0163iere \u00een corela\u0163iile spirituale dintre alchimia tradi\u021bional\u0103 indian\u0103 (Rasayana) \u0219i str\u0103vechea tradi\u021bie medical\u0103 a Indiei (Ayurveda)<br>\u2756 numeroase exemplific\u0103ri spirituale<\/p>\n\n\n\n<p class=\"has-text-align-center\"><em>Cursul se bazeaz\u0103 pe \u00eenregistr\u0103rile de arhiv\u0103 \u0219i este constituit din dou\u0103 module corelate, primul cuprinz\u00e2nd 22 de lec\u021bii \u0219i al doilea 25 de lec\u021bii.<\/em><\/p>\n\n\n\n<div style=\"height:24px\" aria-hidden=\"true\" class=\"wp-block-spacer\"><\/div>\n\n\n\n<h3 class=\"wp-block-heading\">Modul de desf\u0103\u0219urare a cursului:<\/h3>\n\n\n\n<ul class=\"is-style-none\">\n<li>\u2756 Acest curs con\u021bine 47 de lec\u021bii.<\/li>\n\n\n\n<li>\u2756 \u00cen primele zile ale lunii vom trimite un mail cu link-urile \u0219i parolele celor 4 cursuri alocate fiec\u0103rei luni acelor participan\u021bi a c\u0103ror plat\u0103 a fost confirmat\u0103 (not\u0103! Ultima lun\u0103 de curs con\u021bine doar trei lec\u021bii).<\/li>\n\n\n\n<li>\u2756 Link-urile expir\u0103 \u00een ultima zi a lunii respective.<\/li>\n\n\n\n<li>\u2756 Dac\u0103, indiferent de motiv, nu primi\u021bi cursurile, v\u0103 rug\u0103m s\u0103 ne semnala\u021bi aceasta prin <a href=\"mailto:contact@nicolaecatrina.com\" class=\"ek-link\">e-mail<\/a> c\u00e2t mai cur\u00e2nd pentru c\u0103 indiferent de data la care ve\u021bi solicita aceste cursuri valabilitatea lor va ram\u00e2ne aceea\u0219i (ultima zi a fiecarei luni).<\/li>\n\n\n\n<li>\u2756 Pute\u021bi accesa link-urile ori de c\u00e2te ori dori\u021bi \u00een intervalul lunii respective.<\/li>\n\n\n\n<li>\u2756 Dac\u0103 v\u0103 \u00eenscrie\u021bi la acest curs ulterior datei de \u00eencepere, v\u0103 rug\u0103m s\u0103 ave\u021bi \u00een vedere c\u0103 este necesar s\u0103 ajunge\u021bi la zi cu vizionarea cursurilor cu restul grupei \u00een intervalul lunii \u00een care v-a\u021bi \u00eenscris (dac\u0103 aceasta este posibil), sau s\u0103 a\u0219tepta\u021bi \u00eenceperea unei noi grupe. Acesta nu este un curs sus\u021binut individual ci se organizeaz\u0103 \u00een grup.<\/li>\n\n\n\n<li>\u2756 Ini\u021bierile \u00een mantra-e din cadrul acestui curs vor fi oferite \u00een taberele \u0219i evenimentele spirituale sus\u021binute de Nicolae Catrina din \u021bar\u0103 \u0219i din str\u0103in\u0103tate sau de c\u0103tre instructori aviza\u021bi \u00een unel ora\u0219e ale Romaniei (Cluj \u0219i Bucure\u0219ti). Pentru a primi aceste mantra-e este necesar sa ave\u021bi \u00een prealabil ini\u021bierea \u00een laya yoga. V\u0103 rug\u0103m s\u0103 ne contacta\u021bi personal, prin e-mail, \u00een momentul \u00een care se discut\u0103 \u00een cadrul cursului despre aceste ini\u021bieri pentru a v\u0103 veni \u00een \u00eent\u00e2mpinare cu solu\u021bia cea mai potrivit\u0103 pentru dumneavoastr\u0103.<\/li>\n\n\n\n<li>\u2756 De\u0219i \u00een cadrul \u00eenregistr\u0103rilor domnul Catrina vorbe\u0219te despre anumite materiale suplimentare, suport de curs, ele nu sunt accesibile.<\/li>\n\n\n\n<li>\u2756 Nu permitem \u00eenregistrarea audio-video a acestui curs!<\/li>\n<\/ul>\n\n\n\n<h3 class=\"wp-block-heading\">C\u00e2t \u0219i cum pl\u0103tesc?<\/h3>\n\n\n\n<ul class=\"is-style-none\">\n<li>\u2756 Costul ambelor module este de 2500 lei.<\/li>\n\n\n\n<li>\u2756 Pentru cei care pl\u0103tesc lunar, taxa de participare este de 250 lei\/lun\u0103 (nota! Ultima lun\u0103 de curs va con\u021bine doar 3 lec\u021bii).<\/li>\n\n\n\n<li>\u2756 Taxa de curs nu este rambursabil\u0103!<\/li>\n\n\n\n<li>\u2756 Odat\u0103 \u00eenscri\u0219i la acest curs, este necesar s\u0103 achita\u021bi taxa de participare pentru luna urm\u0103toare p\u00e2n\u0103 la finele lunii \u00een curs. \u00cent\u00e2rzierea se penalizeaz\u0103 cu 50 lei.<\/li>\n\n\n\n<li>\u2756 Dac\u0103 se dore\u0219te revizionarea unui curs anterior se pl\u0103te\u0219te taxa de 35 lei.<\/li>\n<\/ul>\n\n\n\n\n\n\n\n<h4 class=\"wp-block-heading\"><strong>Plata cu cardul <\/strong>(Netopia)<\/h4>\n\n\n\n<div style=\"height:22px\" aria-hidden=\"true\" class=\"wp-block-spacer\"><\/div>\n\n\n\n<div class=\"wp-block-group\"><div class=\"wp-block-group__inner-container is-layout-constrained wp-block-group-is-layout-constrained\">\n<p><a href=\"https:\/\/nicolaecatrina.com\/ro\/confirmare-comanda\/?buy-now=16266\"><strong>Pl\u0103tesc 250 lei \/ plat\u0103 lunar\u0103<\/strong><\/a><\/p>\n\n\n\n<p><a href=\"https:\/\/nicolaecatrina.com\/ro\/confirmare-comanda\/?buy-now=8813\"><strong>Pl\u0103tesc 2500 lei \/ plat\u0103 integral\u0103<\/strong><\/a><\/p>\n\n\n\n<p><a href=\"https:\/\/nicolaecatrina.com\/ro\/confirmare-comanda\/?buy-now=17577\"><strong>Pl\u0103tesc 35 lei \/ revizionare lec\u021bie<\/strong><\/a><\/p>\n\n\n\n<p><a href=\"https:\/\/nicolaecatrina.com\/ro\/confirmare-comanda\/?buy-now=17344\"><strong>Pl\u0103tesc 50 lei \/ penalizare \u00eent\u00e2rziere<\/strong><\/a><\/p>\n<\/div><\/div>\n\n\n\n<div style=\"height:22px\" aria-hidden=\"true\" class=\"wp-block-spacer\"><\/div>\n\n\n\n<ul class=\"is-style-none\">\n<li><span style=\"white-space-collapse: collapse;\">\u2756 Pentru orice ave\u021bi nevoie v\u0103 rug\u0103m s\u0103 ne scrie\u021bi pe e-mailul: contact@nicolaecatrina.com. V\u0103 vom r\u0103spunde solicit\u0103rilor \u00een cel mai scurt timp posibil de luni p\u00e2n\u0103 vineri.<\/span><\/li>\n\n\n\n<li><p style=\"box-sizing: border-box; border: 0px; font-size: 17px; margin: 0px; outline: 0px; padding: 0px; vertical-align: baseline; white-space-collapse: collapse; line-height: 1.7 !important;\">\u2756 Prin \u00eenscrierea la acest curs sunte\u021bi de acord cu&nbsp;<a style=\"box-sizing: border-box; background-color: transparent; line-height: 1.15 !important;\" href=\"https:\/\/nicolaecatrina.com\/ro\/termeni-si-conditii\/\" class=\"ek-link\"><span style=\"box-sizing: border-box; font-weight: 700;\">Termenii \u0219i condi\u021biile<\/span><\/a>.<\/p><\/li>\n<\/ul>","protected":false},"excerpt":{"rendered":"<p>Curs de ini\u021biere \u00een misterele tradi\u021biei alchimice universale curs online, pe baza \u00eenregistr\u0103rilor de arhiv\u0103 cu Nicolae Catrina \u00cen cadrul acestui curs ezoteric vor fi revelate aspectele fundamentale ale str\u0103vechii \u015ftiin\u0163e secrete alchimice, \u00een diferitele ei forme tradi\u021bionale: Alchimia occidental\u0103, Alchimia tantric\u0103 erotic\u0103, Alchimia taoist\u0103 etc. Vor fi oferite anumite ini\u021bieri unice, at\u00e2t \u00een ceea &hellip;<\/p>\n<p class=\"read-more\"> <a class=\"\" href=\"https:\/\/nicolaecatrina.com\/ro\/curs-de-initiere-in-misterele-traditiei-alchimice-universale\/\"> <span class=\"screen-reader-text\">CURS DE INI\u0162IERE \u00ceN MISTERELE TRADIT\u0326IEI ALCHIMICE UNIVERSALE<\/span> Read More &raquo;<\/a><\/p>","protected":false},"author":1,"featured_media":0,"parent":0,"menu_order":0,"comment_status":"closed","ping_status":"closed","template":"","meta":{"_acf_changed":false,"_editorskit_title_hidden":false,"_editorskit_reading_time":3,"_editorskit_is_block_options_detached":false,"_editorskit_block_options_position":"{}","footnotes":""},"acf":[],"_links":{"self":[{"href":"https:\/\/nicolaecatrina.com\/ro\/wp-json\/wp\/v2\/pages\/8808"}],"collection":[{"href":"https:\/\/nicolaecatrina.com\/ro\/wp-json\/wp\/v2\/pages"}],"about":[{"href":"https:\/\/nicolaecatrina.com\/ro\/wp-json\/wp\/v2\/types\/page"}],"author":[{"embeddable":true,"href":"https:\/\/nicolaecatrina.com\/ro\/wp-json\/wp\/v2\/users\/1"}],"replies":[{"embeddable":true,"href":"https:\/\/nicolaecatrina.com\/ro\/wp-json\/wp\/v2\/comments?post=8808"}],"version-history":[{"count":95,"href":"https:\/\/nicolaecatrina.com\/ro\/wp-json\/wp\/v2\/pages\/8808\/revisions"}],"predecessor-version":[{"id":26880,"href":"https:\/\/nicolaecatrina.com\/ro\/wp-json\/wp\/v2\/pages\/8808\/revisions\/26880"}],"wp:attachment":[{"href":"https:\/\/nicolaecatrina.com\/ro\/wp-json\/wp\/v2\/media?parent=8808"}],"curies":[{"name":"wp","href":"https:\/\/api.w.org\/{rel}","templated":true}]}}