
{"id":8012,"date":"2021-04-12T06:24:29","date_gmt":"2021-04-12T06:24:29","guid":{"rendered":"https:\/\/nicolaecatrina.com\/en\/?page_id=8012"},"modified":"2025-09-10T14:33:52","modified_gmt":"2025-09-10T14:33:52","slug":"i-ching-2","status":"publish","type":"page","link":"https:\/\/nicolaecatrina.com\/ro\/iching\/","title":{"rendered":"I Ching"},"content":{"rendered":"<h4 class=\"wp-block-heading has-text-align-center p1\">CURS DE INI\u0162IERE \u00ceN TRADI\u0162IA EZOTERIC\u0102<\/h4>\n\n\n\n<h3 class=\"wp-block-heading has-text-align-center p1\">A <b>I CHING<\/b>-ULUI<\/h3>\n\n\n\n<h4 class=\"wp-block-heading has-text-align-center\"><meta charset=\"utf-8\">curs online, pe baza \u00eenregistr\u0103rilor<\/h4>\n\n\n\n<h5 class=\"wp-block-heading has-text-align-center has-black-color has-text-color has-link-color wp-elements-abdd1a5e878eee5cab8a0edbc00cc9a7\">cu Nicolae Catrina<\/h5>\n\n\n\n<h5 class=\"wp-block-heading has-text-align-center p1\">\u00eencep\u00e2nd cu 1 mai 2021 &#8211; grupa 1<\/h5>\n\n\n\n<h5 class=\"wp-block-heading has-text-align-center p1\">\u00eencep\u00e2nd cu 1 octombrie 2022 &#8211; grupa 2<\/h5>\n\n\n\n<div style=\"height:113px\" aria-hidden=\"true\" class=\"wp-block-spacer\"><\/div>\n\n\n\n<ul class=\"is-style-none\">\n<li>\u00cen cadrul acestui curs ve\u0163i descoperi &#8211; dintr-o perspectiv\u0103 ini\u0163iatic\u0103 inedit\u0103, care va permite unificarea viziunii tradi\u0163ionale a \u00een\u0163elepciunii orientale cu cele mai recente descoperiri ale \u015ftiin\u0163ei contemporane referitoare la arhitectura holografic\u0103, multidimensional\u0103, a universului &#8211; una dintre cele mai importante descoperiri spirituale ale umanit\u0103\u0163ii: sistemul ezoteric al <b>I Ching<\/b>-ului, veritabil\u0103 \u201ema\u015fin\u0103 a timpului\u201d gra\u0163ie c\u0103reia ne putem proiecta con\u015ftient \u00een dimensiunile cele mai profunde ale energiilor temporale. V\u0103 va fi astfel oferit\u0103 o modalitate fundamental\u0103 de ghidare spiritual\u0103 \u00een orice ac\u0163iune cu caracter benefic, pe baza unui cod secret de integrare sincronistic\u0103 \u00een anumite dimensiuni \u015fi ritmuri temporale subtile, integrare ce va obiectiva, cu anticipa\u0163ie, efectele \u015fi \u201cecourile\u201d respectivelor ac\u0163iuni.<\/li>\n\n\n\n<li>Pe parcursul acestor lec\u0163ii ve\u0163i fi ini\u021bia\u0163i, printre altele, \u00een:<\/li>\n\n\n\n<li>Tainele rezonan\u0163elor temporale care fac cu putin\u0163\u0103 manifestarea misterioaselor fenomene de sincronicitate \u015fi care sunt &#8220;\u00eencifrate&#8221; (sau programate) \u00een aspectele primordiale ale oric\u0103rei manifest\u0103ri, inclusiv \u00een codul secret al vie\u0163ii (codul genetic)<\/li>\n\n\n\n<li>Geometria sacr\u0103 a armonicilor energiilor misterioase ale timpului \u015fi \u201ealfabetul\u201d fundamental al celor 64 de simboluri esen\u0163iale care descriu \u00eentreaga devenire temporal\u0103 \u015fi care ne permit descifrarea unei c\u0103i directe de revelare a Eternit\u0103\u0163ii Dumnezeie\u0219ti, precum \u015fi a Sinelui suprem (Atman) din noi \u00een\u015fine; corela\u0163ii de ordin esoteric \u015fi practic cu alte tradi\u0163ii spirituale (Tantra, Kalachakra, \u1e62ivaismul etc)<\/li>\n\n\n\n<li>\u00cen\u0163elegerea, prin intermediul tr\u0103irii directe \u015fi concrete, a a\u015fa-numitelor \u201eparadoxuri temporale\u201d, \u00een care trecutul, prezentul \u015fi viitorul se interconecteaz\u0103 reciproc, \u00eentr-o manier\u0103 multidimensional\u0103<\/li>\n\n\n\n<li>Misterele celor 64 de st\u0103ri esen\u0163iale ale universului, care sunt corelate cu cele 64 de dimensiuni (substraturi) subtile ale energiei timpului<\/li>\n\n\n\n<li>Alchimia secret\u0103 produs\u0103 de integrarea adecvat\u0103, cu ajutorul <b>I Ching<\/b>-ului, \u00een rezonan\u0163ele \u015fi armonicile temporale arhetipale ale ciclicit\u0103\u0163ilor enigmatice care anim\u0103 at\u00e2t universul, c\u00e2t \u015fi fiin\u0163a umana; aplica\u0163ii practice, de natur\u0103 s\u0103 produc\u0103 \u015fi s\u0103 faciliteze transcenderea timpului-durat\u0103 \u015fi revelarea gradat\u0103 \u00een fiin\u0163\u0103 a Eternit\u0103\u0163ii<\/li>\n\n\n\n<li>Ini\u0163iere \u00een mecanismele subtile ale emana\u0163iei \u015fi resorb\u0163iei universului, \u00een vederea revel\u0103rii \u00een propria noastr\u0103 fiin\u0163\u0103 a Unit\u0103\u0163ii dumnezeie\u0219ti, origine primordial\u0103 \u015fi absolut\u0103 a intregii crea\u0163ii; aplica\u0163ii practice din sfera <b>Alchimiei Erotice Taoiste<\/b><\/li>\n\n\n\n<li>Modalit\u0103\u0163i secrete de integrare \u015fi de cunoa\u015ftere profund\u0103, spiritual\u0103 (transformatoare \u015fi eliberatoare) a mecanismelor oculte ale legii KARMA-ei, gra\u0163ie integr\u0103rii \u00een anumite fenomene tainice de sincronicitate care pot s\u0103 \u00eenlocuiasc\u0103 legea rigid\u0103 a cauzei \u015fi a efectului cu o \u201eoglindire\u201d multidimensional\u0103 a armoniei macrocosmice \u00een fiin\u021ba uman\u0103 ini\u021biat\u0103<\/li>\n<\/ul>\n\n\n\n<h3 class=\"wp-block-heading\">Modul de desf\u0103\u0219urare a cursului:<\/h3>\n\n\n\n<ul class=\"is-style-none\">\n<li>\u2756 Acest curs con\u021bine 318 lec\u021bii. PRIMUL CURS ESTE GRATUIT! El va fi trimis bonus \u00eempreun\u0103 cu primele patru cursuri.<\/li>\n\n\n\n<li>\u2756 \u00cen primele zile ale lunii vom trimite un mail cu link-urile \u0219i parolele celor 4 cursuri alocate fiec\u0103rei luni acelor participan\u021bi a c\u0103ror plat\u0103 a fost confirmat\u0103 (Not\u0103! Ultima lun\u0103 de curs con\u021bine doar dou\u0103 lec\u021bii).<\/li>\n\n\n\n<li>\u2756 Link-urile expir\u0103 \u00een ultima zi a lunii respective.<\/li>\n\n\n\n<li>\u2756 Dac\u0103, indiferent de motiv, nu primi\u021bi cursurile, v\u0103 rug\u0103m s\u0103 ne semnala\u021bi aceasta prin <a href=\"mailto:contact@nicolaecatrina.com\" class=\"ek-link\">e-mail<\/a> c\u00e2t mai cur\u00e2nd pentru c\u0103 indiferent de data la care ve\u021bi solicita aceste cursuri valabilitatea lor va ram\u00e2ne aceea\u0219i (ultima zi a fiecarei luni).<\/li>\n\n\n\n<li>\u2756 Pute\u021bi accesa link-urile ori de c\u00e2te ori dori\u021bi \u00een intervalul lunii respective.<\/li>\n\n\n\n<li>\u2756 Ini\u021bierile \u00een mantra-e din cadrul acestui curs vor fi oferite \u00een taberele \u0219i evenimentele spirituale sus\u021binute de Nicolae Catrina din \u021bar\u0103 \u0219i din str\u0103in\u0103tate sau de c\u0103tre instructori aviza\u021bi \u00een diferite ora\u0219e ale Romaniei. Pentru a primi aceste mantra-e este necesar sa ave\u021bi \u00een prealabil ini\u021bierea \u00een laya yoga. V\u0103 rug\u0103m s\u0103 ne contacta\u021bi personal, prin e-mail, \u00een momentul \u00een care se discut\u0103 \u00een cadrul cursului despre aceste ini\u021bieri pentru a v\u0103 veni \u00een \u00eent\u00e2mpinare cu solu\u021bia cea mai potrivit\u0103 pentru dumneavoastr\u0103.<\/li>\n\n\n\n<li>\u2756 Dac\u0103 v\u0103 \u00eenscrie\u021bi la acest curs ulterior datei de \u00eencepere, v\u0103 rug\u0103m s\u0103 ave\u021bi \u00een vedere c\u0103 este necesar s\u0103 ajunge\u021bi la zi cu vizionarea cursurilor cu restul grupei \u00een intervalul lunii \u00een care v-a\u021bi \u00eenscris (dac\u0103 aceasta este posibil), sau s\u0103 a\u0219tepta\u021bi \u00eenceperea unei noi grupe. Acesta nu este un curs sus\u021binut individual ci se organizeaz\u0103 \u00een grup.<\/li>\n\n\n\n<li>\u2756 Nu permitem \u00eenregistrarea audio-video a acestui curs!<\/li>\n<\/ul>\n\n\n\n<h3 class=\"wp-block-heading\">C\u00e2t si cum pl\u0103tesc?<\/h3>\n\n\n\n<ul class=\"is-style-none\">\n<li>\u2756 Costul cursului este de 250 lei\/lun\u0103 pentru rom\u00e2nii din str\u0103in\u0103tate sau 175 lei\/lun\u0103 pentru vorbitorii de limba rom\u00e2n\u0103 din Rom\u00e2nia, Ungaria, Republica Moldova.<\/li>\n\n\n\n<li>\u2756 Pentru plata cursului pe 1 an (12 luni) beneficia\u021bi de 4 lec\u021bii gratuite (a 13-a lun\u0103). Taxa este de 2100 lei (175 lei\/lun\u0103) sau 3000 lei (250 lei\/lun\u0103).<\/li>\n\n\n\n<li>\u2756 Taxa de curs nu este rambursabil\u0103!<\/li>\n\n\n\n<li>\u2756 Odat\u0103 \u00eenscri\u0219i la acest curs, este necesar s\u0103 achita\u021bi taxa de participare pentru luna urm\u0103toare p\u00e2n\u0103 la finele lunii \u00een curs. \u00cent\u00e2rzierea se penalizeaz\u0103 cu 50 lei.<\/li>\n\n\n\n<li>\u2756 Dac\u0103 se dore\u0219te revizionarea unui curs anterior se pl\u0103te\u0219te taxa de 35 lei.<\/li>\n\n\n\n<li>\u2756 Dac\u0103 alege\u021bi s\u0103 face\u021bi plata cu cardul de credit\/debit (via Netopia), aceasta este procesat\u0103 instant.<\/li>\n\n\n\n<li>\u2756 Dac\u0103 opta\u021bi pentru plata prin transfer bancar, este necesar s\u0103 \u0219ti\u021bi c\u0103 sumele aferente vor fi folosite \u00een scop caritabil de c\u0103tre asocia\u021bia noastr\u0103 Self Awakening \u2013 Trezirea sinelui. V\u0103 rug\u0103m s\u0103 scrie\u021bi doar cuv\u00e2ntul DONA\u021aIE. \u00cen caz contrar (dac\u0103 scrie\u021bi altceva \u00een afar\u0103 de cuv\u00e2ntul DONA\u021aIE) suntem nevoi\u021bi s\u0103 v\u0103 ramburs\u0103m banii minus 5 lei (comisionul bancar aferent tranzac\u021biei). Dac\u0103 nu dori\u021bi s\u0103 sus\u021bine\u021bi activitatea noastr\u0103 caritabil\u0103, v\u0103 rugam s\u0103 folosi\u021bi plata cu cardul de credit\/debit (via Netopia). De asemenea, \u00een cazul \u00een care alege\u021bi s\u0103 folosi\u021bi aceast\u0103 modalitate de plat\u0103, v\u0103 rug\u0103m s\u0103 v\u0103 asigura\u021bi c\u0103 banii ajung \u00een contul nostru p\u00e2n\u0103 la finalul lunii \u00een curs. Dac\u0103 transferul se face \u00eentre b\u0103nci diferite, acesta poate dura \u00eentre 1-3 zile lucr\u0103toare.&nbsp;Persoanele care aleg aceast\u0103 modalitate de plat\u0103 (prin transfer bancar), este NECESAR s\u0103 completeze formularul de \u00eenscriere cu toate detaliile necesare \u0219i s\u0103 anexeze dovada de plat\u0103 \u00een c\u00e2mpul aferent din formular.&nbsp;&nbsp;Nu accept\u0103m transferuri bancare prin Revolut bank!<\/li>\n<\/ul>\n\n\n\n<h3 class=\"wp-block-heading\">Modalit\u0103\u021bi de plat\u0103<\/h3>\n\n\n\n<h4 class=\"wp-block-heading\"><strong>Plata cu cardul (Netopia)<\/strong><\/h4>\n\n\n\n<div class=\"wp-block-group\"><div class=\"wp-block-group__inner-container is-layout-flow wp-block-group-is-layout-flow\">\n<p><a href=\"https:\/\/nicolaecatrina.com\/ro\/confirmare-comanda\/?buy-now=8026\"><strong>Pl\u0103tesc 255 lei \/ plat\u0103 lunar\u0103<\/strong><\/a><\/p>\n\n\n\n<p><a href=\"https:\/\/nicolaecatrina.com\/ro\/confirmare-comanda\/?buy-now=8024\"><strong>Pl\u0103tesc 179 lei \/ plat\u0103 lunar\u0103<\/strong><\/a><\/p>\n\n\n\n<p><a href=\"https:\/\/nicolaecatrina.com\/ro\/confirmare-comanda\/?buy-now=17577\"><strong>Pl\u0103tesc 35 lei \/ revizionare lec\u021bie<\/strong><\/a><\/p>\n\n\n\n<p><a href=\"https:\/\/nicolaecatrina.com\/ro\/confirmare-comanda\/?buy-now=17344\"><strong>Pl\u0103tesc 50 lei \/ penalizare pentru \u00eent\u00e2rziere<\/strong><\/a><\/p>\n<\/div><\/div>\n\n\n\n<div style=\"height:27px\" aria-hidden=\"true\" class=\"wp-block-spacer\"><\/div>\n\n\n\n<ul class=\"is-style-none\">\n<li>\u2756 Pentru orice ave\u021bi nevoie v\u0103 rug\u0103m s\u0103 ne scrie\u021bi pe e-mailul: contact@nicolaecatrina.com<\/li>\n\n\n\n<li>\u2756 Prin \u00eenscrierea la acest curs sunte\u021bi de acord cu <a href=\"https:\/\/nicolaecatrina.com\/ro\/termeni-si-conditii\/\" class=\"ek-link\">Termenii \u0219i condi\u021biile<\/a>.<\/li>\n<\/ul>","protected":false},"excerpt":{"rendered":"<p>CURS DE INI\u0162IERE \u00ceN TRADI\u0162IA EZOTERIC\u0102 A I CHING-ULUI curs online, pe baza \u00eenregistr\u0103rilor cu Nicolae Catrina \u00eencep\u00e2nd cu 1 mai 2021 &#8211; grupa 1 \u00eencep\u00e2nd cu 1 octombrie 2022 &#8211; grupa 2 Modul de desf\u0103\u0219urare a cursului: C\u00e2t si cum pl\u0103tesc? Modalit\u0103\u021bi de plat\u0103 Plata cu cardul (Netopia) Pl\u0103tesc 255 lei \/ plat\u0103 lunar\u0103 &hellip;<\/p>\n<p class=\"read-more\"> <a class=\"\" href=\"https:\/\/nicolaecatrina.com\/ro\/iching\/\"> <span class=\"screen-reader-text\">I Ching<\/span> Read More &raquo;<\/a><\/p>","protected":false},"author":1,"featured_media":0,"parent":0,"menu_order":0,"comment_status":"closed","ping_status":"closed","template":"","meta":{"_acf_changed":false,"_editorskit_title_hidden":false,"_editorskit_reading_time":4,"_editorskit_is_block_options_detached":false,"_editorskit_block_options_position":"{}","footnotes":""},"acf":[],"_links":{"self":[{"href":"https:\/\/nicolaecatrina.com\/ro\/wp-json\/wp\/v2\/pages\/8012"}],"collection":[{"href":"https:\/\/nicolaecatrina.com\/ro\/wp-json\/wp\/v2\/pages"}],"about":[{"href":"https:\/\/nicolaecatrina.com\/ro\/wp-json\/wp\/v2\/types\/page"}],"author":[{"embeddable":true,"href":"https:\/\/nicolaecatrina.com\/ro\/wp-json\/wp\/v2\/users\/1"}],"replies":[{"embeddable":true,"href":"https:\/\/nicolaecatrina.com\/ro\/wp-json\/wp\/v2\/comments?post=8012"}],"version-history":[{"count":111,"href":"https:\/\/nicolaecatrina.com\/ro\/wp-json\/wp\/v2\/pages\/8012\/revisions"}],"predecessor-version":[{"id":24250,"href":"https:\/\/nicolaecatrina.com\/ro\/wp-json\/wp\/v2\/pages\/8012\/revisions\/24250"}],"wp:attachment":[{"href":"https:\/\/nicolaecatrina.com\/ro\/wp-json\/wp\/v2\/media?parent=8012"}],"curies":[{"name":"wp","href":"https:\/\/api.w.org\/{rel}","templated":true}]}}