
{"id":7938,"date":"2021-04-02T10:44:12","date_gmt":"2021-04-02T10:44:12","guid":{"rendered":"https:\/\/nicolaecatrina.com\/en\/?page_id=7938"},"modified":"2021-04-06T10:05:25","modified_gmt":"2021-04-06T10:05:25","slug":"english-kashmir-shaivism-retreat-2021-d1s1","status":"publish","type":"page","link":"https:\/\/nicolaecatrina.com\/ro\/ksr2021d1s1\/","title":{"rendered":"(English) Kashmir Shaivism Retreat 2021 &#8211; Day 1 session 1"},"content":{"rendered":"<p class=\"qtranxs-available-languages-message qtranxs-available-languages-message-ro\">Ne pare r\u0103u! Aceast\u0103 pagin\u0103 nu este disponibil\u0103 inc\u0103 in limba rom\u00e2n\u0103<\/p>","protected":false},"excerpt":{"rendered":"<p>Ne pare r\u0103u! Aceast\u0103 pagin\u0103 nu este disponibil\u0103 inc\u0103 in limba rom\u00e2n\u0103<\/p>","protected":false},"author":1,"featured_media":0,"parent":0,"menu_order":0,"comment_status":"closed","ping_status":"closed","template":"","meta":{"_acf_changed":false,"_editorskit_title_hidden":false,"_editorskit_reading_time":0,"_editorskit_is_block_options_detached":false,"_editorskit_block_options_position":"{}","footnotes":""},"acf":[],"_links":{"self":[{"href":"https:\/\/nicolaecatrina.com\/ro\/wp-json\/wp\/v2\/pages\/7938"}],"collection":[{"href":"https:\/\/nicolaecatrina.com\/ro\/wp-json\/wp\/v2\/pages"}],"about":[{"href":"https:\/\/nicolaecatrina.com\/ro\/wp-json\/wp\/v2\/types\/page"}],"author":[{"embeddable":true,"href":"https:\/\/nicolaecatrina.com\/ro\/wp-json\/wp\/v2\/users\/1"}],"replies":[{"embeddable":true,"href":"https:\/\/nicolaecatrina.com\/ro\/wp-json\/wp\/v2\/comments?post=7938"}],"version-history":[{"count":3,"href":"https:\/\/nicolaecatrina.com\/ro\/wp-json\/wp\/v2\/pages\/7938\/revisions"}],"predecessor-version":[{"id":7969,"href":"https:\/\/nicolaecatrina.com\/ro\/wp-json\/wp\/v2\/pages\/7938\/revisions\/7969"}],"wp:attachment":[{"href":"https:\/\/nicolaecatrina.com\/ro\/wp-json\/wp\/v2\/media?parent=7938"}],"curies":[{"name":"wp","href":"https:\/\/api.w.org\/{rel}","templated":true}]}}