
{"id":592,"date":"2017-08-17T05:28:54","date_gmt":"2017-08-17T05:28:54","guid":{"rendered":"https:\/\/nicolaecatrina.com\/?page_id=592"},"modified":"2021-09-08T19:16:56","modified_gmt":"2021-09-08T19:16:56","slug":"nicu-catrina","status":"publish","type":"page","link":"https:\/\/nicolaecatrina.com\/ro\/nicolae-catrina\/","title":{"rendered":"Nicolae Catrina"},"content":{"rendered":"<p><img loading=\"lazy\" decoding=\"async\" class=\"size-medium wp-image-5246 alignleft\" src=\"https:\/\/nicolaecatrina.com\/wp-content\/uploads\/2020\/01\/nicolaecatrina2-300x300.png\" alt=\"\" width=\"300\" height=\"300\" srcset=\"https:\/\/nicolaecatrina.com\/wp-content\/uploads\/2020\/01\/nicolaecatrina2.png 300w, https:\/\/nicolaecatrina.com\/wp-content\/uploads\/2020\/01\/nicolaecatrina2-100x100.png 100w, https:\/\/nicolaecatrina.com\/wp-content\/uploads\/2020\/01\/nicolaecatrina2-200x200.png 200w, https:\/\/nicolaecatrina.com\/wp-content\/uploads\/2020\/01\/nicolaecatrina2-150x150.png 150w, https:\/\/nicolaecatrina.com\/wp-content\/uploads\/2020\/01\/nicolaecatrina2-700x700.png 700w\" sizes=\"(max-width: 300px) 100vw, 300px\" \/>Nicolae Catrina (Adinathananda) este profesor de yoga av\u00e2nd peste 30 de ani de experien\u021b\u0103. \u00cen urm\u0103 cu mai bine de dou\u0103 decenii a fondat singurul curs de \u0218ivaism Ca\u015fmirian din Europa, care ofer\u0103 \u00eentr-un mod unic, adaptat mentalit\u0103\u0163ii occidentale, miilor de cursan\u0163i din Rom\u00e2nia \u0219i din alte \u021b\u0103ri din \u00eentreaga lume, bog\u0103\u021bia \u0219i profunzimea acestei tradi\u021bii spirituale.<\/p>\n<p>Interesul s\u0103u profund pentru diferite forme de spiritualitate autentic\u0103 \u0219i intui\u021bia lui spiritual\u0103 l-au ajutat s\u0103 elaboreze de-a lungul timpului o serie de alte cursuri ini\u021biatice, printre care cele de Alchimie Tantric\u0103, Eneagram\u0103 sau I Ching ezoteric. A conceput, de asemenea, un sistem unic pentru revelarea Sinelui-Esen\u021b\u0103,\u00a0<em>Atman<\/em>, sistem caracterizat de o abordare supramental\u0103 \u2013 dar totodat\u0103 foarte accesibil\u0103 \u2013 a revel\u0103rii Sinelui (inclusiv prin intermediul experien\u021bei estetice iluminatoare), care a ajutat deja mii de aspiran\u0163i s\u0103 fac\u0103 pa\u015fi importan\u0163i \u00een direc\u0163ia descoperirii naturii lor esen\u021biale.<\/p>\n<p>Este autorul mai multor c\u0103r\u0163i despre \u0218ivaism, Yoga, Tantra, alchimie, art\u0103 in\u021biatic\u0103 etc. Fiind un bun cunosc\u0103tor al limbii sanscrite, a tradus mai multe texte yoghine \u0219i tantrice importante, cum ar fi Saundaryalahari, Shiva Samhita sau Gheranda Samhita. \u00cen exclusivitate pentru cursurile sale de \u0218ivaism el ofer\u0103 \u00eentr-o traducere inedit\u0103 numeroase lucr\u0103ri tradi\u021bionale ezoterice, cum ar fi Shiva Sutra, Spanda Karika, Vijnana Bhairava Tantra etc., precum \u0219i cunoa\u0219terea practic\u0103 profund transformatoare ce este cuprins\u0103 \u00een acestea.<\/p>\n<p><\/p>","protected":false},"excerpt":{"rendered":"<p>Nicolae Catrina (Adinathananda) este profesor de yoga av\u00e2nd peste 30 de ani de experien\u021b\u0103. \u00cen urm\u0103 cu mai bine de dou\u0103 decenii a fondat singurul curs de \u0218ivaism Ca\u015fmirian din Europa, care ofer\u0103 \u00eentr-un mod unic, adaptat mentalit\u0103\u0163ii occidentale, miilor de cursan\u0163i din Rom\u00e2nia \u0219i din alte \u021b\u0103ri din \u00eentreaga lume, bog\u0103\u021bia \u0219i profunzimea acestei &hellip;<\/p>\n<p class=\"read-more\"> <a class=\"\" href=\"https:\/\/nicolaecatrina.com\/ro\/nicolae-catrina\/\"> <span class=\"screen-reader-text\">Nicolae Catrina<\/span> Read More &raquo;<\/a><\/p>","protected":false},"author":1,"featured_media":0,"parent":0,"menu_order":0,"comment_status":"closed","ping_status":"closed","template":"","meta":{"_acf_changed":false,"_editorskit_title_hidden":false,"_editorskit_reading_time":0,"_editorskit_is_block_options_detached":false,"_editorskit_block_options_position":"{}","footnotes":""},"acf":[],"_links":{"self":[{"href":"https:\/\/nicolaecatrina.com\/ro\/wp-json\/wp\/v2\/pages\/592"}],"collection":[{"href":"https:\/\/nicolaecatrina.com\/ro\/wp-json\/wp\/v2\/pages"}],"about":[{"href":"https:\/\/nicolaecatrina.com\/ro\/wp-json\/wp\/v2\/types\/page"}],"author":[{"embeddable":true,"href":"https:\/\/nicolaecatrina.com\/ro\/wp-json\/wp\/v2\/users\/1"}],"replies":[{"embeddable":true,"href":"https:\/\/nicolaecatrina.com\/ro\/wp-json\/wp\/v2\/comments?post=592"}],"version-history":[{"count":15,"href":"https:\/\/nicolaecatrina.com\/ro\/wp-json\/wp\/v2\/pages\/592\/revisions"}],"predecessor-version":[{"id":9483,"href":"https:\/\/nicolaecatrina.com\/ro\/wp-json\/wp\/v2\/pages\/592\/revisions\/9483"}],"wp:attachment":[{"href":"https:\/\/nicolaecatrina.com\/ro\/wp-json\/wp\/v2\/media?parent=592"}],"curies":[{"name":"wp","href":"https:\/\/api.w.org\/{rel}","templated":true}]}}