
{"id":495,"date":"2017-08-15T12:24:18","date_gmt":"2017-08-15T12:24:18","guid":{"rendered":"https:\/\/nicolaecatrina.com\/?page_id=495"},"modified":"2017-09-15T07:01:30","modified_gmt":"2017-09-15T07:01:30","slug":"sivaism","status":"publish","type":"page","link":"https:\/\/nicolaecatrina.com\/ro\/sivaism\/","title":{"rendered":"Sivaism"},"content":{"rendered":"<p>[vc_row fullwidth=&#8221;true&#8221;][vc_column][vc_single_image image=&#8221;505&#8243; img_size=&#8221;full&#8221;][\/vc_column][\/vc_row][vc_row][vc_column][vc_column_text]Tradi\u0163ia \u0218ivaismului din Ca\u0219mir este considerat\u0103 a fi una dintre cele mai transcendentale forme de yoga, precum \u0219i cea mai pur\u0103 \u0219i mai elevat\u0103 form\u0103 a tantrismului, ea fiind cu certitudine una dintre cele mai mari comori spirituale ale umanit\u0103\u0163ii \u0219i oferind o cale extraordinar de direct\u0103 \u0219i eficient\u0103 c\u0103tre spiritualitate.<br \/>\nTermenul sanscrit Shiva \u00eenseamn\u0103 \u201eCel mereu binef\u0103c\u0103tor\u201d \u0219i desemneaz\u0103 ipostaza lui Dumnezeu de Suprem Salvator (M\u00e2ntuitor) \u0219i Suprem Ghid spiritual al tuturor fiin\u021belor. De aceea, la modul esen\u0163ial vorbind, orice proces de transcendere \u0219i orice manifestare a Gra\u0163iei Divine eliberatoare este \u00eentotdeauna, indiferent de calea spiritual\u0103 pe care o urm\u0103m, \u00eentr-un fel sau altul \u00een leg\u0103tur\u0103 cu Shiva.<br \/>\nCursul de \u0218ivaism ca\u0219mirian, care a fost fondat \u00een urm\u0103 cu mai bine de 20 de ani, este singurul din Europa, el fiind urmat cu entuziasm de mii de practican\u0163i, at\u00e2t \u00een Rom\u00e2nia, c\u00e2t \u0219i \u00een numeroase \u0163\u0103ri din \u00eentreaga lume. De\u0219i \u00een\u0163elegerea profund\u0103 \u0219i punerea adecvat\u0103 \u00een practic\u0103 a principiilor fundamentale \u0219i a modalit\u0103\u0163ilor specifice tradi\u0163iei \u0218ivaismului ca\u0219mirian implic\u0103, de regul\u0103, un \u00eenalt nivel de con\u0219tiin\u0163\u0103 \u0219i de realizare spiritual\u0103 din partea celor care le abordeaz\u0103 (\u0219i, ca urmare, aceast\u0103 tradi\u0163ie spiritual\u0103 ar fi, \u00een mod normal, aproape inaccesibil\u0103 majorit\u0103\u021bii oamenilor contemporani), toate aceste principii \u0219i aspecte ini\u0163iatice sunt prezentate (\u00eentr-un mod cu totul unic \u00een cadrul cursului nostru de \u0218ivaism!) \u00eentr-o manier\u0103 pe deplin accesibil\u0103. Astfel, aceast\u0103 tradi\u0163ie profund ezoteric\u0103 \u0219i deosebit de complex\u0103 (dar care, totodat\u0103, este perfect adecvat\u0103 cerin\u0163elor omului modern) poate s\u0103 ofere c\u0103i foarte rapide c\u0103tre spiritualitatea autentic\u0103 \u0219i c\u0103tre cele mai \u00eenalte realiz\u0103ri divine.<\/p>\n<p>Pe parcursul lec\u0163iilor care vor revela gradat aspectele fundamentale ale acestei tradi\u0163ii spirituale unice ve\u0163i fi ini\u0163ia\u0163i, printre altele, \u00een:<\/p>\n<p>\u2022 C\u0103ile esen\u0163iale de eliberare spiritual\u0103: Calea fiin\u0163ei limitate \u2013 <em>Anavopaya<\/em>; Calea Energiei divinizante \u2013 <em>Shaktopaya<\/em>; Calea lui Shiva \u2013 <em>Shambavopaya<\/em>; Calea suprem\u0103 (sau Calea f\u0103r\u0103 de etape) &#8211; <em>Anupaya<\/em>;<br \/>\n\u2022 Tainele celor 36 de principii esen\u0163iale ale manifest\u0103rii (<em>tattva<\/em>-ele);<br \/>\n\u2022 Tainele energiilor divine fonematice (sau ale Logosului divin creator);<br \/>\n\u2022 Modalit\u0103\u0163i ezoterice de dinamizare profund\u0103 \u015fi intens\u0103 a centrilor subtili de for\u0163\u0103 \u0219i chiar a fiec\u0103reia dintre \u201epetalele\u201d acestora (direc\u0163iile lor specifice de vibra\u0163ie);<br \/>\n\u2022 Studiul ini\u0163iatic \u015fi practic al unor tratate fundamentale ale \u0218ivaismului ca\u015fmirian: <em>Shiva Sutra<\/em>, <em>Spanda Karika<\/em>, <em>Vijnana Bhairava Tantra <\/em>etc.;<br \/>\n\u2022 Revelarea complet\u0103, din punctul de vedere al eficien\u0163ei practice, a celor 112 modalit\u0103\u0163i principale de iluminare spiritual\u0103 direct\u0103 ce sunt con\u0163inute \u00een tratatul ezoteric <em>Vijnana Bhairava Tantra<\/em> \u0219i care confer\u0103 revelarea Sinelui Suprem Nemuritor (<em>Atman<\/em>) \u015fi identificarea extatic\u0103 \u0219i deplin\u0103 cu Dumnezeu.<\/p>\n<p>De asemenea, \u00een cadrul cursului de \u0218ivaism ve\u0163i putea avea acces, printre altele, la:<br \/>\n\u2022 Ini\u0163ierea special\u0103 \u00een ezoterismul <em>Sri Vidya<\/em>, \u00een contextul c\u0103reia sunt oferite <em>mantra<\/em>-ele celor 15 <em>nitya<\/em>-uri ale Marii Puteri Cosmice Tripura Sundari;<br \/>\n\u2022 Ini\u0163ieri \u00een ezoterismul \u0219i \u00een <em>mantra<\/em>-ele anumitor divinit\u0103\u0163i: <em>Garuda<\/em>, <em>Skanda-Karttikeya<\/em>, <em>Hanuman <\/em>etc.;<br \/>\n\u2022 Anumite ini\u0163ieri majore, ce sunt oferite \u00een urma promov\u0103rii unor examene anuale:<\/p>\n<ul>\n<li><em>kshurika mantra <\/em>\u2013 <em>mantra <\/em>(proprie tradi\u0163iei \u0219ivaismului) de deschidere a centrului <em>brahmarandhra<\/em>, care ofer\u0103 capacitatea de transcendere fulger\u0103toare a condi\u0163iei individuale limitate, precum \u0219i de realizare a practicii secrete a a\u0219a-numitului \u201etransfer al con\u0219tiin\u0163ei\u201d (Phowa, \u00een tradi\u0163ia tibetan\u0103);<br \/>\n\u2022 modalitatea ezoteric\u0103 de realizare a procedeului tantric erotic secret, <em>maithuna<\/em>;<br \/>\n\u2022 procedeele spirituale secrete cuprinse \u00een faimoasa lucrare <em>Saundaryalahari<\/em>;<br \/>\n\u2022 <em>mantra <\/em>transcenderii definitive a tuturor limit\u0103rilor inerente condi\u0163iei umane comune, precum \u0219i a acumul\u0103rilor <em>karma<\/em>-ice individuale;<br \/>\n\u2022 ceremonia spiritual\u0103 tradi\u0163ional\u0103 de adorare a lui Shiva;<br \/>\n\u2022 <em>mantra<\/em>-ele secrete de trezire \u0219i dinamizare a celor 3 ipostaze esen\u0163iale ale puterii formidabile a <em>lingam<\/em>-ului lui Shiva \u00een fiin\u0163a noastr\u0103.<\/li>\n<\/ul>\n<p>Cursul\u00a0este sus\u021binut de\u00a0<a href=\"https:\/\/nicolaecatrina.com\/nicu-catrina\/\">Nicolae Catrina<\/a>.[\/vc_column_text][\/vc_column][\/vc_row]<\/p>","protected":false},"excerpt":{"rendered":"<p>[vc_row fullwidth=&#8221;true&#8221;][vc_column][vc_single_image image=&#8221;505&#8243; img_size=&#8221;full&#8221;][\/vc_column][\/vc_row][vc_row][vc_column][vc_column_text]Tradi\u0163ia \u0218ivaismului din Ca\u0219mir este considerat\u0103 a fi una dintre cele mai transcendentale forme de yoga, precum \u0219i cea mai pur\u0103 \u0219i mai elevat\u0103 form\u0103 a tantrismului, ea fiind cu certitudine una dintre cele mai mari comori spirituale ale umanit\u0103\u0163ii \u0219i oferind o cale extraordinar de direct\u0103 \u0219i eficient\u0103 c\u0103tre spiritualitate. Termenul &hellip;<\/p>\n<p class=\"read-more\"> <a class=\"\" href=\"https:\/\/nicolaecatrina.com\/ro\/sivaism\/\"> <span class=\"screen-reader-text\">Sivaism<\/span> Read More &raquo;<\/a><\/p>","protected":false},"author":1,"featured_media":0,"parent":0,"menu_order":0,"comment_status":"closed","ping_status":"closed","template":"","meta":{"_acf_changed":false,"_editorskit_title_hidden":false,"_editorskit_reading_time":0,"_editorskit_is_block_options_detached":false,"_editorskit_block_options_position":"{}","footnotes":""},"acf":[],"_links":{"self":[{"href":"https:\/\/nicolaecatrina.com\/ro\/wp-json\/wp\/v2\/pages\/495"}],"collection":[{"href":"https:\/\/nicolaecatrina.com\/ro\/wp-json\/wp\/v2\/pages"}],"about":[{"href":"https:\/\/nicolaecatrina.com\/ro\/wp-json\/wp\/v2\/types\/page"}],"author":[{"embeddable":true,"href":"https:\/\/nicolaecatrina.com\/ro\/wp-json\/wp\/v2\/users\/1"}],"replies":[{"embeddable":true,"href":"https:\/\/nicolaecatrina.com\/ro\/wp-json\/wp\/v2\/comments?post=495"}],"version-history":[{"count":9,"href":"https:\/\/nicolaecatrina.com\/ro\/wp-json\/wp\/v2\/pages\/495\/revisions"}],"predecessor-version":[{"id":799,"href":"https:\/\/nicolaecatrina.com\/ro\/wp-json\/wp\/v2\/pages\/495\/revisions\/799"}],"wp:attachment":[{"href":"https:\/\/nicolaecatrina.com\/ro\/wp-json\/wp\/v2\/media?parent=495"}],"curies":[{"name":"wp","href":"https:\/\/api.w.org\/{rel}","templated":true}]}}