
{"id":4154,"date":"2021-10-18T08:37:04","date_gmt":"2021-10-18T08:37:04","guid":{"rendered":"https:\/\/nicolaecatrina.com\/en\/?page_id=4154"},"modified":"2026-01-26T18:06:46","modified_gmt":"2026-01-26T18:06:46","slug":"initiere-in-traditia-spirituala-a-eneagramei","status":"publish","type":"page","link":"https:\/\/nicolaecatrina.com\/ro\/curs-de-initiere-eneagrama\/","title":{"rendered":"INI\u021aIERE \u00ceN TRADI\u021aIA SPIRITUAL\u0102 A ENEAGRAMEI"},"content":{"rendered":"<h3 class=\"wp-block-heading has-text-align-center\">INI\u021aIERE \u00ceN TRADI\u021aIA SPIRITUAL\u0102 A ENEAGRAMEI<\/h3>\n\n\n\n<h4 class=\"wp-block-heading has-text-align-center\">pe baza \u00eenregistr\u0103rilor de arhiv\u0103<\/h4>\n\n\n\n<h4 class=\"wp-block-heading has-text-align-center has-black-color has-text-color has-link-color wp-elements-09abcc2a9785edb066811be9098e7c2f\">cu Nicolae Catrina<\/h4>\n\n\n\n<div style=\"height:96px\" aria-hidden=\"true\" class=\"wp-block-spacer\"><\/div>\n\n\n<div class=\"wp-block-image is-resized\">\n<figure class=\"alignright size-full\"><img loading=\"lazy\" decoding=\"async\" width=\"320\" height=\"374\" src=\"https:\/\/nicolaecatrina.com\/wp-content\/uploads\/2021\/10\/image.png\" alt=\"\" class=\"wp-image-9973\" srcset=\"https:\/\/nicolaecatrina.com\/wp-content\/uploads\/2021\/10\/image.png 320w, https:\/\/nicolaecatrina.com\/wp-content\/uploads\/2021\/10\/image-257x300.png 257w\" sizes=\"(max-width: 320px) 100vw, 320px\" \/><\/figure><\/div>\n\n\n<p class=\"has-text-align-justify\">Tradi\u021bia ezoteric\u0103 a Eneagramei este una dintre cele mai str\u0103vechi sisteme spirituale cunoscute \u00een prezent. Termenul <em>eneagram\u0103<\/em> provine de la cuvintele grece\u0219ti <em>ennea<\/em> (nou\u0103) \u0219i <em>gramma <\/em>(scriere sau desen) \u0219i se refer\u0103 la nou\u0103 aspecte fundamentale ale naturii umane, ce sunt revelate \u00een cadrul acestei tradi\u021bii \u0219i din care deriv\u0103 cele nou\u0103 tipologii comportamentale de baz\u0103.<\/p>\n\n\n\n<p class=\"has-text-align-justify\">Dincolo de sistemul psihologic foarte complex, destinat \u00een\u021belegerii profunde a naturii umane, pe care \u00eel ofer\u0103, Eneagrama este \u00eenainte de toate o cheie esen\u021bial\u0103 care ne poate deschide poarta unei transform\u0103ri spirituale extraordinare \u0219i deosebit de rapide.<\/p>\n\n\n\n<p class=\"has-text-align-justify\">De\u0219i metodele speciale de transformare l\u0103untric\u0103 oferite de tradi\u021bia Eneagramei cuprind multiple niveluri de complexitate, ele pot fi cu u\u0219urin\u021b\u0103 asimilate \u0219i puse \u00een practic\u0103. Spre exemplu, ve\u021bi avea la dispozi\u021bie anumite instrumente foarte puternice \u0219i eficiente (\u0219i, totodat\u0103, cu u\u0219urin\u021b\u0103 accesibile) de profund\u0103 armonizare l\u0103untric\u0103, de trezire plenar\u0103 a sufletului \u0219i de transformare spiritual\u0103. Tocmai din aceast\u0103 cauz\u0103, tradi\u021bia Eneagramei \u0219i-a c\u00e2\u0219tigat la ora actual\u0103 o binemeritat\u0103 recunoa\u0219tere pe plan interna\u021bional, ea fiind deja acceptat\u0103 \u0219i integrat\u0103 \u00een numeroase domenii \u0219tiin\u021bifice \u0219i profesii.<\/p>\n\n\n\n<p class=\"has-text-align-justify\">Parcurg\u00e2nd cu aten\u021bie aceste seminarii, v\u0103 ve\u021bi putea identifica mai \u00eent\u00e2i, cu acurate\u021be, tipologia comportamental\u0103 predominant\u0103, pentru a v\u0103 putea \u00een felul acesta cunoa\u0219te \u00een profunzime natura interioar\u0103 precum \u0219i pentru a putea comunica mult mai armonios \u0219i mai profund cu ceilal\u021bi. Gra\u021bie acestei comunic\u0103ri superioare, ve\u021bi putea s\u0103 elimina\u021bi sau s\u0103 v\u0103 alchimiza\u021bi cu u\u0219urin\u021b\u0103 diferitele conflicte \u0219i probleme \u2013 at\u00e2t \u00een rela\u021biile de cuplu c\u00e2t \u0219i \u00een alte rela\u021bii \u00een care sunte\u021bi angrena\u021bi \u2013 aceasta fiind totodat\u0103 de natur\u0103 s\u0103 v\u0103 ofere bazele necesare cre\u0103rii unor autentice grupuri spirituale, puternice \u0219i armonioase. De asemeni, v\u0103 ve\u021bi putea trezi complet \u0219i foarte rapid sufletul (<em>jivatma<\/em>), aceasta fiind o etap\u0103 esen\u021bial\u0103 \u00een procesul revel\u0103rii Sinelui dumnezeiesc (<em>atman<\/em>).<\/p>\n\n\n\n<h3 class=\"wp-block-heading\">Modul de desf\u0103\u0219urare al cursului:<\/h3>\n\n\n\n<ul class=\"is-style-none\">\n<li>\u2756 \u00cen primele zile ale lunii vom trimite un mail cu cele patru link-uri \u0219i parolele aferente lunii respective. Ele expir\u0103 \u00een ultima zi a lunii respective. Dac\u0103, indiferent de motiv nu primi\u021bi cursurile v\u0103 rug\u0103m s\u0103 ne semnala\u021bi aceasta prin e-mail c\u00e2t mai cur\u00e2nd pentru c\u0103 indiferent de data la care ve\u021bi solicita aceste cursuri valabilitatea lor va ram\u00e2ne aceeasi (ultima zi a fiecarei luni).<\/li>\n\n\n\n<li>\u2756 Cursul de eneagram\u0103 se bazeaz\u0103 pe \u00eenregistr\u0103rile de arhiv\u0103 ale \u00eent\u00e2lnirilor live sus\u021binute de Nicolae Catrina \u00een Bucure\u0219ti. Calitatea acestor \u00eenregistr\u0103ri nu este una foarte bun\u0103.<\/li>\n\n\n\n<li>\u2756 Cursul propriu-zis con\u021bine 15 lec\u021bii. El se continu\u0103 cu 45 de seminarii.<\/li>\n\n\n\n<li>\u2756 Nu se vor oferi materiale suport \u0219i selec\u021bii de filme.<\/li>\n\n\n\n<li>\u2756 Costul cursului de eneagram\u0103 (15 lec\u021bii) este de 1200 lei (nota! Ultima lun\u0103, cea de-a patra lun\u0103 de curs, con\u021bine doar dou\u0103 lec\u021bii!). <\/li>\n<\/ul>\n\n\n\n<h3 class=\"wp-block-heading\"><meta charset=\"utf-8\">Modul de desf\u0103\u0219urare al seminariilor:<\/h3>\n\n\n\n<ul class=\"is-style-none\">\n<li>\u2756 Seminariile sunt \u00een num\u0103r de 45 (44 de lec\u021bii \u0219i un film &#8211; Muntele sacru &#8211; lec\u021bia 12 &#8211; care lipseste ca \u00eenregistrare).<\/li>\n\n\n\n<li>\u2756 \u00cen primele zile ale lunii, vom trimite un email cu link-urile \u0219i parolele aferente lunii respective (4 seminarii).<\/li>\n\n\n\n<li>\u2756 Taxa de participare pentru cele 45 de seminarii (achitat\u0103 integral \u00een avans) este de 1920 ron.<\/li>\n\n\n\n<li>\u2756 Dac\u0103 v\u0103 \u00eenscrie\u021bi la acest curs ulterior datei de \u00eencepere, v\u0103 rug\u0103m s\u0103 ave\u021bi \u00een vedere c\u0103 este necesar s\u0103 ajunge\u021bi la zi cu vizionarea cursurilor cu restul grupei \u00een intervalul lunii \u00een care v-a\u021bi \u00eenscris (dac\u0103 aceasta este posibil), sau s\u0103 a\u0219tepta\u021bi \u00eenceperea unei noi grupe. Acesta nu este un curs sus\u021binut individual ci se organizeaz\u0103 \u00een grup.<\/li>\n<\/ul>\n\n\n\n<h3 class=\"wp-block-heading\">Cum pl\u0103tesc?<\/h3>\n\n\n\n<h4 class=\"wp-block-heading\"><strong>Curs<\/strong><\/h4>\n\n\n\n<p><a href=\"https:\/\/nicolaecatrina.com\/ro\/confirmare-comanda\/?buy-now=9984\"><strong>Pl\u0103tesc 1200 lei\/curs integral<\/strong><\/a><\/p>\n\n\n\n<div style=\"height:18px\" aria-hidden=\"true\" class=\"wp-block-spacer\"><\/div>\n\n\n\n<h4 class=\"wp-block-heading\"><strong>Seminarii<\/strong><\/h4>\n\n\n\n<p><a href=\"https:\/\/nicolaecatrina.com\/ro\/confirmare-comanda\/?buy-now=10280\"><strong>Pl\u0103tesc 1920 lei \/ 45 seminarii<\/strong><\/a><\/p>\n\n\n\n<div style=\"height:18px\" aria-hidden=\"true\" class=\"wp-block-spacer\"><\/div>\n\n\n\n<div style=\"height:16px\" aria-hidden=\"true\" class=\"wp-block-spacer\"><\/div>\n\n\n\n<h4 class=\"wp-block-heading\"><strong>Dore\u0219ti s\u0103 revizionezi\/recuperezi un curs?<\/strong><\/h4>\n\n\n\n<p>Dac\u0103 dori\u021bi s\u0103 recupera\u021bi\/reviziona\u021bi un curs, efectua\u021bi plata aferent\u0103 si men\u021biona\u021bi \u00een c\u00e2mpul Not\u0103 lec\u021bia\/lec\u021biile pe care o dori\u021bi\/le dori\u021bi. Pentru fiecare lec\u021bie ave\u021bi la dispozi\u021bie o zi de vizionare.<\/p>\n\n\n\n<p><a href=\"https:\/\/nicolaecatrina.com\/ro\/confirmare-comanda\/?buy-now=17577\"><strong>Pl\u0103tesc 35 lei \/ revizionare lec\u021bie<\/strong><\/a><\/p>\n\n\n\n<div style=\"height:38px\" aria-hidden=\"true\" class=\"wp-block-spacer\"><\/div>\n\n\n\n<ul class=\"is-style-none\">\n<li>\u2756 Nu permitem \u00eenregistrarea audio-video a acestui curs.<\/li>\n\n\n\n<li>\u2756 Pentru orice ave\u021bi nevoie v\u0103 rug\u0103m s\u0103 ne scrie\u021bi pe e-mailul: contact@nicolaecatrina.com. V\u0103 vom r\u0103spunde solicit\u0103rilor \u00een cel mai scurt timp posibil de luni p\u00e2n\u0103 vineri.<\/li>\n\n\n\n<li>\u2756 Prin \u00eenscrierea la acest curs sunte\u021bi de acord cu&nbsp;<a href=\"https:\/\/nicolaecatrina.com\/ro\/termeni-si-conditii\/\"><strong>Termenii \u0219i condi\u021biile<\/strong><\/a>.<\/li>\n<\/ul>","protected":false},"excerpt":{"rendered":"<p>INI\u021aIERE \u00ceN TRADI\u021aIA SPIRITUAL\u0102 A ENEAGRAMEI pe baza \u00eenregistr\u0103rilor de arhiv\u0103 cu Nicolae Catrina Tradi\u021bia ezoteric\u0103 a Eneagramei este una dintre cele mai str\u0103vechi sisteme spirituale cunoscute \u00een prezent. Termenul eneagram\u0103 provine de la cuvintele grece\u0219ti ennea (nou\u0103) \u0219i gramma (scriere sau desen) \u0219i se refer\u0103 la nou\u0103 aspecte fundamentale ale naturii umane, ce sunt &hellip;<\/p>\n<p class=\"read-more\"> <a class=\"\" href=\"https:\/\/nicolaecatrina.com\/ro\/curs-de-initiere-eneagrama\/\"> <span class=\"screen-reader-text\">INI\u021aIERE \u00ceN TRADI\u021aIA SPIRITUAL\u0102 A ENEAGRAMEI<\/span> Read More &raquo;<\/a><\/p>","protected":false},"author":1,"featured_media":0,"parent":0,"menu_order":0,"comment_status":"closed","ping_status":"closed","template":"","meta":{"_acf_changed":false,"_editorskit_title_hidden":false,"_editorskit_reading_time":3,"_editorskit_is_block_options_detached":false,"_editorskit_block_options_position":"{}","footnotes":""},"acf":[],"_links":{"self":[{"href":"https:\/\/nicolaecatrina.com\/ro\/wp-json\/wp\/v2\/pages\/4154"}],"collection":[{"href":"https:\/\/nicolaecatrina.com\/ro\/wp-json\/wp\/v2\/pages"}],"about":[{"href":"https:\/\/nicolaecatrina.com\/ro\/wp-json\/wp\/v2\/types\/page"}],"author":[{"embeddable":true,"href":"https:\/\/nicolaecatrina.com\/ro\/wp-json\/wp\/v2\/users\/1"}],"replies":[{"embeddable":true,"href":"https:\/\/nicolaecatrina.com\/ro\/wp-json\/wp\/v2\/comments?post=4154"}],"version-history":[{"count":94,"href":"https:\/\/nicolaecatrina.com\/ro\/wp-json\/wp\/v2\/pages\/4154\/revisions"}],"predecessor-version":[{"id":25963,"href":"https:\/\/nicolaecatrina.com\/ro\/wp-json\/wp\/v2\/pages\/4154\/revisions\/25963"}],"wp:attachment":[{"href":"https:\/\/nicolaecatrina.com\/ro\/wp-json\/wp\/v2\/media?parent=4154"}],"curies":[{"name":"wp","href":"https:\/\/api.w.org\/{rel}","templated":true}]}}