
{"id":3930,"date":"2022-01-28T11:38:59","date_gmt":"2022-01-28T11:38:59","guid":{"rendered":"https:\/\/nicolaecatrina.com\/en\/?page_id=3930"},"modified":"2024-07-19T10:26:00","modified_gmt":"2024-07-19T10:26:00","slug":"english-payment-for-your-on-demand-course-request","status":"publish","type":"page","link":"https:\/\/nicolaecatrina.com\/ro\/plata-revizionare\/","title":{"rendered":"Recuperare"},"content":{"rendered":"<h3 class=\"wp-block-heading\">Doresc s\u0103 recuperez\/revizionez un curs<\/h3>\n\n\n\n<div class=\"wp-block-columns is-layout-flex wp-container-core-columns-is-layout-2 wp-block-columns-is-layout-flex\">\n<div class=\"wp-block-column is-layout-flow wp-block-column-is-layout-flow\" style=\"flex-basis:100%\">\n<p><meta charset=\"utf-8\"><\/meta>\u2756 Tax\u0103 de recuperare\/revizionare este de 35 lei\/curs.<\/p>\n\n\n\n<p><a href=\"https:\/\/nicolaecatrina.com\/ro\/confirmare-comanda\/?buy-now=13517\"><strong>Pl\u0103tesc 35 lei <\/strong><\/a><\/p>\n\n\n\n<div style=\"height:19px\" aria-hidden=\"true\" class=\"wp-block-spacer\"><\/div>\n\n\n\n<ul class=\"is-style-none\">\n<li>\u2756 Pentru fiecare curs pe care dori\u021bi s\u0103-l reviziona\u021bi ve\u021bi avea la dispozi\u021bie o zi.<\/li>\n\n\n\n<li>\u2756 \u00cen dou\u0103, trei zile lucr\u0103toare ve\u021bi fi contacta\u021bi prin e-mail de un membru al echipei noastre pentru a stabili perioada de revizionare.<\/li>\n\n\n\n<li>\u2756 Pentru mai multe detalii v\u0103 rug\u0103m s\u0103 ne contacta\u021bi: <a href=\"mailto:contact@nicolaecatrina.com\">contact@nicolaecatrina.com<\/a><\/li>\n<\/ul>\n<\/div>\n<\/div>\n\n\n\n<p><\/p>","protected":false},"excerpt":{"rendered":"<p>Doresc s\u0103 recuperez\/revizionez un curs \u2756 Tax\u0103 de recuperare\/revizionare este de 35 lei\/curs. Pl\u0103tesc 35 lei<\/p>","protected":false},"author":1,"featured_media":0,"parent":0,"menu_order":0,"comment_status":"closed","ping_status":"closed","template":"","meta":{"_acf_changed":false,"_editorskit_title_hidden":false,"_editorskit_reading_time":1,"_editorskit_is_block_options_detached":false,"_editorskit_block_options_position":"{}","footnotes":""},"acf":[],"_links":{"self":[{"href":"https:\/\/nicolaecatrina.com\/ro\/wp-json\/wp\/v2\/pages\/3930"}],"collection":[{"href":"https:\/\/nicolaecatrina.com\/ro\/wp-json\/wp\/v2\/pages"}],"about":[{"href":"https:\/\/nicolaecatrina.com\/ro\/wp-json\/wp\/v2\/types\/page"}],"author":[{"embeddable":true,"href":"https:\/\/nicolaecatrina.com\/ro\/wp-json\/wp\/v2\/users\/1"}],"replies":[{"embeddable":true,"href":"https:\/\/nicolaecatrina.com\/ro\/wp-json\/wp\/v2\/comments?post=3930"}],"version-history":[{"count":38,"href":"https:\/\/nicolaecatrina.com\/ro\/wp-json\/wp\/v2\/pages\/3930\/revisions"}],"predecessor-version":[{"id":19253,"href":"https:\/\/nicolaecatrina.com\/ro\/wp-json\/wp\/v2\/pages\/3930\/revisions\/19253"}],"wp:attachment":[{"href":"https:\/\/nicolaecatrina.com\/ro\/wp-json\/wp\/v2\/media?parent=3930"}],"curies":[{"name":"wp","href":"https:\/\/api.w.org\/{rel}","templated":true}]}}