
{"id":3474,"date":"2019-11-19T20:42:54","date_gmt":"2019-11-19T20:42:54","guid":{"rendered":"https:\/\/nicolaecatrina.com\/ro\/?page_id=3474"},"modified":"2021-09-14T10:42:36","modified_gmt":"2021-09-14T10:42:36","slug":"politica-de-confidentialitate-a-datelor-personale","status":"publish","type":"page","link":"https:\/\/nicolaecatrina.com\/ro\/politica-de-confidentialitate-a-datelor-personale\/","title":{"rendered":"Politic\u0103 de cookie"},"content":{"rendered":"<p><\/p>\n<h3 class=\"entry-title fusion-responsive-typography-calculated\" data-fontsize=\"45\" data-lineheight=\"59.85px\">Politica de Protectie a Datelor cu Caracter Personal<\/h3>\n<p>1.Colectarea de informa\u021bii<\/p>\n<p>Noi colect\u0103m informa\u021bii atunci c\u00e2nd te \u00eenregistrezi pe site-ul nostru, te loghezi, faci o achizi\u021bie, te inscrii la un eveniment, \u0219i\/sau atunci c\u00e2nd te deconectezi. Informa\u021biile colectate includ numele, adresa de e-mail, num\u0103rul de telefon, adresa de livrare in cazul unei comenzi, datele companiei \u00een cazul \u00een care se solicit\u0103 facturare.<\/p>\n<p>\u00cen plus, vom primi \u00een mod automat \u0219i vom \u00eenregistra informa\u021bii de la computer-ul \u0219i browser-ul t\u0103u, inclusiv adresa IP, software-ul \u0219i atributele hardware, precum \u0219i pagina solicitat\u0103.<\/p>\n<p>2.Utilizarea de informa\u021bii<\/p>\n<p>Oricare dintre informa\u021biile pe care le colect\u0103m pot fi folosite pentru a:<\/p>\n<p>Personaliza experien\u021ba ta \u0219i pentru a r\u0103spunde nevoilor individuale<br \/>\nFurniza con\u021binut publicitar personalizat<br \/>\n\u00cembun\u0103t\u0103\u021bi site-ul nostru<br \/>\n\u00cembun\u0103t\u0103\u021bi serviciul clien\u021bi \u0219i nevoile de asisten\u021b\u0103<br \/>\nContacta prin e-mail<br \/>\nAdministra un concurs, promovare sau sondaj<br \/>\nA factura<br \/>\nLivra produsele comandate<\/p>\n<p>3. E-Commerce de confiden\u021bialitate<\/p>\n<p>Noi suntem singurii proprietari ai informa\u021biilor colectate pe acest site. Informa\u021biile tale personale de identificare nu vor fi v\u00e2ndute, schimbate, transferate sau date oric\u0103rei alte societ\u0103\u021bi, indiferent de motive, f\u0103r\u0103 consim\u021b\u0103m\u00e2ntul t\u0103u, altele dec\u00e2t cele necesare pentru \u00eendeplinirea unei cereri \u0219i\/sau tranzac\u021bie, de exemplu pentru a trimite o comand\u0103.<\/p>\n<p>4. Dezv\u0103luirea p\u0103r\u021bilor ter\u021be<\/p>\n<p>Noi nu vindem, nu negociem sau transfer\u0103m c\u0103tre p\u0103r\u021bi din afar\u0103 informa\u021biile tale personale identificabile. Acest lucru nu include p\u0103r\u021bile ter\u021be de \u00eencredere, care ne asist\u0103 \u00een operarea site-ului nostru sau \u00een conducerea afacerii, at\u00e2ta timp c\u00e2t p\u0103r\u021bile sunt de acord s\u0103 p\u0103streze confiden\u021bialitatea acestor informa\u021bii.<\/p>\n<p>Noi credem c\u0103 este necesar s\u0103 se fac\u0103 schimb de informa\u021bii, cu scopul de a investiga, preveni sau de a lua m\u0103suri ce privesc activit\u0103\u021bile ilegale, suspiciunea de fraud\u0103, situa\u021biile care implic\u0103 poten\u021biale amenin\u021b\u0103ri la siguran\u021ba fizic\u0103 a oric\u0103rei persoane, \u00eenc\u0103lc\u0103ri ale termenilor de utilizare, sau altfel cerute de lege.<\/p>\n<p>Informa\u021biile non-private, cu toate acestea, pot fi furnizate c\u0103tre alte p\u0103r\u021bi pentru marketing, publicitate, sau \u00een alte scopuri.<\/p>\n<p>5. Protejarea Informa\u021biilor<\/p>\n<p>Vom pune \u00een aplicare o varietate de m\u0103suri de securitate pentru a men\u021bine siguran\u021ba informa\u021biilor tale personale. Numai angaja\u021bii care au nevoie s\u0103 efectueze un anumit task (de exemplu, facturare sau serviciu client) beneficiaz\u0103 de acces la informa\u021biile personale de identificare. Calculatoarele\/serverele folosite pentru a stoca informa\u021biile personale de identificare sunt p\u0103strate \u00eentr-un mediu sigur.<\/p>\n<p>Folosim cookie-uri?<\/p>\n<p>Da. Cookie-urile \u00eembun\u0103t\u0103\u021besc accesul la site-ul nostru \u0219i identific\u0103 vizitarea repetat\u0103. Mai mult dec\u00e2t at\u00e2t, cookie-urile noastre sporesc experien\u021ba unui utilizator prin urm\u0103rirea \u0219i direc\u021bionarea \u00een func\u021bie de interesele lui\/ei. Aceast\u0103 utilizare de cookie-uri, cu toate acestea, nu este \u00een nici un fel legat\u0103 de orice informa\u021bie personal\u0103 de identificare de pe site-ul nostru.<\/p>\n<p>6. Dezabonare<\/p>\n<p>Noi folosim adresa de e-mail furnizat\u0103 pentru a-\u021bi trimite informa\u021bii \u0219i actualiz\u0103ri referitoare la comanda, \u0219tiri ocazionale despre companie, informa\u021bii legate de produs etc. Dac\u0103 \u00een orice moment dore\u0219ti s\u0103 te dezabonezi de la primirea email-urilor viitoare, vom include instruc\u021biuni de dezabonare detaliate \u00een partea de jos a fiec\u0103rui e-mail.<\/p>\n<p>7. Consim\u021b\u0103m\u00e2ntul<\/p>\n<p>Prin utilizarea site-ului nostru, e\u0219ti de acord cu politica noastr\u0103 de confiden\u021bialitate.<\/p>","protected":false},"excerpt":{"rendered":"<p>Politica de Protectie a Datelor cu Caracter Personal 1.Colectarea de informa\u021bii Noi colect\u0103m informa\u021bii atunci c\u00e2nd te \u00eenregistrezi pe site-ul nostru, te loghezi, faci o achizi\u021bie, te inscrii la un eveniment, \u0219i\/sau atunci c\u00e2nd te deconectezi. Informa\u021biile colectate includ numele, adresa de e-mail, num\u0103rul de telefon, adresa de livrare in cazul unei comenzi, datele companiei &hellip;<\/p>\n<p class=\"read-more\"> <a class=\"\" href=\"https:\/\/nicolaecatrina.com\/ro\/politica-de-confidentialitate-a-datelor-personale\/\"> <span class=\"screen-reader-text\">Politic\u0103 de cookie<\/span> Read More &raquo;<\/a><\/p>","protected":false},"author":1,"featured_media":0,"parent":0,"menu_order":0,"comment_status":"closed","ping_status":"closed","template":"","meta":{"_acf_changed":false,"_editorskit_title_hidden":false,"_editorskit_reading_time":0,"_editorskit_is_block_options_detached":false,"_editorskit_block_options_position":"{}","footnotes":""},"acf":[],"_links":{"self":[{"href":"https:\/\/nicolaecatrina.com\/ro\/wp-json\/wp\/v2\/pages\/3474"}],"collection":[{"href":"https:\/\/nicolaecatrina.com\/ro\/wp-json\/wp\/v2\/pages"}],"about":[{"href":"https:\/\/nicolaecatrina.com\/ro\/wp-json\/wp\/v2\/types\/page"}],"author":[{"embeddable":true,"href":"https:\/\/nicolaecatrina.com\/ro\/wp-json\/wp\/v2\/users\/1"}],"replies":[{"embeddable":true,"href":"https:\/\/nicolaecatrina.com\/ro\/wp-json\/wp\/v2\/comments?post=3474"}],"version-history":[{"count":4,"href":"https:\/\/nicolaecatrina.com\/ro\/wp-json\/wp\/v2\/pages\/3474\/revisions"}],"predecessor-version":[{"id":9645,"href":"https:\/\/nicolaecatrina.com\/ro\/wp-json\/wp\/v2\/pages\/3474\/revisions\/9645"}],"wp:attachment":[{"href":"https:\/\/nicolaecatrina.com\/ro\/wp-json\/wp\/v2\/media?parent=3474"}],"curies":[{"name":"wp","href":"https:\/\/api.w.org\/{rel}","templated":true}]}}