
{"id":24616,"date":"2025-10-14T09:39:28","date_gmt":"2025-10-14T09:39:28","guid":{"rendered":"https:\/\/nicolaecatrina.com\/en\/?page_id=24616"},"modified":"2026-01-23T09:12:14","modified_gmt":"2026-01-23T09:12:14","slug":"kashmir-shaivism-follow-up-retreat","status":"publish","type":"page","link":"https:\/\/nicolaecatrina.com\/ro\/kashmir-shaivism-follow-up-intensive-workshop\/","title":{"rendered":"Kashmir Shaivism Follow up Intensive Workshop"},"content":{"rendered":"<h2 class=\"wp-block-heading has-text-align-center\">Workshop intensiv dedicat aprofund\u0103rii ini\u021bierii \u00een <em>Mahamrityunjaya Mantra<\/em><\/h2>\n\n\n\n<h4 class=\"wp-block-heading has-text-align-center\">6-7 decembrie 2025, Online<\/h4>\n\n\n\n<h3 class=\"wp-block-heading has-text-align-center has-medium-font-size\">&#8211; cu Nicolae Catrina (Adinathananda) &#8211;<\/h3>\n\n\n\n<div style=\"height:75px\" aria-hidden=\"true\" class=\"wp-block-spacer\"><\/div>\n\n\n\n<div class=\"wp-block-cover is-light is-style-editorskit-shadow\" style=\"min-height:168px;aspect-ratio:unset;\"><span aria-hidden=\"true\" class=\"wp-block-cover__background has-background-dim-100 has-background-dim\" style=\"background-color:#f6e4ae\"><\/span><div class=\"wp-block-cover__inner-container is-layout-flow wp-block-cover-is-layout-flow\">\n<p><strong>Tuturor participan\u021bilor la acest seminar le va fi oferit\u0103, pe baza unei modalit\u0103\u021bi tradi\u021bionale specifice, \u0219i o impulsionare spiritual\u0103 direct\u0103, personal\u0103, \u00een vederea aprofund\u0103rii rezonan\u021bei oculte cu Mahamrityunjaya Mantra \u0219i amplific\u0103rii energiei oculte Amrita Shakti \u00een fiin\u021b\u0103.<br>Aceast\u0103 impulsionare spiritual\u0103 va fi oferit\u0103 de Nicolae Catrina, la anumite date care vor fi anun\u021bate \u00een timp util, \u00een Bucure\u0219ti, Cluj, Ia\u0219i \u0219i Berlin.<\/strong><\/p>\n<\/div><\/div>\n\n\n\n<div style=\"height:37px\" aria-hidden=\"true\" class=\"wp-block-spacer\"><\/div>\n\n\n\n<ul class=\"is-style-none\">\n<li>\u00cen cadrul acestei continu\u0103ri \u0219i aprofund\u0103ri a ini\u021bierii \u00een <em>Maha Mrityunjayamantra<\/em> \u0219i \u00een ezoterismul Ipostazei <em>Amriteshvara Bhairava<\/em> (<em>ShivaMrityunjaya<\/em>), vor fi prezentate \u00een detaliu \u0219i apoi vor fi practicate la unison, \u00een <strong>cinci sesiuni practice<\/strong> de-a lungul celor dou\u0103 zile de workshop,o serie de metode \u0219i procedee speciale din cadrul unor tradi\u021bii ezoterice ca:Amrita Yoga, Kaula Tantra, Alchimia tantric\u0103 erotic\u0103 etc.<\/li>\n\n\n\n<li><\/li>\n\n\n\n<li>Aceste practici spirituale integreaz\u0103 \u0219i utilizeaz\u0103 eficient excep\u021bionala energie ocult\u0103 binef\u0103c\u0103toare, revitalizant\u0103, regenerant\u0103, purificatoare, a <em>mantra<\/em>-ei fundamentale ce este cunoscut\u0103 \u00een \u00eentreaga spiritualitate a Indiei sub numele de \u201e<em>Mantra<\/em> esen\u021bial\u0103 a nemuririi spirituale\u201d (<em>MahaMrityunjaya mantra<\/em>), ea fiind totodat\u0103 \u0219i <em>mantra<\/em> principal\u0103 de comuniune cu sfera universal\u0103 de for\u021b\u0103 \u0219i con\u0219tiin\u021b\u0103 a Ipostazei <em>AmriteshvaraBhairava<\/em> (<em>Shiva Mrityunjaya<\/em>)<\/li>\n<\/ul>\n\n\n\n<h3 class=\"wp-block-heading\" style=\"font-size:22px\"><strong>Condi\u021bii de participare<\/strong><\/h3>\n\n\n\n<ul class=\"is-style-none\">\n<li>\u2756 <em>\u00centruc\u00e2t multe dintre tehnicile care vor fi prezentate \u00een cadrul acestui workshop pot fi practicate (de\u0219i cu o eficien\u021b\u0103 considerabil mai redus\u0103) chiar \u0219i \u00een absen\u021ba ini\u021bierii \u00een Maha Mrityunjaya mantra, participarea la acest workshop nu este condi\u021bionat\u0103 de participarea prealabil\u0103 la taberele de \u0218ivaism \u00een care a fost oferit\u0103 ini\u021bierea \u00een Maha Mrityunjaya mantra<\/em>.&nbsp;<\/li>\n\n\n\n<li><\/li>\n<\/ul>\n\n\n\n<div class=\"wp-block-cover is-light is-style-editorskit-shadow\" style=\"min-height:168px;aspect-ratio:unset;\"><span aria-hidden=\"true\" class=\"wp-block-cover__background has-background-dim-100 has-background-dim\" style=\"background-color:#f6e4ae\"><\/span><div class=\"wp-block-cover__inner-container is-layout-flow wp-block-cover-is-layout-flow\">\n<h2 class=\"wp-block-heading has-text-align-center has-black-color has-text-color\"><strong>Sesiunea live<\/strong><\/h2>\n\n\n\n<h4 class=\"wp-block-heading has-text-align-center has-black-color has-text-color\">6 decembrie 11:00 CET &#8211; 7 decembrie 18:30 CET<\/h4>\n\n\n\n<div style=\"height:43px\" aria-hidden=\"true\" class=\"wp-block-spacer\"><\/div>\n\n\n\n<h4 class=\"wp-block-heading has-black-color has-text-color has-link-color wp-elements-bf93e07623c4409a445edbc44cf8f191\" style=\"font-size:22px\"><strong>Taxa de participare<\/strong><\/h4>\n\n\n\n<ul class=\"is-style-none\">\n<li>Early bird (pan\u0103 pe 13 Noiembrie, 00:00 ora Rom\u00e2niei) &#8212; 110\u20ac<\/li>\n\n\n\n<li>Last minute &#8212; 150\u20ac<\/li>\n\n\n\n<li><\/li>\n\n\n\n<li>\u2756 Taxa de participare nu este rambursabil\u0103!<\/li>\n<\/ul>\n\n\n\n<h3 class=\"wp-block-heading has-black-color has-text-color has-link-color wp-elements-8dc4680e68d7e5c643034198c8aced7d\" style=\"font-size:22px\"><strong><strong>Dore\u0219ti s\u0103 te \u00eenscrii la evenimentul online live ?<\/strong><\/strong><\/h3>\n\n\n\n<ul class=\"is-style-none\">\n<li><strong>Prin plat\u0103 cash la centul nostru din Cluj-Napoca sau prin card credit\/debit <\/strong><\/li>\n\n\n\n<li>Pl\u0103te\u0219te 110\u20ac (early bird)<\/li>\n\n\n\n<li><a href=\"https:\/\/nicolaecatrina.com\/confirmare-comanda\/?buy-now=24771\" class=\"ek-link\">Pl\u0103te\u0219te 150\u20ac<\/a> (last minute)<\/li>\n<\/ul>\n\n\n\n<ul class=\"is-style-none\">\n<li>\u2756 Pentru evenimentul live vom folosi aplica\u021bia Zoom. Linkul \u0219i parola pentru conectarea pe platforma online Zoom v\u0103 vor fi trimise prin e-mail cu o zi \u00eenainte de \u00eenceperea evenimentului live. Acestea nu trebuie distribuite altor persoane.<\/li>\n\n\n\n<li>\u2756 Dup\u0103 ce trimitem e-mailul cu informa\u021biile necesare tuturor participan\u021bilor, nu ne asum\u0103m responsabilitatea dac\u0103 cineva particip\u0103 sau nu la eveniment, ori dac\u0103, din motive care nu au leg\u0103tur\u0103 cu noi, nu particip\u0103 la  vizionarea unor secven\u021be din seria de seminarii. De asemenea, este responsabilitatea dumneavoastr\u0103 s\u0103 ne contacta\u021bi din timp dac\u0103, din orice motiv, nu a\u021bi primit informa\u021biile necesare pentru a v\u0103 al\u0103tura evenimentului live.<\/li>\n\n\n\n<li>\u2756 FOARTE IMPORTANT! V\u0103 rug\u0103m s\u0103 v\u0103 conecta\u021bi la webinarele de pe platforma Zoom folosind numele \u0219i prenumele cu care v-a\u021bi \u00eenscris. Dac\u0103 folosi\u021bi un alt nume pe care nu \u00eel putem identifica \u00een lista de participan\u021bi, ve\u021bi fi elimina\u021bi din sesiune \u0219i nu ve\u021bi putea reintra, iar con\u021binutul pierdut nu va putea fi recuperat. V\u0103 rug\u0103m s\u0103 v\u0103 conecta\u021bi de pe un singur dispozitiv, nu de pe mai multe, \u0219i s\u0103 verifica\u021bi \u00een mod regulat chatul, \u00een cazul \u00een care este nevoie s\u0103 v\u0103 contact\u0103m.<\/li>\n\n\n\n<li>\u2756 Dac\u0103 v-a\u021bi \u00eenscris doar pentru evenimentul live, dar nu pute\u021bi participa \u0219i, \u00een consecin\u021b\u0103, dori\u021bi transferul c\u0103tre sesiunea de reluare (replay), v\u0103 rug\u0103m s\u0103 ne anun\u021ba\u021bi \u0219i s\u0103 primi\u021bi confirmarea noastr\u0103 \u00eenainte de \u00eenceperea retreat-ului.<\/li>\n\n\n\n<li>\u2756 Am creat un canal de Telegram prin intermediul c\u0103ruia v\u0103 vom trimite memento-uri, notific\u0103ri \u0219i materiale. Linkul de acces v\u0103 va fi trimis prin e-mail.<\/li>\n<\/ul>\n\n\n\n<div style=\"height:50px\" aria-hidden=\"true\" class=\"wp-block-spacer\"><\/div>\n<\/div><\/div>\n\n\n\n<div style=\"height:52px\" aria-hidden=\"true\" class=\"wp-block-spacer\"><\/div>\n\n\n\n<h3 class=\"wp-block-heading\" style=\"font-size:22px\"><strong>Traducere<\/strong><\/h3>\n\n\n\n<p>Oferim traducere simultan\u0103 \u00een limba rom\u00e2n\u0103.<\/p>\n\n\n\n<h3 class=\"wp-block-heading\" style=\"font-size:22px\"><strong>Programul evenimentului<\/strong><\/h3>\n\n\n\n<div class=\"wp-block-group has-black-background-color has-background\"><div class=\"wp-block-group__inner-container is-layout-constrained wp-block-group-is-layout-constrained\">\n<div class=\"wp-block-columns is-style-default has-black-color has-text-color has-background has-black-color is-layout-flex wp-container-core-columns-is-layout-3 wp-block-columns-is-layout-flex\" style=\"background-color:#fdfaef\">\n<div class=\"wp-block-column has-black-color has-text-color has-black-color is-layout-flow wp-block-column-is-layout-flow\" style=\"flex-basis:33.33%\">\n<p class=\"has-black-color has-text-color\"><strong>S\u00e2mb\u0103t\u0103, 6 Decembrie<\/strong><\/p>\n<\/div>\n\n\n\n<div class=\"wp-block-column is-layout-flow wp-block-column-is-layout-flow\" style=\"flex-basis:66.66%\">\n<p class=\"has-black-color has-text-color\">11:00 \u2013 13:30 CET, 16:00 &#8211; 18:30 CET, 20:00 &#8211; 21:30 CET<\/p>\n<\/div>\n<\/div>\n\n\n\n<div class=\"wp-block-columns is-style-gapless has-black-color has-text-color has-background has-black-color is-layout-flex wp-container-core-columns-is-layout-4 wp-block-columns-is-layout-flex\" style=\"background-color:#fdfaef\">\n<div class=\"wp-block-column has-background is-layout-flow wp-block-column-is-layout-flow\" style=\"background-color:#fdfaef;flex-basis:33.33%\">\n<p class=\"has-black-color has-text-color\"><strong>Duminic\u0103, 7 Decembrie<\/strong><\/p>\n<\/div>\n\n\n\n<div class=\"wp-block-column has-background is-layout-flow wp-block-column-is-layout-flow\" style=\"background-color:#fdfaef;flex-basis:66.66%\">\n<p class=\"has-black-color has-text-color\">11:00 \u2013 13:30 CET, 16:00 &#8211; 18:30 CET<\/p>\n<\/div>\n<\/div>\n<\/div><\/div>\n\n\n\n<div style=\"height:63px\" aria-hidden=\"true\" class=\"wp-block-spacer\"><\/div>\n\n\n\n<div class=\"wp-block-cover is-light is-style-editorskit-shadow\" style=\"min-height:168px;aspect-ratio:unset;\"><span aria-hidden=\"true\" class=\"wp-block-cover__background has-background-dim-100 has-background-dim\" style=\"background-color:#f6e4ae\"><\/span><div class=\"wp-block-cover__inner-container is-layout-flow wp-block-cover-is-layout-flow\">\n<h2 class=\"wp-block-heading has-text-align-center has-black-color has-text-color\"><strong>Sesiunea de recuper\u0103ri pe baza \u00eenregistr\u0103rilor<\/strong><\/h2>\n\n\n\n<h4 class=\"wp-block-heading has-text-align-center has-black-color has-text-color\">Prima reluare: 20 decembrie 10:00 CET (11:00 ora Rom\u00e2niei) &#8211; 21 decembrie 21:00 CET (22:00 ora Rom\u00e2niei)<\/h4>\n\n\n\n<h4 class=\"wp-block-heading has-text-align-center has-black-color has-text-color has-link-color wp-elements-537186e8a9a629147d5434cb0b8d7de7\">A doua reluare: 31 ianuarie 10:00 CET (11:00 ora Rom\u00e2niei)  &#8211; 1 februarie 21:00 CET (22:00 ora Rom\u00e2niei)<\/h4>\n\n\n\n<div style=\"height:43px\" aria-hidden=\"true\" class=\"wp-block-spacer\"><\/div>\n\n\n\n<ul class=\"is-style-none\">\n<li><br>\u2756&nbsp;Aceast\u0103 op\u021biune este valabil\u0103 \u0219i pentru vorbitorii de limb\u0103 rom\u00e2n\u0103 prin selectarea canalului de traducere.<\/li>\n\n\n\n<li>\u2756&nbsp;\u00cen ziua dedicat\u0103 recuper\u0103rilor, la ora 10:00 CET (11:00 ora Rom\u00e2niei), vom trimite un e-mail cu link-urile si parolele necesare revizion\u0103rii workshop-ului. Dac\u0103 dup\u0103 aceast\u0103 or\u0103 nu g\u0103si\u021bi \u00een c\u0103su\u021ba de Inbox sau \u00een cea de Spam email-ul respectiv, v\u0103 rug\u0103m s\u0103 ne contacta\u021bi \u00een cel mai scurt timp posibil pe adresa noastr\u0103 de email: <a href=\"mailto:contact@nicolaecatrina.com\" class=\"ek-link\">contact@nicolaecatrina.com<\/a>. Link-urile pentru revizionare vor r\u0103m\u00e2ne active p\u00e2n\u0103 la orele indicate mai sus. V\u0103 rug\u0103m s\u0103 v\u0103 \u00eencadra\u021bi cu revizionarea \u00een acest interval. Nu vor fi prelungiri.<\/li>\n\n\n\n<li>\u2756&nbsp;Taxa de participare nu este rambursabil\u0103 dec\u00e2t \u00een cazul \u00een care evenimentul nu se sus\u021bine.<\/li>\n\n\n\n<li>\u2756&nbsp;Odat\u0103 trimis mail-ul care con\u021bine datele necesare revizion\u0103rii, nu este \u00een niciun fel responsabilitatea noastr\u0103 dac\u0103 participa\u021bi sau nu la acest eveniment, sau dac\u0103 participa\u021bi par\u021bial. De asemenea, este responsabilitatea dumneavoastr\u0103 s\u0103 ne anun\u021ba\u021bi \u00een timp util, dac\u0103, indiferent de motiv, nu a\u021bi primit datele de logare.<\/li>\n\n\n\n<li>\u2756 Nu suntem de acord cu \u00eenregistrarea audio-video a acestui eveniment.<\/li>\n\n\n\n<li>\u2756 V\u0103 rug\u0103m s\u0103 da\u021bi dovad\u0103 de corectitudine \u0219i s\u0103 nu participa\u021bi la aceast\u0103 revizionare \u00eempreun\u0103 cu alte persoane care nu au achitat taxa de participare.<\/li>\n<\/ul>\n\n\n\n<h3 class=\"wp-block-heading has-black-color has-text-color has-link-color wp-elements-926aae0a65f4510856eff0632c391730\" style=\"font-size:22px\"><strong>Metode de plat\u0103<\/strong><\/h3>\n\n\n\n<ul class=\"is-style-none\">\n<li><strong>Cash la centul nostru din Cluj-Napoca sau prin card credit\/debit <\/strong>\n<ul>\n<li>  Pl\u0103tesc 110\u20ac (early bird)\n<ul>\n<li>  <a href=\"https:\/\/nicolaecatrina.com\/confirmare-comanda\/?buy-now=24897\" class=\"ek-link\">Pl\u0103tesc 150\u20ac<\/a> (last minute)<\/li>\n<\/ul>\n<\/li>\n<\/ul>\n<\/li>\n\n\n\n<li>Dac\u0103 a\u021bi participat la acest eveniment si dori\u021bi sa \u00eel viziona\u021bi din nou, o pute\u021bi face cu o tax\u0103 suplimentar\u0103 de 100 de lei\n<ul>\n<li>  <a href=\"https:\/\/nicolaecatrina.com\/confirmare-comanda\/?buy-now=25873\" class=\"ek-link\">Pl\u0103tesc 100 lei<\/a> (revizionare)<\/li>\n<\/ul>\n<\/li>\n<\/ul>\n\n\n\n<div style=\"height:50px\" aria-hidden=\"true\" class=\"wp-block-spacer\"><\/div>\n<\/div><\/div>\n\n\n\n<div style=\"height:48px\" aria-hidden=\"true\" class=\"wp-block-spacer\"><\/div>\n\n\n\n<div class=\"wp-block-group\"><div class=\"wp-block-group__inner-container is-layout-constrained wp-block-group-is-layout-constrained\">\n<ul class=\"is-style-none\">\n<li>\u2756 Pentru detalii v\u0103 rug\u0103m s\u0103 ne contacta\u021bi la <a href=\"mailto:contact@nicolaecatrina.com\" class=\"ek-link\">contact@nicolaecatrina.com<\/a><\/li>\n\n\n\n<li><\/li>\n<\/ul>\n<\/div><\/div>\n\n\n\n<p><\/p>\n<\/div><\/div>\n\n\n\n<div style=\"height:32px\" aria-hidden=\"true\" class=\"wp-block-spacer\"><\/div>\n\n\n\n<div style=\"height:40px\" aria-hidden=\"true\" class=\"wp-block-spacer\"><\/div>","protected":false},"excerpt":{"rendered":"<p>Workshop intensiv dedicat aprofund\u0103rii ini\u021bierii \u00een Mahamrityunjaya Mantra 6-7 decembrie 2025, Online &#8211; cu Nicolae Catrina (Adinathananda) &#8211; Condi\u021bii de participare Traducere Oferim traducere simultan\u0103 \u00een limba rom\u00e2n\u0103. Programul evenimentului S\u00e2mb\u0103t\u0103, 6 Decembrie 11:00 \u2013 13:30 CET, 16:00 &#8211; 18:30 CET, 20:00 &#8211; 21:30 CET Duminic\u0103, 7 Decembrie 11:00 \u2013 13:30 CET, 16:00 &#8211; 18:30 &hellip;<\/p>\n<p class=\"read-more\"> <a class=\"\" href=\"https:\/\/nicolaecatrina.com\/ro\/kashmir-shaivism-follow-up-intensive-workshop\/\"> <span class=\"screen-reader-text\">Kashmir Shaivism Follow up Intensive Workshop<\/span> Read More &raquo;<\/a><\/p>","protected":false},"author":1,"featured_media":0,"parent":0,"menu_order":0,"comment_status":"closed","ping_status":"closed","template":"","meta":{"_acf_changed":false,"_editorskit_title_hidden":false,"_editorskit_reading_time":0,"_editorskit_is_block_options_detached":false,"_editorskit_block_options_position":"{}","footnotes":""},"acf":[],"_links":{"self":[{"href":"https:\/\/nicolaecatrina.com\/ro\/wp-json\/wp\/v2\/pages\/24616"}],"collection":[{"href":"https:\/\/nicolaecatrina.com\/ro\/wp-json\/wp\/v2\/pages"}],"about":[{"href":"https:\/\/nicolaecatrina.com\/ro\/wp-json\/wp\/v2\/types\/page"}],"author":[{"embeddable":true,"href":"https:\/\/nicolaecatrina.com\/ro\/wp-json\/wp\/v2\/users\/1"}],"replies":[{"embeddable":true,"href":"https:\/\/nicolaecatrina.com\/ro\/wp-json\/wp\/v2\/comments?post=24616"}],"version-history":[{"count":74,"href":"https:\/\/nicolaecatrina.com\/ro\/wp-json\/wp\/v2\/pages\/24616\/revisions"}],"predecessor-version":[{"id":25901,"href":"https:\/\/nicolaecatrina.com\/ro\/wp-json\/wp\/v2\/pages\/24616\/revisions\/25901"}],"wp:attachment":[{"href":"https:\/\/nicolaecatrina.com\/ro\/wp-json\/wp\/v2\/media?parent=24616"}],"curies":[{"name":"wp","href":"https:\/\/api.w.org\/{rel}","templated":true}]}}