
{"id":22908,"date":"2025-05-19T12:59:27","date_gmt":"2025-05-19T12:59:27","guid":{"rendered":"https:\/\/nicolaecatrina.com\/en\/?page_id=22908"},"modified":"2025-12-10T18:26:13","modified_gmt":"2025-12-10T18:26:13","slug":"initiere-in-vijnana-bhairava-tantra-2","status":"publish","type":"page","link":"https:\/\/nicolaecatrina.com\/ro\/initiere-in-vijnana-bhairava-tantra-2\/","title":{"rendered":"Ini\u021biere \u00een Vijnana Bhairava Tantra"},"content":{"rendered":"<h3 class=\"wp-block-heading has-text-align-center\">Ini\u021biere \u00een procedeele de iluminare spiritual\u0103 ce sunt cuprinse \u00een tratatul ezoteric <\/h3>\n\n\n\n<h2 class=\"wp-block-heading has-text-align-center\"><strong>Vijnana Bhairava Tantra<\/strong><\/h2>\n\n\n\n<h3 class=\"wp-block-heading has-text-align-center has-black-color has-text-color has-link-color has-medium-font-size wp-elements-13bf165927f5abfc312748996ec443aa\">serie de seminarii online fiecare dintre ele adres\u00e2nd c\u00e2te o sutra<\/h3>\n\n\n\n<p class=\"has-text-align-center has-text-color has-link-color has-medium-font-size wp-elements-b197bbed410ccdba9c8410fd87b570b0\" style=\"color:#5e5e5efc\">cu Nicolae Catrina<\/p>\n\n\n\n<div style=\"height:100px\" aria-hidden=\"true\" class=\"wp-block-spacer\"><\/div>\n\n\n\n<div style=\"height:63px\" aria-hidden=\"true\" class=\"wp-block-spacer\"><\/div>\n\n\n\n<ul class=\"is-style-none\">\n<li>Vijnana Bhairava Tantra este un manual universal de \u00een\u021belepciune practic\u0103, el oferind un vast ansamblu de metode de realizare spiritual\u0103. <\/li>\n\n\n\n<li>\u00cen acest tratat str\u0103vechi este revelat\u0103 arta secret\u0103 prin care aproape fiecare situa\u021bie de via\u021b\u0103 poate deveni o form\u0103 particular\u0103 de yoga. \u00cen felul acesta, \u00eens\u0103\u0219i via\u021ba noastr\u0103 de fiecare zi ne poate oferi ocazia minunat\u0103 de a descoperi cine suntem cu adev\u0103rat, de a ne revela natura esen\u021bial\u0103 (Sinele suprem, Atman) \u0219i, \u00een plus, vom aduce o calitate net superioar\u0103 \u00eentregii noastre vie\u021bi. <\/li>\n\n\n\n<li>A\u0219adar, chiar \u0219i dac\u0103 nu dispunem de prea mult timp pentru o practic\u0103 yoga obi\u0219nuit\u0103, putem integra \u00een\u021belepciunea \u00eenv\u0103\u021b\u0103turilor din Vijnana Bhairava Tantra \u00een via\u021ba noastr\u0103 de zi cu zi, fiecare dintre metodele acestui tratat oferindu-ne, \u00een felul ei, aceast\u0103 posibilitate.<\/li>\n\n\n\n<li>\u00cen cadrul acestei serii de seminarii vor fi oferite \u0219i exemplificate practic, \u00eentr-o manier\u0103 pe deplin accesibil\u0103, dar \u0219i extraordinar de eficient\u0103, unele dintre modalit\u0103\u021bile ezoterice ale tratatului Vijnana Bhairava Tantra. <\/li>\n\n\n\n<li>Toate aceste metode sunt autonome \u0219i complete \u00een ele \u00eensele, astfel c\u0103 participarea la oricare dintre ini\u021bieri nu este condi\u021bionat\u0103 de participarea la cele precedente.<\/li>\n<\/ul>\n\n\n\n<div style=\"height:32px\" aria-hidden=\"true\" class=\"wp-block-spacer\"><\/div>\n\n\n\n<h3 class=\"wp-block-heading\">Modul de desf\u0103\u0219urare al relu\u0103rilor pe baza \u00eenregistr\u0103rilor video:<\/h3>\n\n\n\n<ul class=\"is-style-none\">\n<li>\u2756 Pe m\u0103sur\u0103 ce vor avea loc, vom face disponibile aceste seminarii \u0219i \u00een varianta \u201cla cerere\u201d.<\/li>\n\n\n\n<li>\u2756 Durata unui seminar este de aproximativ 2 ore si 30 de minute.<\/li>\n\n\n\n<li>\u2756 Dup\u0103 achitarea taxei de participare, ve\u021bi fi contactat(\u0103) de un membru al echipei noastre pentru a stabili ziua din timpul s\u0103pt\u0103m\u00e2nii \u00een care alege\u021bi s\u0103 viziona\u021bi \u00eenregistrarea. Odat\u0103 trimis link-ul de acces la \u00eenfegistrare, nu este nici \u00eentr-un fel responsabilitatea noastr\u0103 prezen\u021ba, prezen\u021ba par\u021bial\u0103 sau absen\u021ba dumneavoastr\u0103 de la respectiva vizionare. Dac\u0103 nu primi\u021bi mail-ul cu detaliile necesare vizion\u0103rii la termenul stabilit, este absolut necesar s\u0103 ne contacta\u021bi pentru a-l retrimite. Nu uita\u021bi s\u0103 verifica\u021bi \u0219i c\u0103su\u021ba de Spam. Dac\u0103 nu ne contacta\u021bi \u00een timp util ave\u021bi \u00een vedere faptul c\u0103 nu va fi prelungit intervalul alocat vizionarii \u00eenregistr\u0103rii \u0219i risca\u021bi s\u0103 ave\u021bi acces la ea par\u021bial.<\/li>\n\n\n\n<li>\u2756 Nu permitem \u00eenregistrarea audio-video a acestui workshop.<\/li>\n<\/ul>\n\n\n\n<h3 class=\"wp-block-heading\">Taxa de participare<\/h3>\n\n\n\n<ul class=\"is-style-none\">\n<li>135 RON<\/li>\n\n\n\n<li>Taxa de participare nu este rambursabil\u0103.<\/li>\n<\/ul>\n\n\n\n<ul class=\"is-style-none\">\n<li>\u2756 Prin \u00eenscrierea la acest eveniment sunte\u021bi de acord cu <a href=\"https:\/\/nicolaecatrina.com\/ro\/termeni-si-conditii\/\" class=\"ek-link\">Termenii \u0219i condi\u021biile<\/a>.<\/li>\n\n\n\n<li>\u2756 Dac\u0103 ave\u021bi nevoie de asisten\u021b\u0103, v\u0103 rug\u0103m s\u0103 ne contacta\u021bi pe adresa de mail: <a href=\"mailto:contact@nicolaecatrina.com\" class=\"ek-link\">contact@nicolaecatrina.com<\/a><\/li>\n<\/ul>\n\n\n\n<div style=\"height:49px\" aria-hidden=\"true\" class=\"wp-block-spacer\"><\/div>\n\n\n\n<div class=\"wp-block-columns is-style-default is-layout-flex wp-container-core-columns-is-layout-3 wp-block-columns-is-layout-flex\">\n<div class=\"wp-block-column is-layout-flow wp-block-column-is-layout-flow\">\n<div class=\"wp-block-columns is-style-default is-layout-flex wp-container-core-columns-is-layout-1 wp-block-columns-is-layout-flex\">\n<div class=\"wp-block-column has-white-color has-text-color has-link-color has-white-color wp-elements-32d91b4ae4038983c600d0539a1ba2cc is-layout-flow wp-block-column-is-layout-flow\">\n<div class=\"wp-block-buttons is-content-justification-center is-layout-flex wp-container-core-buttons-is-layout-1 wp-block-buttons-is-layout-flex\"><\/div>\n\n\n\n<div class=\"wp-block-cover is-style-default ek-linked-block\" style=\"min-height:247px;aspect-ratio:unset;\"><span aria-hidden=\"true\" class=\"wp-block-cover__background has-background-dim-30 has-background-dim\"><\/span><img loading=\"lazy\" decoding=\"async\" width=\"1280\" height=\"960\" class=\"wp-block-cover__image-background wp-image-22953\" alt=\"\" src=\"https:\/\/nicolaecatrina.com\/wp-content\/uploads\/2025\/05\/photo_2025-05-19-15.55.25-1.jpeg\" data-object-fit=\"cover\" srcset=\"https:\/\/nicolaecatrina.com\/wp-content\/uploads\/2025\/05\/photo_2025-05-19-15.55.25-1.jpeg 1280w, https:\/\/nicolaecatrina.com\/wp-content\/uploads\/2025\/05\/photo_2025-05-19-15.55.25-1-300x225.jpeg 300w, https:\/\/nicolaecatrina.com\/wp-content\/uploads\/2025\/05\/photo_2025-05-19-15.55.25-1-700x525.jpeg 700w, https:\/\/nicolaecatrina.com\/wp-content\/uploads\/2025\/05\/photo_2025-05-19-15.55.25-1-768x576.jpeg 768w, https:\/\/nicolaecatrina.com\/wp-content\/uploads\/2025\/05\/photo_2025-05-19-15.55.25-1-16x12.jpeg 16w, https:\/\/nicolaecatrina.com\/wp-content\/uploads\/2025\/05\/photo_2025-05-19-15.55.25-1-1000x750.jpeg 1000w\" sizes=\"(max-width: 1280px) 100vw, 1280px\" \/><div class=\"wp-block-cover__inner-container is-layout-flow wp-block-cover-is-layout-flow\">\n<p class=\"has-text-align-left has-line-height has-white-color has-text-color has-medium-font-size\"><a href=\"\/subscribe-VBT-S1\">Doresc s\u0103 vizionez seminarul 1<\/a><h3 style=\"font-size:18px\">durata:2h 30min<\/h3><\/p>\n<\/div><a href=\"\/subscribe-VBT-S1\" class=\"editorskit-block-link\" rel=\"\"><\/a><\/div>\n<\/div>\n<\/div>\n<\/div>\n\n\n\n<div class=\"wp-block-column is-layout-flow wp-block-column-is-layout-flow\">\n<div class=\"wp-block-columns is-style-default is-layout-flex wp-container-core-columns-is-layout-2 wp-block-columns-is-layout-flex\">\n<div class=\"wp-block-column has-white-color has-text-color has-link-color has-white-color wp-elements-2c4333656cb77fb6ff0730ebbb0e840c is-layout-flow wp-block-column-is-layout-flow\">\n<div class=\"wp-block-buttons is-content-justification-center is-layout-flex wp-container-core-buttons-is-layout-2 wp-block-buttons-is-layout-flex\"><\/div>\n\n\n\n<div class=\"wp-block-cover is-style-default ek-linked-block\" style=\"min-height:247px;aspect-ratio:unset;\"><span aria-hidden=\"true\" class=\"wp-block-cover__background has-background-dim-30 has-background-dim\"><\/span><img loading=\"lazy\" decoding=\"async\" width=\"1280\" height=\"960\" class=\"wp-block-cover__image-background wp-image-25144\" alt=\"\" src=\"https:\/\/nicolaecatrina.com\/wp-content\/uploads\/2025\/11\/Alchimia-emotionala.jpeg\" data-object-fit=\"cover\" srcset=\"https:\/\/nicolaecatrina.com\/wp-content\/uploads\/2025\/11\/Alchimia-emotionala.jpeg 1280w, https:\/\/nicolaecatrina.com\/wp-content\/uploads\/2025\/11\/Alchimia-emotionala-300x225.jpeg 300w, https:\/\/nicolaecatrina.com\/wp-content\/uploads\/2025\/11\/Alchimia-emotionala-700x525.jpeg 700w, https:\/\/nicolaecatrina.com\/wp-content\/uploads\/2025\/11\/Alchimia-emotionala-768x576.jpeg 768w, https:\/\/nicolaecatrina.com\/wp-content\/uploads\/2025\/11\/Alchimia-emotionala-16x12.jpeg 16w, https:\/\/nicolaecatrina.com\/wp-content\/uploads\/2025\/11\/Alchimia-emotionala-1000x750.jpeg 1000w\" sizes=\"(max-width: 1280px) 100vw, 1280px\" \/><div class=\"wp-block-cover__inner-container is-layout-flow wp-block-cover-is-layout-flow\">\n<p class=\"has-text-align-left has-line-height has-white-color has-text-color has-medium-font-size\"><a href=\"\/subscribe-VBT-S2\">Doresc s\u0103 vizionez seminarul 2<\/a><h3 style=\"font-size:18px\">durata:3h<\/h3><\/p>\n<\/div><a href=\"\/subscribe-VBT-S2\" class=\"editorskit-block-link\" rel=\"\"><\/a><\/div>\n<\/div>\n<\/div>\n<\/div>\n\n\n\n<div class=\"wp-block-column is-layout-flow wp-block-column-is-layout-flow\"><\/div>\n<\/div>","protected":false},"excerpt":{"rendered":"<p>Ini\u021biere \u00een procedeele de iluminare spiritual\u0103 ce sunt cuprinse \u00een tratatul ezoteric Vijnana Bhairava Tantra serie de seminarii online fiecare dintre ele adres\u00e2nd c\u00e2te o sutra cu Nicolae Catrina Modul de desf\u0103\u0219urare al relu\u0103rilor pe baza \u00eenregistr\u0103rilor video: Taxa de participare<\/p>","protected":false},"author":1,"featured_media":0,"parent":0,"menu_order":0,"comment_status":"closed","ping_status":"closed","template":"","meta":{"_acf_changed":false,"_editorskit_title_hidden":false,"_editorskit_reading_time":0,"_editorskit_is_block_options_detached":false,"_editorskit_block_options_position":"{}","footnotes":""},"acf":[],"_links":{"self":[{"href":"https:\/\/nicolaecatrina.com\/ro\/wp-json\/wp\/v2\/pages\/22908"}],"collection":[{"href":"https:\/\/nicolaecatrina.com\/ro\/wp-json\/wp\/v2\/pages"}],"about":[{"href":"https:\/\/nicolaecatrina.com\/ro\/wp-json\/wp\/v2\/types\/page"}],"author":[{"embeddable":true,"href":"https:\/\/nicolaecatrina.com\/ro\/wp-json\/wp\/v2\/users\/1"}],"replies":[{"embeddable":true,"href":"https:\/\/nicolaecatrina.com\/ro\/wp-json\/wp\/v2\/comments?post=22908"}],"version-history":[{"count":38,"href":"https:\/\/nicolaecatrina.com\/ro\/wp-json\/wp\/v2\/pages\/22908\/revisions"}],"predecessor-version":[{"id":25418,"href":"https:\/\/nicolaecatrina.com\/ro\/wp-json\/wp\/v2\/pages\/22908\/revisions\/25418"}],"wp:attachment":[{"href":"https:\/\/nicolaecatrina.com\/ro\/wp-json\/wp\/v2\/media?parent=22908"}],"curies":[{"name":"wp","href":"https:\/\/api.w.org\/{rel}","templated":true}]}}