
{"id":16442,"date":"2024-01-12T10:40:34","date_gmt":"2024-01-12T10:40:34","guid":{"rendered":"https:\/\/nicolaecatrina.com\/en\/?page_id=16442"},"modified":"2024-01-22T13:34:25","modified_gmt":"2024-01-22T13:34:25","slug":"live-event","status":"publish","type":"page","link":"https:\/\/nicolaecatrina.com\/ro\/live-event-din-2024-cel-mai-bun-an-al-tau\/","title":{"rendered":"F\u0103 din 2024 cel mai bun an spiritual al t\u0103u"},"content":{"rendered":"<h2 class=\"wp-block-heading has-text-align-center has-text-color has-link-color wp-elements-ac1f2619e22021c972cb5f3e80d63825\" style=\"color:#c8a94c\"><strong>F\u0103 din 2024 cel mai bun an spiritual al t\u0103u<\/strong><\/h2>\n\n\n\n<h3 class=\"wp-block-heading has-text-align-center has-text-color has-link-color wp-elements-5da4fce58a9fac63981237b0e0df4002\" style=\"color:#c8a94c\">cu Nicolae Catrina<\/h3>\n\n\n\n<p class=\"has-black-color has-text-color has-link-color wp-elements-0651e0badec585db474bce2bd4b7ad8b\">Probabil c\u0103 de multe ori, la \u00eenceput de an, \u021bi-ai fixat o serie de obiective spirituale pentru anul care abia \u00eencepea, dar \u00een finalul acestuia \u021bi-ai dat seama cu obiectivitate c\u0103 nu ai reu\u0219it s\u0103-\u021bi realizezi acele obiective dec\u00e2t \u00eentr-o mic\u0103, sau foarte mic\u0103 m\u0103sur\u0103.&nbsp;<\/p>\n\n\n\n<p class=\"has-black-color has-text-color has-link-color wp-elements-440854654326fec713dea6d3dca22e01\">Care sunt de fapt ingredientele necesare atingerii succesului spiritual \u0219i care sunt obstacolele care te-ar putea \u00eempiedica s\u0103-l ob\u021bii?<\/p>\n\n\n\n<p class=\"has-black-color has-text-color has-link-color wp-elements-84e9e4d1c7c36f6e4c2e787f691a60ce\">La aceste \u00eentreb\u0103ri vom r\u0103spunde detaliat, \u00een cadrul \u00eent\u00e2lnirii la care v\u0103 invit\u0103m cu drag. <\/p>\n\n\n\n<div style=\"height:37px\" aria-hidden=\"true\" class=\"wp-block-spacer\"><\/div>\n\n\n\n<div class=\"wp-block-cover is-light is-style-editorskit-shadow\" style=\"min-height:100px;aspect-ratio:unset;\"><span aria-hidden=\"true\" class=\"wp-block-cover__background has-background-dim-100 has-background-dim\" style=\"background-color:#f6e4ae\"><\/span><div class=\"wp-block-cover__inner-container is-layout-flow wp-block-cover-is-layout-flow\">\n<h3 class=\"wp-block-heading has-text-align-left has-black-color has-text-color\"><strong>Pentru cei care doresc s\u0103 participe fizic la acest eveniment pe 14 februarie, 18:30 &#8211; 20:30, \u00een Cluj Napoca<\/strong><\/h3>\n\n\n\n<h4 class=\"wp-block-heading has-text-align-left has-black-color has-text-color\" style=\"font-size:22px\"><strong>Loca\u021bia<\/strong><\/h4>\n\n\n\n<p>Centrul Self Awakening, str. Callatis 27, Cluj-Napoca<\/p>\n\n\n\n<h4 class=\"wp-block-heading has-black-color has-text-color\" style=\"font-size:22px\"><strong>Taxa de participare<\/strong> <\/h4>\n\n\n\n<p>Fiind un eveniment caritabil, po\u021bi participa pe baz\u0103 de dona\u021bie cu suma pe care o alege\u021bi.<\/p>\n\n\n\n<h4 class=\"wp-block-heading has-black-color has-text-color\" style=\"font-size:22px\"><strong>Dore\u0219ti s\u0103 te \u00eenscrii la evenimentul de la sal\u0103 ? Urmeaz\u0103 pa\u0219ii de mai jos:<\/strong><\/h4>\n\n\n\n<p>1. Sun\u0103 la tel. 0732233377 \u0219i f\u0103 o programare pentru a achita dona\u021bia la Centrul Self Awakening, de pe str. Callatis 27, Cluj-Napoca<\/p>\n\n\n\n<p>2. Cu dovada achit\u0103rii dona\u021biei, pe care o vei primi de la noi, completeaz\u0103 formularul de mai jos.\u00a0<\/p>\n\n\n\n<p>3. Odat\u0103 ce ai achitat dona\u021bia \u0219i ai completat formularul, locul la sal\u0103 \u00ee\u021bi este rezervat. Cu o zi \u00eenainte de \u00eenceperea evenimentul vei primi de la noi un email de reminder.&nbsp;<\/p>\n\n\n\n<p>Locurile la sala sunt limitate \u0219i rezervarea lor se face doar parcurg\u00e2nd pa\u0219ii de mai sus.<\/p>\n\n\n\n<div role=\"form\" class=\"wpcf7\" id=\"wpcf7-f16572-o1\" lang=\"en-US\" dir=\"ltr\">\n<div class=\"screen-reader-response\"><p role=\"status\" aria-live=\"polite\" aria-atomic=\"true\"><\/p> <ul><\/ul><\/div>\n<form action=\"\/ro\/wp-json\/wp\/v2\/pages\/16442#wpcf7-f16572-o1\" method=\"post\" class=\"wpcf7-form init\" enctype=\"multipart\/form-data\" novalidate=\"novalidate\" data-status=\"init\" data-trp-original-action=\"\/ro\/wp-json\/wp\/v2\/pages\/16442#wpcf7-f16572-o1\">\n<div style=\"display: none;\">\n<input type=\"hidden\" name=\"_wpcf7\" value=\"16572\" \/>\n<input type=\"hidden\" name=\"_wpcf7_version\" value=\"5.6.4\" \/>\n<input type=\"hidden\" name=\"_wpcf7_locale\" value=\"en_US\" \/>\n<input type=\"hidden\" name=\"_wpcf7_unit_tag\" value=\"wpcf7-f16572-o1\" \/>\n<input type=\"hidden\" name=\"_wpcf7_container_post\" value=\"0\" \/>\n<input type=\"hidden\" name=\"_wpcf7_posted_data_hash\" value=\"\" \/>\n<\/div>\n<p><b>Formular de \u00eenscriere cu participare fizic\u0103<\/b>\n<\/p>\n<p>nume complet <span class=\"wpcf7-form-control-wrap\" data-name=\"student-name\"><input type=\"text\" name=\"student-name\" value=\"\" size=\"40\" class=\"wpcf7-form-control wpcf7-text wpcf7-validates-as-required\" aria-required=\"true\" aria-invalid=\"false\" \/><\/span> <\/p>\n<p>email <span class=\"wpcf7-form-control-wrap\" data-name=\"student-email\"><input type=\"email\" name=\"student-email\" value=\"\" size=\"40\" class=\"wpcf7-form-control wpcf7-text wpcf7-email wpcf7-validates-as-required wpcf7-validates-as-email\" aria-required=\"true\" aria-invalid=\"false\" \/><\/span> <\/p>\n<p>dovada pl\u0103\u021bii <span class=\"wpcf7-form-control-wrap\" data-name=\"file-op\"><input type=\"file\" name=\"file-op\" size=\"40\" class=\"wpcf7-form-control wpcf7-file wpcf7-validates-as-required\" accept=\"image\/*,.txt,application\/pdf\" aria-required=\"true\" aria-invalid=\"false\" \/><\/span><\/p>\n<p><input type=\"submit\" value=\"Send\" class=\"wpcf7-form-control has-spinner wpcf7-submit\" \/><\/p>\n<p style=\"display: none !important;\" class=\"akismet-fields-container\" data-prefix=\"_wpcf7_ak_\"><label>&#916;<textarea name=\"_wpcf7_ak_hp_textarea\" cols=\"45\" rows=\"8\" maxlength=\"100\"><\/textarea><\/label><input type=\"hidden\" id=\"ak_js_1\" name=\"_wpcf7_ak_js\" value=\"123\"\/><script>document.getElementById( \"ak_js_1\" ).setAttribute( \"value\", ( new Date() ).getTime() );<\/script><\/p><div class=\"wpcf7-response-output\" aria-hidden=\"true\"><\/div><input type=\"hidden\" name=\"trp-form-language\" value=\"ro\"\/><\/form><\/div>\n\n\n\n<div style=\"height:52px\" aria-hidden=\"true\" class=\"wp-block-spacer\"><\/div>\n\n\n\n<h4 class=\"wp-block-heading has-black-color has-text-color\" style=\"font-size:22px\"><strong>Modalit\u0103\u021bi de plat\u0103<\/strong><\/h4>\n\n\n\n<p>Cash, ca dona\u021bie, la centrul Self Awakening, \u00een prealabil. Pentru program\u0103ri suna\u021bi la: 0732-233377.<\/p>\n\n\n\n<p>\u2756\u00a0Dona\u021bia nu este rambursabil\u0103 dec\u00e2t \u00een cazul \u00een care evenimentul nu se sus\u021bine.<\/p>\n<\/div><\/div>\n\n\n\n<div style=\"height:67px\" aria-hidden=\"true\" class=\"wp-block-spacer\"><\/div>\n\n\n\n<div class=\"wp-block-cover is-light is-style-editorskit-shadow\"><span aria-hidden=\"true\" class=\"wp-block-cover__background has-background-dim-100 has-background-dim\" style=\"background-color:#f6e4ae\"><\/span><div class=\"wp-block-cover__inner-container is-layout-flow wp-block-cover-is-layout-flow\">\n<h3 class=\"wp-block-heading has-text-align-left has-black-color has-text-color\"><strong>Pentru cei care doresc s\u0103 participe la acest eveniment online live, pe platforma Zoom<\/strong><\/h3>\n\n\n\n<p>\u2756 Este un eveniment caritabil. Pentru a participa este necesar s\u0103 trimite\u021bi dona\u021bia, pe care dori\u021bi sa o face\u021bi, prin transfer bancar folosind datele de mai jos. Pasul urm\u0103tor este s\u0103 completa\u021bi formularul de \u00eenscriere \u0219i s\u0103 ata\u0219a\u021bi dovada dona\u021biei. <\/p>\n\n\n\n<div role=\"form\" class=\"wpcf7\" id=\"wpcf7-f16571-o2\" lang=\"en-US\" dir=\"ltr\">\n<div class=\"screen-reader-response\"><p role=\"status\" aria-live=\"polite\" aria-atomic=\"true\"><\/p> <ul><\/ul><\/div>\n<form action=\"\/ro\/wp-json\/wp\/v2\/pages\/16442#wpcf7-f16571-o2\" method=\"post\" class=\"wpcf7-form init\" enctype=\"multipart\/form-data\" novalidate=\"novalidate\" data-status=\"init\" data-trp-original-action=\"\/ro\/wp-json\/wp\/v2\/pages\/16442#wpcf7-f16571-o2\">\n<div style=\"display: none;\">\n<input type=\"hidden\" name=\"_wpcf7\" value=\"16571\" \/>\n<input type=\"hidden\" name=\"_wpcf7_version\" value=\"5.6.4\" \/>\n<input type=\"hidden\" name=\"_wpcf7_locale\" value=\"en_US\" \/>\n<input type=\"hidden\" name=\"_wpcf7_unit_tag\" value=\"wpcf7-f16571-o2\" \/>\n<input type=\"hidden\" name=\"_wpcf7_container_post\" value=\"0\" \/>\n<input type=\"hidden\" name=\"_wpcf7_posted_data_hash\" value=\"\" \/>\n<\/div>\n<p><b>Formular de \u00eenscriere pentru participan\u021bii la evenimentul online live<\/b>\n<\/p>\n<p>nume complet <span class=\"wpcf7-form-control-wrap\" data-name=\"student-name\"><input type=\"text\" name=\"student-name\" value=\"\" size=\"40\" class=\"wpcf7-form-control wpcf7-text wpcf7-validates-as-required\" aria-required=\"true\" aria-invalid=\"false\" \/><\/span> <\/p>\n<p>email <span class=\"wpcf7-form-control-wrap\" data-name=\"student-email\"><input type=\"email\" name=\"student-email\" value=\"\" size=\"40\" class=\"wpcf7-form-control wpcf7-text wpcf7-email wpcf7-validates-as-required wpcf7-validates-as-email\" aria-required=\"true\" aria-invalid=\"false\" \/><\/span> <\/p>\n<p>dovada pl\u0103\u021bii <span class=\"wpcf7-form-control-wrap\" data-name=\"file-op\"><input type=\"file\" name=\"file-op\" size=\"40\" class=\"wpcf7-form-control wpcf7-file wpcf7-validates-as-required\" accept=\"image\/*,.txt,application\/pdf\" aria-required=\"true\" aria-invalid=\"false\" \/><\/span><\/p>\n<p><input type=\"submit\" value=\"Send\" class=\"wpcf7-form-control has-spinner wpcf7-submit\" \/><\/p>\n<p style=\"display: none !important;\" class=\"akismet-fields-container\" data-prefix=\"_wpcf7_ak_\"><label>&#916;<textarea name=\"_wpcf7_ak_hp_textarea\" cols=\"45\" rows=\"8\" maxlength=\"100\"><\/textarea><\/label><input type=\"hidden\" id=\"ak_js_2\" name=\"_wpcf7_ak_js\" value=\"172\"\/><script>document.getElementById( \"ak_js_2\" ).setAttribute( \"value\", ( new Date() ).getTime() );<\/script><\/p><div class=\"wpcf7-response-output\" aria-hidden=\"true\"><\/div><input type=\"hidden\" name=\"trp-form-language\" value=\"ro\"\/><\/form><\/div>\n\n\n\n<h4 class=\"wp-block-heading has-black-color has-text-color\" style=\"font-size:22px\"><strong>Modalit\u0103\u021bi de plat\u0103<\/strong> <\/h4>\n\n\n\n<h2 class=\"wp-block-heading has-black-color has-text-color has-link-color wp-elements-937c9e57244807315208eaa7a70261c5\" style=\"font-size:18px;font-style:normal;font-weight:500\"><strong>Prin transfer bancar  <\/strong><\/h2>\n\n\n\n<p>La detaliile pl\u0103\u021bii este necesar s\u0103 scrie\u021bi doar cuv\u00e2ntul <em>dona\u021bie.<\/em> Dac\u0103 nu se respect\u0103 aceast\u0103 cerin\u021b\u0103 suntem nevoi\u021bi sa v\u0103 restituim suma, mai pu\u021bin comisionul de transfer al b\u0103ncii.<\/p>\n\n\n\n<blockquote class=\"wp-block-quote is-layout-flow wp-block-quote-is-layout-flow\">\n<p>Asocia\u021bia SELF AWAKENING-TREZIREA SINELUI<br>IBAN: RO69RZBR0000060021628890<\/p>\n<cite>Specifica\u021bi doar cuv\u00e2ntul <span style=\"text-decoration: underline;\" class=\"ek-underline\">dona\u021bie<\/span> la detaliile transferului, altfel suntem nevoi\u021bi s\u0103 v\u0103 ramburs\u0103m suma, mai pu\u021bin comisionul de transfer al b\u0103ncii.<\/cite><\/blockquote>\n\n\n\n<div style=\"height:33px\" aria-hidden=\"true\" class=\"wp-block-spacer\"><\/div>\n\n\n\n<p>\u2756&nbsp;Dona\u021bia nu este rambursabil\u0103.<\/p>\n\n\n\n<p><strong>\u2756\u00a0<\/strong>Pentru evenimentul online live, vom folosi aplica\u021bia Zoom. Link-ul \u0219i parola necesare conect\u0103rii pe aceast\u0103 aplica\u021bie v\u0103 vor fi trimise miercuri, 14 februarie, ora 14:00. Aceste informa\u021bii nu sunt transmisibile altor persoane.<\/p>\n\n\n\n<p>\u2756&nbsp;Odat\u0103 trimis mail-ul care con\u021bine datele de logare, nu este \u00een niciun fel responsabilitatea noastr\u0103 dac\u0103 participa\u021bi sau nu la acest eveniment, sau dac\u0103 participa\u021bi par\u021bial. De asemenea, este responsabilitatea dumneavoastr\u0103 s\u0103 ne anun\u021ba\u021bi din timp, dac\u0103, indiferent de motiv, nu a\u021bi primit datele de logare.<\/p>\n\n\n\n<h4 class=\"wp-block-heading has-black-color has-text-color\" style=\"font-size:19px\">\u2756 IMPORTANT! V\u0103 rug\u0103m frumos s\u0103 v\u0103 \u00eenscrie\u021bi pe platforma Zoom cu numele si prenumele cu care v-a\u021bi \u00eenscris la acest eveniment. Dac\u0103 folosi\u021bi un nume diferit pe care nu-l putem identifica pe lista noastr\u0103 de \u00eenscri\u0219i, v\u0103 vom elimina \u0219i nu ve\u021bi mai putea reintra \u00een aplica\u021bie. \u00centr-o astfel de situa\u021bie, ve\u021bi pierde \u00eent\u00e2lnirea respectiv\u0103 \u0219i nu ve\u021bi avea acces la \u00eenregistrarea ei. V\u0103 rug\u0103m, de asemeni, s\u0103 v\u0103 conecta\u021bi folosind doar un singur dispozitiv \u0219i \u00een mod regulat verifica\u021bi c\u0103su\u021ba de chat \u00een cazul \u00een care dorim s\u0103 lu\u0103m leg\u0103tura cu dumneavoastr\u0103.<\/h4>\n\n\n\n<p>\u2756&nbsp;Prin \u00eenscrierea la acest eveniment, sunte\u021bi de acord cu&nbsp;<a href=\"https:\/\/nicolaecatrina.com\/termeni-si-conditii\">termenii \u0219i condi\u021biile<\/a>&nbsp;\u0219i cu toate regulile de desf\u0103\u0219urare prezentate mai jos.<\/p>\n\n\n\n<p>Nu suntem de acord cu \u00eenregistrarea audio-video a acestui eveniment.<\/p>\n<\/div><\/div>\n\n\n\n<div style=\"height:37px\" aria-hidden=\"true\" class=\"wp-block-spacer\"><\/div>","protected":false},"excerpt":{"rendered":"<p>F\u0103 din 2024 cel mai bun an spiritual al t\u0103u cu Nicolae Catrina Probabil c\u0103 de multe ori, la \u00eenceput de an, \u021bi-ai fixat o serie de obiective spirituale pentru anul care abia \u00eencepea, dar \u00een finalul acestuia \u021bi-ai dat seama cu obiectivitate c\u0103 nu ai reu\u0219it s\u0103-\u021bi realizezi acele obiective dec\u00e2t \u00eentr-o mic\u0103, sau &hellip;<\/p>\n<p class=\"read-more\"> <a class=\"\" href=\"https:\/\/nicolaecatrina.com\/ro\/live-event-din-2024-cel-mai-bun-an-al-tau\/\"> <span class=\"screen-reader-text\">F\u0103 din 2024 cel mai bun an spiritual al t\u0103u<\/span> Read More &raquo;<\/a><\/p>","protected":false},"author":1,"featured_media":0,"parent":0,"menu_order":0,"comment_status":"closed","ping_status":"closed","template":"","meta":{"_acf_changed":false,"_editorskit_title_hidden":false,"_editorskit_reading_time":2,"_editorskit_is_block_options_detached":false,"_editorskit_block_options_position":"{}","footnotes":""},"acf":[],"_links":{"self":[{"href":"https:\/\/nicolaecatrina.com\/ro\/wp-json\/wp\/v2\/pages\/16442"}],"collection":[{"href":"https:\/\/nicolaecatrina.com\/ro\/wp-json\/wp\/v2\/pages"}],"about":[{"href":"https:\/\/nicolaecatrina.com\/ro\/wp-json\/wp\/v2\/types\/page"}],"author":[{"embeddable":true,"href":"https:\/\/nicolaecatrina.com\/ro\/wp-json\/wp\/v2\/users\/1"}],"replies":[{"embeddable":true,"href":"https:\/\/nicolaecatrina.com\/ro\/wp-json\/wp\/v2\/comments?post=16442"}],"version-history":[{"count":37,"href":"https:\/\/nicolaecatrina.com\/ro\/wp-json\/wp\/v2\/pages\/16442\/revisions"}],"predecessor-version":[{"id":16592,"href":"https:\/\/nicolaecatrina.com\/ro\/wp-json\/wp\/v2\/pages\/16442\/revisions\/16592"}],"wp:attachment":[{"href":"https:\/\/nicolaecatrina.com\/ro\/wp-json\/wp\/v2\/media?parent=16442"}],"curies":[{"name":"wp","href":"https:\/\/api.w.org\/{rel}","templated":true}]}}