
{"id":15228,"date":"2023-09-08T14:52:40","date_gmt":"2023-09-08T14:52:40","guid":{"rendered":"https:\/\/nicolaecatrina.com\/en\/?page_id=15228"},"modified":"2025-12-31T10:21:04","modified_gmt":"2025-12-31T10:21:04","slug":"ongoing-courses-online-2","status":"publish","type":"page","link":"https:\/\/nicolaecatrina.com\/ro\/ongoing-courses-online\/","title":{"rendered":"CURSURI \u00ceN DESF\u0102\u0218URARE"},"content":{"rendered":"<h4 class=\"wp-block-heading has-text-align-center has-background\" style=\"background-color:#f4f4f4\"><strong>COURSES (in english)<br><br>CURSURI  ( \u00een englez\u0103 ) <\/strong><\/h4>\n\n\n\n<div style=\"height:42px\" aria-hidden=\"true\" class=\"wp-block-spacer\"><\/div>\n\n\n\n<div class=\"wp-block-columns is-style-default is-layout-flex wp-container-core-columns-is-layout-3 wp-block-columns-is-layout-flex\">\n<div class=\"wp-block-column is-layout-flow wp-block-column-is-layout-flow\" style=\"flex-basis:100%\">\n<div class=\"wp-block-columns is-layout-flex wp-container-core-columns-is-layout-1 wp-block-columns-is-layout-flex\">\n<div class=\"wp-block-column is-layout-flow wp-block-column-is-layout-flow\">\n<div class=\"wp-block-cover is-light is-style-editorskit-rounded\" style=\"min-height:324px;aspect-ratio:unset;\"><span aria-hidden=\"true\" class=\"wp-block-cover__background has-background-dim-10 has-background-dim\" style=\"background-color:#938780\"><\/span><img loading=\"lazy\" decoding=\"async\" width=\"1280\" height=\"720\" class=\"wp-block-cover__image-background wp-image-19030\" alt=\"\" src=\"https:\/\/nicolaecatrina.com\/wp-content\/uploads\/2024\/07\/file11-5.jpeg\" data-object-fit=\"cover\" srcset=\"https:\/\/nicolaecatrina.com\/wp-content\/uploads\/2024\/07\/file11-5.jpeg 1280w, https:\/\/nicolaecatrina.com\/wp-content\/uploads\/2024\/07\/file11-5-300x169.jpeg 300w, https:\/\/nicolaecatrina.com\/wp-content\/uploads\/2024\/07\/file11-5-700x394.jpeg 700w, https:\/\/nicolaecatrina.com\/wp-content\/uploads\/2024\/07\/file11-5-768x432.jpeg 768w, https:\/\/nicolaecatrina.com\/wp-content\/uploads\/2024\/07\/file11-5-18x10.jpeg 18w, https:\/\/nicolaecatrina.com\/wp-content\/uploads\/2024\/07\/file11-5-1000x563.jpeg 1000w\" sizes=\"(max-width: 1280px) 100vw, 1280px\" \/><div class=\"wp-block-cover__inner-container is-layout-flow wp-block-cover-is-layout-flow\">\n<p class=\"has-line-height has-text-align-left has-white-color has-text-color has-large-font-size\" style=\"line-height:1em\"><a href=\"https:\/\/nicolaecatrina.com\/kashmir-shaivism-online-class\/\">KASHMIR SHAIVISM<\/a><h3>55 recorded lessons<\/h3><\/p>\n<\/div><\/div>\n<\/div>\n\n\n\n<div class=\"wp-block-column is-layout-flow wp-block-column-is-layout-flow\">\n<div class=\"wp-block-cover is-light is-style-editorskit-rounded\" style=\"min-height:324px;aspect-ratio:unset;\"><span aria-hidden=\"true\" class=\"wp-block-cover__background has-background-dim-0 has-background-dim\" style=\"background-color:#ac8e8b\"><\/span><img loading=\"lazy\" decoding=\"async\" width=\"2014\" height=\"2014\" class=\"wp-block-cover__image-background wp-image-15149\" alt=\"\" src=\"https:\/\/nicolaecatrina.com\/wp-content\/uploads\/2023\/09\/n6.jpg\" data-object-fit=\"cover\" srcset=\"https:\/\/nicolaecatrina.com\/wp-content\/uploads\/2023\/09\/n6.jpg 2014w, https:\/\/nicolaecatrina.com\/wp-content\/uploads\/2023\/09\/n6-500x500.jpg 500w, https:\/\/nicolaecatrina.com\/wp-content\/uploads\/2023\/09\/n6-100x100.jpg 100w, https:\/\/nicolaecatrina.com\/wp-content\/uploads\/2023\/09\/n6-1000x1000.jpg 1000w, https:\/\/nicolaecatrina.com\/wp-content\/uploads\/2023\/09\/n6-300x300.jpg 300w, https:\/\/nicolaecatrina.com\/wp-content\/uploads\/2023\/09\/n6-700x700.jpg 700w, https:\/\/nicolaecatrina.com\/wp-content\/uploads\/2023\/09\/n6-150x150.jpg 150w, https:\/\/nicolaecatrina.com\/wp-content\/uploads\/2023\/09\/n6-768x768.jpg 768w, https:\/\/nicolaecatrina.com\/wp-content\/uploads\/2023\/09\/n6-1536x1536.jpg 1536w\" sizes=\"(max-width: 2014px) 100vw, 2014px\" \/><div class=\"wp-block-cover__inner-container is-layout-flow wp-block-cover-is-layout-flow\">\n<p class=\"has-line-height has-text-align-left has-white-color has-text-color has-large-font-size\" style=\"line-height:1em\"><a href=\"https:\/\/nicolaecatrina.com\/en\/tibetan-tantric-yoga-online-course\/\">Tibetan Tantric Yoga<\/a><h3>module 1<\/h3><\/p>\n<\/div><\/div>\n<\/div>\n<\/div>\n\n\n\n<div class=\"wp-block-columns is-style-default is-layout-flex wp-container-core-columns-is-layout-2 wp-block-columns-is-layout-flex\">\n<div class=\"wp-block-column is-layout-flow wp-block-column-is-layout-flow\">\n<div class=\"wp-block-cover is-light is-style-editorskit-rounded\" style=\"min-height:324px;aspect-ratio:unset;\"><span aria-hidden=\"true\" class=\"wp-block-cover__background has-background-dim-0 has-background-dim\" style=\"background-color:#ac8e8b\"><\/span><img loading=\"lazy\" decoding=\"async\" width=\"2014\" height=\"2014\" class=\"wp-block-cover__image-background wp-image-15149\" alt=\"\" src=\"https:\/\/nicolaecatrina.com\/wp-content\/uploads\/2023\/09\/n6.jpg\" data-object-fit=\"cover\" srcset=\"https:\/\/nicolaecatrina.com\/wp-content\/uploads\/2023\/09\/n6.jpg 2014w, https:\/\/nicolaecatrina.com\/wp-content\/uploads\/2023\/09\/n6-500x500.jpg 500w, https:\/\/nicolaecatrina.com\/wp-content\/uploads\/2023\/09\/n6-100x100.jpg 100w, https:\/\/nicolaecatrina.com\/wp-content\/uploads\/2023\/09\/n6-1000x1000.jpg 1000w, https:\/\/nicolaecatrina.com\/wp-content\/uploads\/2023\/09\/n6-300x300.jpg 300w, https:\/\/nicolaecatrina.com\/wp-content\/uploads\/2023\/09\/n6-700x700.jpg 700w, https:\/\/nicolaecatrina.com\/wp-content\/uploads\/2023\/09\/n6-150x150.jpg 150w, https:\/\/nicolaecatrina.com\/wp-content\/uploads\/2023\/09\/n6-768x768.jpg 768w, https:\/\/nicolaecatrina.com\/wp-content\/uploads\/2023\/09\/n6-1536x1536.jpg 1536w\" sizes=\"(max-width: 2014px) 100vw, 2014px\" \/><div class=\"wp-block-cover__inner-container is-layout-flow wp-block-cover-is-layout-flow\">\n<p class=\"has-line-height has-text-align-left has-white-color has-text-color has-large-font-size\" style=\"line-height:1em\"><a href=\"https:\/\/nicolaecatrina.com\/en\/tibetan-tantric-yoga-m3\/\">YOGA OF THE INNER OCCULT FIRE (TUMMO), DAKINI-TANTRA, DEVATA-YOGA and more<\/a><h3>Tibetan Tantric Yoga module 3<\/h3><\/p>\n<\/div><\/div>\n<\/div>\n\n\n\n<div class=\"wp-block-column is-layout-flow wp-block-column-is-layout-flow\"><\/div>\n<\/div>\n<\/div>\n<\/div>\n\n\n\n<div style=\"height:42px\" aria-hidden=\"true\" class=\"wp-block-spacer\"><\/div>\n\n\n\n<h4 class=\"wp-block-heading has-text-align-center has-background\" style=\"background-color:#f4f4f4\"><strong>COURSES ( in romanian )<br><br>CURSURI ( \u00een rom\u00e2n\u0103 ) <\/strong><\/h4>\n\n\n\n<div style=\"height:42px\" aria-hidden=\"true\" class=\"wp-block-spacer\"><\/div>\n\n\n\n<div class=\"wp-block-columns is-style-default is-layout-flex wp-container-core-columns-is-layout-7 wp-block-columns-is-layout-flex\">\n<div class=\"wp-block-column is-layout-flow wp-block-column-is-layout-flow\">\n<div class=\"wp-block-cover is-light is-style-editorskit-rounded has-medium-font-size wp-duotone-unset-1\" style=\"min-height:324px;aspect-ratio:unset;\"><span aria-hidden=\"true\" class=\"wp-block-cover__background has-black-background-color has-background-dim-0 has-background-dim\"><\/span><img loading=\"lazy\" decoding=\"async\" width=\"2014\" height=\"2014\" class=\"wp-block-cover__image-background wp-image-15149\" alt=\"\" src=\"https:\/\/nicolaecatrina.com\/wp-content\/uploads\/2023\/09\/n6.jpg\" data-object-fit=\"cover\" srcset=\"https:\/\/nicolaecatrina.com\/wp-content\/uploads\/2023\/09\/n6.jpg 2014w, https:\/\/nicolaecatrina.com\/wp-content\/uploads\/2023\/09\/n6-500x500.jpg 500w, https:\/\/nicolaecatrina.com\/wp-content\/uploads\/2023\/09\/n6-100x100.jpg 100w, https:\/\/nicolaecatrina.com\/wp-content\/uploads\/2023\/09\/n6-1000x1000.jpg 1000w, https:\/\/nicolaecatrina.com\/wp-content\/uploads\/2023\/09\/n6-300x300.jpg 300w, https:\/\/nicolaecatrina.com\/wp-content\/uploads\/2023\/09\/n6-700x700.jpg 700w, https:\/\/nicolaecatrina.com\/wp-content\/uploads\/2023\/09\/n6-150x150.jpg 150w, https:\/\/nicolaecatrina.com\/wp-content\/uploads\/2023\/09\/n6-768x768.jpg 768w, https:\/\/nicolaecatrina.com\/wp-content\/uploads\/2023\/09\/n6-1536x1536.jpg 1536w\" sizes=\"(max-width: 2014px) 100vw, 2014px\" \/><div class=\"wp-block-cover__inner-container is-layout-flow wp-block-cover-is-layout-flow\">\n<p class=\"has-line-height has-text-align-left has-white-color has-text-color has-large-font-size\" style=\"line-height:1em\"><a href=\"https:\/\/nicolaecatrina.com\/ro\/yoga-tantrica-tibetana-curs-online-modulul-1\/\">Yoga Tantric\u0103 Tibetan\u0103<\/a><h3> modulul 1<\/h3><\/p>\n<\/div><\/div>\n\n\n\n<div style=\"height:14px\" aria-hidden=\"true\" class=\"wp-block-spacer\"><\/div>\n\n\n\n<div class=\"wp-block-columns is-style-default is-layout-flex wp-container-core-columns-is-layout-5 wp-block-columns-is-layout-flex\">\n<div class=\"wp-block-column is-layout-flow wp-block-column-is-layout-flow\" style=\"flex-basis:100%\">\n<div class=\"wp-block-cover is-light is-style-editorskit-rounded\" style=\"min-height:324px;aspect-ratio:unset;\"><span aria-hidden=\"true\" class=\"wp-block-cover__background has-background-dim-0 has-background-dim\" style=\"background-color:#85806c\"><\/span><img loading=\"lazy\" decoding=\"async\" width=\"2014\" height=\"2014\" class=\"wp-block-cover__image-background wp-image-15149\" alt=\"\" src=\"https:\/\/nicolaecatrina.com\/wp-content\/uploads\/2023\/09\/n6.jpg\" data-object-fit=\"cover\" srcset=\"https:\/\/nicolaecatrina.com\/wp-content\/uploads\/2023\/09\/n6.jpg 2014w, https:\/\/nicolaecatrina.com\/wp-content\/uploads\/2023\/09\/n6-500x500.jpg 500w, https:\/\/nicolaecatrina.com\/wp-content\/uploads\/2023\/09\/n6-100x100.jpg 100w, https:\/\/nicolaecatrina.com\/wp-content\/uploads\/2023\/09\/n6-1000x1000.jpg 1000w, https:\/\/nicolaecatrina.com\/wp-content\/uploads\/2023\/09\/n6-300x300.jpg 300w, https:\/\/nicolaecatrina.com\/wp-content\/uploads\/2023\/09\/n6-700x700.jpg 700w, https:\/\/nicolaecatrina.com\/wp-content\/uploads\/2023\/09\/n6-150x150.jpg 150w, https:\/\/nicolaecatrina.com\/wp-content\/uploads\/2023\/09\/n6-768x768.jpg 768w, https:\/\/nicolaecatrina.com\/wp-content\/uploads\/2023\/09\/n6-1536x1536.jpg 1536w\" sizes=\"(max-width: 2014px) 100vw, 2014px\" \/><div class=\"wp-block-cover__inner-container is-layout-flow wp-block-cover-is-layout-flow\">\n<div class=\"wp-block-group\"><div class=\"wp-block-group__inner-container is-layout-constrained wp-block-group-is-layout-constrained\">\n<div class=\"wp-block-columns is-style-default is-layout-flex wp-container-core-columns-is-layout-4 wp-block-columns-is-layout-flex\">\n<div class=\"wp-block-column is-vertically-aligned-bottom is-layout-flow wp-block-column-is-layout-flow\" style=\"flex-basis:100%\"><\/div>\n<\/div>\n<\/div><\/div>\n\n\n\n<p class=\"has-line-height has-text-align-left has-white-color has-text-color has-large-font-size\" style=\"line-height:1em\"><a href=\"https:\/\/nicolaecatrina.com\/ytt-m3\/\">Yoga Tantric\u0103 Tibetan\u0103<\/a><h3> modulul 3<\/h3><\/p>\n<\/div><\/div>\n<\/div>\n<\/div>\n<\/div>\n\n\n\n<div class=\"wp-block-column is-layout-flow wp-block-column-is-layout-flow\">\n<div class=\"wp-block-cover is-light is-style-editorskit-rounded\" style=\"min-height:324px;aspect-ratio:unset;\"><span aria-hidden=\"true\" class=\"wp-block-cover__background has-background-dim-0 has-background-dim\" style=\"background-color:#ac8e8b\"><\/span><img loading=\"lazy\" decoding=\"async\" width=\"2014\" height=\"2014\" class=\"wp-block-cover__image-background wp-image-15149\" alt=\"\" src=\"https:\/\/nicolaecatrina.com\/wp-content\/uploads\/2023\/09\/n6.jpg\" data-object-fit=\"cover\" srcset=\"https:\/\/nicolaecatrina.com\/wp-content\/uploads\/2023\/09\/n6.jpg 2014w, https:\/\/nicolaecatrina.com\/wp-content\/uploads\/2023\/09\/n6-500x500.jpg 500w, https:\/\/nicolaecatrina.com\/wp-content\/uploads\/2023\/09\/n6-100x100.jpg 100w, https:\/\/nicolaecatrina.com\/wp-content\/uploads\/2023\/09\/n6-1000x1000.jpg 1000w, https:\/\/nicolaecatrina.com\/wp-content\/uploads\/2023\/09\/n6-300x300.jpg 300w, https:\/\/nicolaecatrina.com\/wp-content\/uploads\/2023\/09\/n6-700x700.jpg 700w, https:\/\/nicolaecatrina.com\/wp-content\/uploads\/2023\/09\/n6-150x150.jpg 150w, https:\/\/nicolaecatrina.com\/wp-content\/uploads\/2023\/09\/n6-768x768.jpg 768w, https:\/\/nicolaecatrina.com\/wp-content\/uploads\/2023\/09\/n6-1536x1536.jpg 1536w\" sizes=\"(max-width: 2014px) 100vw, 2014px\" \/><div class=\"wp-block-cover__inner-container is-layout-flow wp-block-cover-is-layout-flow\">\n<p class=\"has-line-height has-text-align-left has-white-color has-text-color has-large-font-size\" style=\"line-height:1em\"><a href=\"https:\/\/nicolaecatrina.com\/ro\/yoga-tantrica-tibetana-curs-online-modulul-2\/\">Yoga Tantric\u0103 Tibetan\u0103<\/a><h3> modulul 2<\/h3><\/p>\n<\/div><\/div>\n\n\n\n<div style=\"height:15px\" aria-hidden=\"true\" class=\"wp-block-spacer\"><\/div>\n\n\n\n<div class=\"wp-block-columns is-style-default is-layout-flex wp-container-core-columns-is-layout-6 wp-block-columns-is-layout-flex\">\n<div class=\"wp-block-column is-layout-flow wp-block-column-is-layout-flow\" style=\"flex-basis:100%\">\n<div class=\"wp-block-cover is-style-editorskit-rounded\" style=\"min-height:324px;aspect-ratio:unset;\"><span aria-hidden=\"true\" class=\"wp-block-cover__background has-background-dim-0 has-background-dim\" style=\"background-color:#96784a\"><\/span><img loading=\"lazy\" decoding=\"async\" width=\"2560\" height=\"1920\" class=\"wp-block-cover__image-background wp-image-15254\" alt=\"\" src=\"https:\/\/nicolaecatrina.com\/wp-content\/uploads\/2023\/09\/IMG_7373-scaled.jpg\" data-object-fit=\"cover\" srcset=\"https:\/\/nicolaecatrina.com\/wp-content\/uploads\/2023\/09\/IMG_7373-scaled.jpg 2560w, https:\/\/nicolaecatrina.com\/wp-content\/uploads\/2023\/09\/IMG_7373-1000x750.jpg 1000w, https:\/\/nicolaecatrina.com\/wp-content\/uploads\/2023\/09\/IMG_7373-300x225.jpg 300w, https:\/\/nicolaecatrina.com\/wp-content\/uploads\/2023\/09\/IMG_7373-700x525.jpg 700w, https:\/\/nicolaecatrina.com\/wp-content\/uploads\/2023\/09\/IMG_7373-768x576.jpg 768w, https:\/\/nicolaecatrina.com\/wp-content\/uploads\/2023\/09\/IMG_7373-1536x1152.jpg 1536w, https:\/\/nicolaecatrina.com\/wp-content\/uploads\/2023\/09\/IMG_7373-2048x1536.jpg 2048w\" sizes=\"(max-width: 2560px) 100vw, 2560px\" \/><div class=\"wp-block-cover__inner-container is-layout-flow wp-block-cover-is-layout-flow\">\n<div style=\"height:67px\" aria-hidden=\"true\" class=\"wp-block-spacer\"><\/div>\n\n\n\n<p class=\"has-line-height has-text-align-left has-white-color has-text-color has-large-font-size\" style=\"line-height:1em\"><a href=\"https:\/\/nicolaecatrina.com\/curs-de-initiere-eneagrama\/\">Eneagram\u0103<\/a><h3>curs &#038; seminarii<\/h3><\/p>\n<\/div><\/div>\n<\/div>\n<\/div>\n<\/div>\n<\/div>\n\n\n\n<div class=\"wp-block-columns has-tablet-text-align-center has-mobile-text-align-center is-layout-flex wp-container-core-columns-is-layout-8 wp-block-columns-is-layout-flex\">\n<div class=\"wp-block-column is-layout-flow wp-block-column-is-layout-flow\">\n<div class=\"wp-block-cover is-style-editorskit-rounded\" style=\"min-height:324px;aspect-ratio:unset;\"><span aria-hidden=\"true\" class=\"wp-block-cover__background has-background-dim-0 has-background-dim\" style=\"background-color:#7c7468\"><\/span><img loading=\"lazy\" decoding=\"async\" width=\"2560\" height=\"1920\" class=\"wp-block-cover__image-background wp-image-19035\" alt=\"\" src=\"https:\/\/nicolaecatrina.com\/wp-content\/uploads\/2024\/07\/IMG_20170407_192411-scaled.jpg\" data-object-fit=\"cover\" srcset=\"https:\/\/nicolaecatrina.com\/wp-content\/uploads\/2024\/07\/IMG_20170407_192411-scaled.jpg 2560w, https:\/\/nicolaecatrina.com\/wp-content\/uploads\/2024\/07\/IMG_20170407_192411-300x225.jpg 300w, https:\/\/nicolaecatrina.com\/wp-content\/uploads\/2024\/07\/IMG_20170407_192411-700x525.jpg 700w, https:\/\/nicolaecatrina.com\/wp-content\/uploads\/2024\/07\/IMG_20170407_192411-768x576.jpg 768w, https:\/\/nicolaecatrina.com\/wp-content\/uploads\/2024\/07\/IMG_20170407_192411-1536x1152.jpg 1536w, https:\/\/nicolaecatrina.com\/wp-content\/uploads\/2024\/07\/IMG_20170407_192411-2048x1536.jpg 2048w, https:\/\/nicolaecatrina.com\/wp-content\/uploads\/2024\/07\/IMG_20170407_192411-16x12.jpg 16w, https:\/\/nicolaecatrina.com\/wp-content\/uploads\/2024\/07\/IMG_20170407_192411-1000x750.jpg 1000w\" sizes=\"(max-width: 2560px) 100vw, 2560px\" \/><div class=\"wp-block-cover__inner-container is-layout-flow wp-block-cover-is-layout-flow\">\n<p class=\"has-line-height has-text-align-left has-white-color has-text-color has-large-font-size\" style=\"line-height:1em\"><a href=\"https:\/\/nicolaecatrina.com\/iching\/\">ICHING<\/a><h3>curs integral<\/h3><\/p>\n<\/div><\/div>\n\n\n\n<div style=\"height:11px\" aria-hidden=\"true\" class=\"wp-block-spacer\"><\/div>\n<\/div>\n\n\n\n<div class=\"wp-block-column is-layout-flow wp-block-column-is-layout-flow\">\n<div class=\"wp-block-cover is-light is-style-editorskit-rounded\" style=\"min-height:324px;aspect-ratio:unset;\"><span aria-hidden=\"true\" class=\"wp-block-cover__background has-background-dim-0 has-background-dim\" style=\"background-color:#938780\"><\/span><img loading=\"lazy\" decoding=\"async\" width=\"1280\" height=\"720\" class=\"wp-block-cover__image-background wp-image-19030\" alt=\"\" src=\"https:\/\/nicolaecatrina.com\/wp-content\/uploads\/2024\/07\/file11-5.jpeg\" data-object-fit=\"cover\" srcset=\"https:\/\/nicolaecatrina.com\/wp-content\/uploads\/2024\/07\/file11-5.jpeg 1280w, https:\/\/nicolaecatrina.com\/wp-content\/uploads\/2024\/07\/file11-5-300x169.jpeg 300w, https:\/\/nicolaecatrina.com\/wp-content\/uploads\/2024\/07\/file11-5-700x394.jpeg 700w, https:\/\/nicolaecatrina.com\/wp-content\/uploads\/2024\/07\/file11-5-768x432.jpeg 768w, https:\/\/nicolaecatrina.com\/wp-content\/uploads\/2024\/07\/file11-5-18x10.jpeg 18w, https:\/\/nicolaecatrina.com\/wp-content\/uploads\/2024\/07\/file11-5-1000x563.jpeg 1000w\" sizes=\"(max-width: 1280px) 100vw, 1280px\" \/><div class=\"wp-block-cover__inner-container is-layout-flow wp-block-cover-is-layout-flow\">\n<p class=\"has-line-height has-text-align-left has-white-color has-text-color has-large-font-size\" style=\"line-height:1em\"><a href=\"https:\/\/nicolaecatrina.com\/ro\/curs-de-initiere-in-misterele-traditiei-alchimice-universale\/\">Curs de in\u021biere \u00een misterele tradi\u021biei alchimice universale<\/a><span><h3 style=\"text-align:left\">modulul 1 &#038; 2<\/h3><\/span><\/p>\n<\/div><\/div>\n\n\n\n<div style=\"height:19px\" aria-hidden=\"true\" class=\"wp-block-spacer\"><\/div>\n<\/div>\n<\/div>\n\n\n\n<div style=\"height:42px\" aria-hidden=\"true\" class=\"wp-block-spacer\"><\/div>\n\n\n\n<p><meta charset=\"utf-8\"><\/p>","protected":false},"excerpt":{"rendered":"<p>COURSES (in english) CURSURI ( \u00een englez\u0103 ) COURSES ( in romanian ) CURSURI ( \u00een rom\u00e2n\u0103 )<\/p>","protected":false},"author":1,"featured_media":0,"parent":0,"menu_order":0,"comment_status":"closed","ping_status":"closed","template":"","meta":{"_acf_changed":false,"_editorskit_title_hidden":false,"_editorskit_reading_time":1,"_editorskit_is_block_options_detached":false,"_editorskit_block_options_position":"{}","footnotes":""},"acf":[],"_links":{"self":[{"href":"https:\/\/nicolaecatrina.com\/ro\/wp-json\/wp\/v2\/pages\/15228"}],"collection":[{"href":"https:\/\/nicolaecatrina.com\/ro\/wp-json\/wp\/v2\/pages"}],"about":[{"href":"https:\/\/nicolaecatrina.com\/ro\/wp-json\/wp\/v2\/types\/page"}],"author":[{"embeddable":true,"href":"https:\/\/nicolaecatrina.com\/ro\/wp-json\/wp\/v2\/users\/1"}],"replies":[{"embeddable":true,"href":"https:\/\/nicolaecatrina.com\/ro\/wp-json\/wp\/v2\/comments?post=15228"}],"version-history":[{"count":139,"href":"https:\/\/nicolaecatrina.com\/ro\/wp-json\/wp\/v2\/pages\/15228\/revisions"}],"predecessor-version":[{"id":25658,"href":"https:\/\/nicolaecatrina.com\/ro\/wp-json\/wp\/v2\/pages\/15228\/revisions\/25658"}],"wp:attachment":[{"href":"https:\/\/nicolaecatrina.com\/ro\/wp-json\/wp\/v2\/media?parent=15228"}],"curies":[{"name":"wp","href":"https:\/\/api.w.org\/{rel}","templated":true}]}}