
{"id":13126,"date":"2023-01-11T11:22:43","date_gmt":"2023-01-11T11:22:43","guid":{"rendered":"https:\/\/nicolaecatrina.com\/en\/?page_id=13126"},"modified":"2025-07-04T07:54:49","modified_gmt":"2025-07-04T07:54:49","slug":"initiere-in-tonglen","status":"publish","type":"page","link":"https:\/\/nicolaecatrina.com\/ro\/initiere-in-tonglen\/","title":{"rendered":"INI\u021aIERE \u00ceN TONGLEN"},"content":{"rendered":"<h2 class=\"wp-block-heading has-text-align-center\">Practica ezoteric\u0103 Tong-len: o form\u0103 radical\u0103, integral\u0103, de alchimie emo\u021bional\u0103 \u0219i spiritual\u0103&nbsp;<\/h2>\n\n\n\n<h3 class=\"wp-block-heading has-text-align-center\">(Ini\u021biere \u00een forma complet\u0103, av\u00e2nd opt etape distincte, a acestui procedeu tantric tibetan)<\/h3>\n\n\n\n<h4 class=\"wp-block-heading has-text-align-center\">workshop online pe baza \u00eenregistr\u0103rii<\/h4>\n\n\n\n<h4 class=\"wp-block-heading has-text-align-center has-black-color has-text-color has-link-color wp-elements-09abcc2a9785edb066811be9098e7c2f\">cu Nicolae Catrina<\/h4>\n\n\n\n<div style=\"height:83px\" aria-hidden=\"true\" class=\"wp-block-spacer\"><\/div>\n\n\n\n<ul class=\"is-style-none\">\n<li>Procedeul <em>Tong-len<\/em> este o str\u0103veche practic\u0103 a tradi\u021biei tantrice tibetane <em>Vajrayana<\/em> care poate alchimiza suferin\u021ba &#8211; fie personal\u0103, fie colectiv\u0103 &#8211; trezind \u0219i amplific\u00e2nd totodat\u0103 \u00een fiin\u021ba noastr\u0103 iubirea, compasiunea, bun\u0103tatea, fericirea. <\/li>\n\n\n\n<li><\/li>\n\n\n\n<li>Veritabil\u0103 comoar\u0103 spiritual\u0103, c\u00e2ndva secret\u0103, procedeul <em>Tong-len<\/em> este extraordinar de actual \u0219i de necesar mai ales \u00een aceste vremuri marcate de multiple conflicte \u0219i amenin\u021b\u0103ri la scar\u0103 planetar\u0103, deoarece el treze\u0219te, faciliteaz\u0103 \u0219i intensific\u0103 un amplu proces de transformare \u0219i de trezire spiritual\u0103 de care lumea \u00een care tr\u0103im are urgent\u0103 nevoie.<\/li>\n\n\n\n<li><\/li>\n\n\n\n<li>\u00cen forma ei complet\u0103, practica tradi\u021bional\u0103 <em>Tong-len<\/em> are opt etape specifice. Combin\u00e2nd cu \u00een\u021belepciune respira\u021bia, con\u0219tientizarea adecvat\u0103 \u0219i un amplu proces de transformare subtil-energetic\u0103, aceast\u0103 practic\u0103 ezoteric\u0103 ne va permite s\u0103 ne trezim plenar &#8211; \u0219i s\u0103 \u00eemp\u0103rt\u0103\u0219im \u0219i celorlal\u021bi &#8211; \u00eenzestr\u0103rile spirituale specifice \u0219i prezen\u021ba noastr\u0103 unic\u0103 \u00een aceast\u0103 lume. \u00cen plus, sunt trezite \u0219i amplificate \u00een fiin\u021ba noastr\u0103 a\u0219a-numitele \u201ecalit\u0103\u021bile ale unui <em>Bodhisattva<\/em>\u201d: iubire \u0219i compasiune, d\u0103ruire dezinteresat\u0103, \u00eenalt\u0103 moralitate, r\u0103bdare exemplar\u0103, efort benefic entuziast, concentrare perfect\u0103, \u00een\u021belepciune etc.&nbsp;<\/li>\n\n\n\n<li><\/li>\n\n\n\n<li>Procedeul <em>Tong-len<\/em> se adreseaz\u0103 tuturor celor care:<\/li>\n\n\n\n<li>\u2022&nbsp;Simt impulsul de a-i ajuta \u00een mod dezinteresat, altruist, pe ceilal\u021bi<\/li>\n\n\n\n<li>\u2022&nbsp;Vor s\u0103 devin\u0103 mai empatici \u0219i mai deschi\u0219i suflete\u0219te, s\u0103 \u00ee\u0219i dep\u0103\u0219easc\u0103 egocentrismul \u0219i ata\u0219amentelor egoiste&nbsp;<\/li>\n\n\n\n<li>\u2022&nbsp;Se confrunt\u0103 cu diferite st\u0103ri de suferin\u021b\u0103, cu situa\u021bii dificile&nbsp;<\/li>\n\n\n\n<li>\u2022&nbsp;Aspir\u0103 s\u0103 ating\u0103 o perspectiv\u0103 mult mai \u00eenalt\u0103, spiritual\u0103, asupra evenimentelor vie\u021bii<\/li>\n\n\n\n<li>\u2022&nbsp;Aspir\u0103 s\u0103 aprofundeze tot mai mult comuniunea cu Dumnezeu<\/li>\n<\/ul>\n\n\n\n<p>Aceast\u0103 practic\u0103 ezoteric\u0103 ne ofer\u0103 posibilitatea de a realiza un salt spiritual rapid de la nivelul personal limitat la o perspectiv\u0103 universal\u0103, integratoare, asupra diferitelor situa\u021bii de via\u021b\u0103; de la egoism \u0219i egocentrism la empatie, bun\u0103tate, iubire, compasiune; de la suferin\u021b\u0103 la \u00een\u021belepciunea universal\u0103 eliberatoare.<\/p>\n\n\n\n<h2 class=\"wp-block-heading\">Modul de desf\u0103\u0219urare al workshop-ului<\/h2>\n\n\n\n<p>\u2756 Acest eveniment este acum disponibil ca \u00eenregistrare audio-video la cerere.<br>\u2756 Durata lui este de aproximativ 4 ore.<br>\u2756 Dup\u0103 achitarea taxei de participare, ve\u021bi fi contactat(\u0103) de un membru al echipei noastre pentru a stabili ziua din timpul s\u0103pt\u0103m\u00e2nii \u00een care alege\u021bi s\u0103 viziona\u021bi \u00eenregistrarea. Odat\u0103 trimis link-ul de acces la \u00eenfegistrare, nu este nici \u00eentr-un fel responsabilitatea noastr\u0103 prezen\u021ba, prezen\u021ba par\u021bial\u0103 sau absen\u021ba dumneavoastr\u0103 de la respectiva vizionare. Dac\u0103 nu primi\u021bi mail-ul cu detaliile necesare vizion\u0103rii la termenul stabilit, este absolut necesar s\u0103 ne contacta\u021bi pentru a-l retrimite. Nu uita\u021bi s\u0103 verifica\u021bi \u0219i c\u0103su\u021ba de Spam. Dac\u0103 nu ne contacta\u021bi \u00een timp util ave\u021bi \u00een vedere faptul c\u0103 nu va fi prelungit intervalul alocat vizionarii \u00eenregistr\u0103rii \u0219i risca\u021bi s\u0103 ave\u021bi acces la ea par\u021bial.<br>\u2756 Nu permitem \u00eenregistrarea audio-video a acestui workshop.<\/p>\n\n\n\n<h2 class=\"wp-block-heading\">Taxa de participare<\/h2>\n\n\n\n<ul class=\"is-style-none\">\n<li>200 lei<\/li>\n\n\n\n<li>Taxa de participare nu este rambursabil\u0103.<\/li>\n<\/ul>\n\n\n\n<h2 class=\"wp-block-heading\">Modalitate de plat\u0103<\/h2>\n\n\n\n<p><b><a href=\"https:\/\/nicolaecatrina.com\/ro\/confirmare-comanda\/?buy-now= 18757\" class=\"ek-link\">Pl\u0103tesc 200 lei <\/a><\/b><\/p>\n\n\n\n<ul class=\"is-style-none\">\n<li><meta charset=\"utf-8\">\u2756 Prin \u00eenscrierea la acest eveniment sunte\u021bi de acord cu <a href=\"https:\/\/nicolaecatrina.com\/ro\/termeni-si-conditii\/\" class=\"ek-link\">Termenii \u0219i condi\u021biile<\/a>.<\/li>\n\n\n\n<li>\u2756 Dac\u0103 ave\u021bi nevoie de asisten\u021b\u0103, v\u0103 rug\u0103m s\u0103 ne contacta\u021bi pe adresa de mail: contact@nicolaecatrina.com<\/li>\n<\/ul>\n\n\n\n<h2 class=\"wp-block-heading has-text-align-center\"><\/p>","protected":false},"excerpt":{"rendered":"<p>Practica ezoteric\u0103 Tong-len: o form\u0103 radical\u0103, integral\u0103, de alchimie emo\u021bional\u0103 \u0219i spiritual\u0103&nbsp; (Ini\u021biere \u00een forma complet\u0103, av\u00e2nd opt etape distincte, a acestui procedeu tantric tibetan) workshop online pe baza \u00eenregistr\u0103rii cu Nicolae Catrina Aceast\u0103 practic\u0103 ezoteric\u0103 ne ofer\u0103 posibilitatea de a realiza un salt spiritual rapid de la nivelul personal limitat la o perspectiv\u0103 universal\u0103, &hellip;<\/p>\n<p class=\"read-more\"> <a class=\"\" href=\"https:\/\/nicolaecatrina.com\/ro\/initiere-in-tonglen\/\"> <span class=\"screen-reader-text\">INI\u021aIERE \u00ceN TONGLEN<\/span> Read More &raquo;<\/a><\/p>","protected":false},"author":1,"featured_media":0,"parent":0,"menu_order":0,"comment_status":"closed","ping_status":"closed","template":"","meta":{"_acf_changed":false,"_editorskit_title_hidden":false,"_editorskit_reading_time":2,"_editorskit_is_block_options_detached":false,"_editorskit_block_options_position":"{}","footnotes":""},"acf":[],"_links":{"self":[{"href":"https:\/\/nicolaecatrina.com\/ro\/wp-json\/wp\/v2\/pages\/13126"}],"collection":[{"href":"https:\/\/nicolaecatrina.com\/ro\/wp-json\/wp\/v2\/pages"}],"about":[{"href":"https:\/\/nicolaecatrina.com\/ro\/wp-json\/wp\/v2\/types\/page"}],"author":[{"embeddable":true,"href":"https:\/\/nicolaecatrina.com\/ro\/wp-json\/wp\/v2\/users\/1"}],"replies":[{"embeddable":true,"href":"https:\/\/nicolaecatrina.com\/ro\/wp-json\/wp\/v2\/comments?post=13126"}],"version-history":[{"count":58,"href":"https:\/\/nicolaecatrina.com\/ro\/wp-json\/wp\/v2\/pages\/13126\/revisions"}],"predecessor-version":[{"id":23590,"href":"https:\/\/nicolaecatrina.com\/ro\/wp-json\/wp\/v2\/pages\/13126\/revisions\/23590"}],"wp:attachment":[{"href":"https:\/\/nicolaecatrina.com\/ro\/wp-json\/wp\/v2\/media?parent=13126"}],"curies":[{"name":"wp","href":"https:\/\/api.w.org\/{rel}","templated":true}]}}