
{"id":12998,"date":"2022-11-29T09:28:25","date_gmt":"2022-11-29T09:28:25","guid":{"rendered":"https:\/\/nicolaecatrina.com\/en\/?page_id=12998"},"modified":"2024-07-18T10:58:33","modified_gmt":"2024-07-18T10:58:33","slug":"integrarea-intelepciunii-practice-a-tratatului-ezoteric-vijnana-bhairava-tantra-in-transformarea-si-spiritualizarea-relatiilor-noastre-cu-ceilalti","status":"publish","type":"page","link":"https:\/\/nicolaecatrina.com\/ro\/integrarea-intelepciunii-practice-a-tratatului-ezoteric-vijnana-bhairava-tantra-in-transformarea-si-spiritualizarea-relatiilor-noastre-cu-ceilalti\/","title":{"rendered":"Integrarea \u00een\u021belepciunii practice a tratatului ezoteric VIJNANA BHAIRAVA TANTRA \u00een transformarea \u0219i spiritualizarea rela\u021biilor noastre cu ceilal\u021bi"},"content":{"rendered":"<h2 class=\"wp-block-heading has-text-align-center\"><strong>Integrarea \u00een\u021belepciunii practice a tratatului ezoteric VIJNANA BHAIRAVA TANTRA<\/strong> <strong>\u00een transformarea \u0219i spiritualizarea rela\u021biilor noastre cu ceilal\u021bi\u00a0<\/strong><\/h2>\n\n\n\n<h4 class=\"wp-block-heading has-text-align-center\">workshop online pe baza \u00eenregistr\u0103rii<\/h4>\n\n\n\n<h4 class=\"wp-block-heading has-text-align-center has-black-color has-text-color has-link-color wp-elements-09abcc2a9785edb066811be9098e7c2f\">cu Nicolae Catrina<\/h4>\n\n\n\n<div style=\"height:118px\" aria-hidden=\"true\" class=\"wp-block-spacer\"><\/div>\n\n\n\n<ul class=\"is-style-none\">\n<li>Cum s\u0103 ne armoniz\u0103m diferitele rela\u021bii \u0219i interac\u021biuni pe care le avem cu cei din jurul nostru, cu fiin\u021bele pe care le iubim, cu prietenii no\u0219ti, sau cu colegii no\u0219tri? Cum s\u0103 ne elev\u0103m \u0219i s\u0103 ne purific\u0103m aceste rela\u021bii, cum s\u0103 realiz\u0103m un amplu, chiar radical proces de alchimie emo\u021bional\u0103 \u0219i rela\u021bional\u0103 (\u00eentr-un cuplu, \u00een familie, \u00eentr-un grup spiritual etc.), astfel \u00eenc\u00e2t rela\u021biile noastre cu ceilal\u021bi s\u0103 devin\u0103 at\u00e2t surse de fericire \u00eemp\u0103rt\u0103\u0219it\u0103, c\u00e2t \u0219i vehicule foarte rapide de des\u0103v\u00e2r\u0219ire spiritual\u0103, ba chiar de atingere a ilumin\u0103rii spirituale?<\/li>\n\n\n\n<li>La toate aceste \u00eentreb\u0103ri, \u0219i la multe altele, str\u0103vechiul tratat Vijnana Bhairava Tantra ne ofer\u0103 r\u0103spunsuri practice mereu actuale \u0219i pline de \u00een\u021belepciune, r\u0103spunsuri care sunt de fapt modalit\u0103\u021bi foarte eficiente de acces la experien\u021ba Transcenden\u021bei Dumnezeie\u0219ti \u0219i de atingere a des\u0103v\u00e2r\u0219irii spirituale. Aceasta este arta ini\u021biatic\u0103 prin care aproape orice situa\u021bie de via\u021b\u0103 \u2013 inclusiv sfera rela\u021biilor noastre cu ceilal\u021bi \u2013 poate fi valorificat\u0103 ca o form\u0103 particular\u0103 de yoga.<\/li>\n\n\n\n<li>\u00cen cadrul acestui seminar va fi oferit\u0103 ini\u021bierea \u00eentr-unul dintre numeroasele procedee ezoterice ale tratatului Vijnana Bhairava Tantra, procedeu av\u00e2nd ca obiect rela\u021biile noastre cu ceilal\u021bi \u0219i integrarea acestora ca o modalitate foarte rapid\u0103 de transformare spiritual\u0103. \u00cen plus, aplicarea constant\u0103 \u0219i entuziast\u0103 a acestui procedeu ezoteric ne va ipostazia totodat\u0103 \u00een eficien\u021bi factori de armonizare a diferitelor comunit\u0103\u021bi umane din care facem parte: rela\u021bii de cuplu, familie, prieteni, colegi, grupuri spirituale etc.<\/li>\n\n\n\n<li>Aceast\u0103 ini\u021biere va include prezentarea cheilor spirituale \u0219i a elementelor practice secrete ale acestui procedeu tantric, precum \u0219i \u00eendrumarea \u0219i ghidarea complet\u0103 \u00een practica lui, aceast\u0103 practic\u0103 devenind \u00een felul acesta pe deplin accesibil\u0103 chiar \u0219i \u00eencep\u0103torilor. Prin participarea la aceast\u0103 ini\u021biere spiritual\u0103, v\u0103 ve\u021bi putea convinge \u2013 pe baza propriilor tr\u0103iri \u0219i experien\u021be \u2013 de eficien\u021ba extraordinar\u0103 a acestei metode eficiente \u0219i universale.<\/li>\n<\/ul>\n\n\n\n<div style=\"height:29px\" aria-hidden=\"true\" class=\"wp-block-spacer\"><\/div>\n\n\n\n<h3 class=\"wp-block-heading\">Modul de desf\u0103\u0219urare al workshop-ului<meta charset=\"utf-8\"><\/meta><\/h3>\n\n\n\n<ul class=\"is-style-none\">\n<li>\u2756 Acest eveniment este acum disponibil ca \u00eenregistrare audio-video la cerere.<\/li>\n\n\n\n<li>\u2756 Durata lui este de 3 ore.<\/li>\n\n\n\n<li>\u2756 Dup\u0103 achitarea taxei de participare, ve\u021bi fi contactat(\u0103) de un membru al echipei noastre pentru a stabili ziua din timpul s\u0103pt\u0103m\u00e2nii \u00een care alege\u021bi s\u0103 viziona\u021bi \u00eenregistrarea. Odat\u0103 trimis link-ul de acces la \u00eenfegistrare, nu este nici \u00eentr-un fel responsabilitatea noastr\u0103 prezen\u021ba, prezen\u021ba par\u021bial\u0103 sau absen\u021ba dumneavoastr\u0103 de la respectiva vizionare. Dac\u0103 nu primi\u021bi mail-ul cu detaliile necesare vizion\u0103rii la termenul stabilit, este absolut necesar s\u0103 ne contacta\u021bi pentru a-l retrimite. Nu uita\u021bi s\u0103 verifica\u021bi \u0219i c\u0103su\u021ba de Spam. Dac\u0103 nu ne contacta\u021bi \u00een timp util ave\u021bi \u00een vedere faptul c\u0103 nu va fi prelungit intervalul alocat vizionarii \u00eenregistr\u0103rii \u0219i risca\u021bi s\u0103 ave\u021bi acces la ea par\u021bial.<\/li>\n\n\n\n<li>\u2756 Nu permitem \u00eenregistrarea audio-video a acestui workshop.<\/li>\n<\/ul>\n\n\n\n<h3 class=\"wp-block-heading\">Taxa de participare<\/h3>\n\n\n\n<ul class=\"is-style-none\">\n<li>200 RON<\/li>\n\n\n\n<li>Taxa de participare nu este rambursabil\u0103.<\/li>\n<\/ul>\n\n\n\n<h3 class=\"wp-block-heading\">Modalitatea de plat\u0103<\/h3>\n\n\n\n<p><a href=\"https:\/\/nicolaecatrina.com\/ro\/confirmare-comanda\/?buy-now=15293\"><strong>Pl\u0103tesc 200 lei<\/strong><\/a><\/p>\n\n\n\n<ul class=\"is-style-none\">\n<li>\u2756 Prin \u00eenscrierea la acest eveniment sunte\u021bi de acord cu <a href=\"https:\/\/nicolaecatrina.com\/ro\/termeni-si-conditii\/\" class=\"ek-link\">Termenii \u0219i condi\u021biile<\/a>.<\/li>\n\n\n\n<li>\u2756 Dac\u0103 ave\u021bi nevoie de asisten\u021b\u0103, v\u0103 rug\u0103m s\u0103 ne contacta\u021bi pe adresa de mail: contact@nicolaecatrina.com<\/li>\n<\/ul>","protected":false},"excerpt":{"rendered":"<p>Integrarea \u00een\u021belepciunii practice a tratatului ezoteric VIJNANA BHAIRAVA TANTRA \u00een transformarea \u0219i spiritualizarea rela\u021biilor noastre cu ceilal\u021bi\u00a0 workshop online pe baza \u00eenregistr\u0103rii cu Nicolae Catrina Modul de desf\u0103\u0219urare al workshop-ului Taxa de participare Modalitatea de plat\u0103 Pl\u0103tesc 200 lei<\/p>","protected":false},"author":1,"featured_media":0,"parent":0,"menu_order":0,"comment_status":"closed","ping_status":"closed","template":"","meta":{"_acf_changed":false,"_editorskit_title_hidden":false,"_editorskit_reading_time":2,"_editorskit_is_block_options_detached":false,"_editorskit_block_options_position":"{}","footnotes":""},"acf":[],"_links":{"self":[{"href":"https:\/\/nicolaecatrina.com\/ro\/wp-json\/wp\/v2\/pages\/12998"}],"collection":[{"href":"https:\/\/nicolaecatrina.com\/ro\/wp-json\/wp\/v2\/pages"}],"about":[{"href":"https:\/\/nicolaecatrina.com\/ro\/wp-json\/wp\/v2\/types\/page"}],"author":[{"embeddable":true,"href":"https:\/\/nicolaecatrina.com\/ro\/wp-json\/wp\/v2\/users\/1"}],"replies":[{"embeddable":true,"href":"https:\/\/nicolaecatrina.com\/ro\/wp-json\/wp\/v2\/comments?post=12998"}],"version-history":[{"count":42,"href":"https:\/\/nicolaecatrina.com\/ro\/wp-json\/wp\/v2\/pages\/12998\/revisions"}],"predecessor-version":[{"id":19202,"href":"https:\/\/nicolaecatrina.com\/ro\/wp-json\/wp\/v2\/pages\/12998\/revisions\/19202"}],"wp:attachment":[{"href":"https:\/\/nicolaecatrina.com\/ro\/wp-json\/wp\/v2\/media?parent=12998"}],"curies":[{"name":"wp","href":"https:\/\/api.w.org\/{rel}","templated":true}]}}