
{"id":11543,"date":"2022-06-10T06:23:33","date_gmt":"2022-06-10T06:23:33","guid":{"rendered":"https:\/\/nicolaecatrina.com\/en\/?page_id=11543"},"modified":"2024-03-11T10:52:30","modified_gmt":"2024-03-11T10:52:30","slug":"vijnana-bhairava-tantra-2022","status":"publish","type":"page","link":"https:\/\/nicolaecatrina.com\/ro\/vijnana-bhairava-tantra-2022\/","title":{"rendered":"Vijnana Bhairava Tantra 2022"},"content":{"rendered":"<p><\/p>\n\n\n\n<h3 class=\"wp-block-heading has-text-align-center\"><strong>Atingerea st\u0103rii de iluminare spiritual\u0103&nbsp;<\/strong><\/h3>\n\n\n\n<h3 class=\"wp-block-heading has-text-align-center\"><strong>prin integrarea \u00een\u021belepciunii practice a tratatului ezoteric&nbsp;<\/strong><\/h3>\n\n\n\n<h3 class=\"wp-block-heading has-text-align-center\"><strong><em>VIJNANA BHAIRAVA TANTRA<\/em><\/strong><\/h3>\n\n\n\n<h5 class=\"wp-block-heading has-text-align-center\"><strong>Modulul 7 | 14-19 iulie 2022, online<\/strong><\/h5>\n\n\n\n<h5 class=\"wp-block-heading has-text-align-center\"><strong>sus\u021binut de Nicolae Catrina (Adinathananda)<\/strong><\/h5>\n\n\n\n<div style=\"height:76px\" aria-hidden=\"true\" class=\"wp-block-spacer\"><\/div>\n\n\n\n<iframe loading=\"lazy\" src=\"https:\/\/player.vimeo.com\/video\/432474421?h=15e2201c2f\" width=\"100%\" height=\"600\" frameborder=\"0\" allow=\"autoplay; fullscreen\" allowfullscreen=\"\"><\/iframe>\n\n\n\n<div style=\"height:71px\" aria-hidden=\"true\" class=\"wp-block-spacer\"><\/div>\n\n\n\n<p class=\"has-text-align-justify\">Avem pl\u0103cerea s\u0103 v\u0103 invit\u0103m la cel de-al \u0219aptelea simpozion dintr-o serie de retrageri spirituale ce ofer\u0103 revela\u021bii \u0219i ini\u021bieri practice excep\u021bionale, bazate pe tratatul ezoteric Vijnana Bhairava Tantra, \u00een vederea atingerii rapide a st\u0103rii de iluminare spiritual\u0103.<\/p>\n\n\n\n<p class=\"has-text-align-justify\">Vijnana Bhairava Tantra nu este un text filosofic, ci un manual universal de \u00een\u021belepciune practic\u0103, oferind 112 metode fundamentale care acoper\u0103 un spectru uimitor de vast de modalit\u0103\u021bi directe de acces la experien\u021ba Transcenden\u021bei Dumnezeie\u0219ti \u0219i de atingere rapid\u0103 a realiz\u0103rii spirituale. Acest tratat str\u0103vechi reveleaz\u0103 arta ini\u021biatic\u0103 prin care aproape orice situa\u021bie de via\u021b\u0103 poate fi valorificat\u0103 ca o form\u0103 particular\u0103 de yoga, devenind o extraordinar\u0103 ocazie de a descoperi cine suntem cu adev\u0103rat, de a ne revela Natura esen\u021bial\u0103 (Sinele Suprem \u0219i Absolut, <em>Atman<\/em>).<\/p>\n\n\n\n<h4 class=\"wp-block-heading\">Programul simpozionului include:<\/h4>\n\n\n\n<ul>\n<li>comentarii la textul tradi\u021bional tantric sanscrit \u0219i prezentarea detaliat\u0103 a cheilor spirituale \u0219i a elementelor practice secrete con\u021binute \u00een el<\/li>\n\n\n\n<li>exemplificarea unor metode eficiente, universale, ce sunt codificate \u00een textul sanscrit; va fi oferit\u0103 de asemenea \u00eendrumarea \u0219i ghidarea complet\u0103 \u00een practica acestora<\/li>\n\n\n\n<li>revelarea anumitor modalit\u0103\u021bi ini\u021biatice ale \u0218ivaismului tantric, care ne ajut\u0103 s\u0103 integr\u0103m numeroase dintre experien\u021bele cotidiene ca practici eficiente de transformare l\u0103untric\u0103<\/li>\n\n\n\n<li>metode tradi\u021bionale de medita\u021bie&nbsp;<\/li>\n\n\n\n<li>unele aspecte ini\u021biatice excep\u021bionale din tradi\u021bia \u0218ivaismului tantric<\/li>\n<\/ul>\n\n\n\n<p><strong>Participarea la acest modul nu este condi\u021bionat\u0103 de participarea la modulele precedente<\/strong>.<\/p>\n\n\n\n<p><strong>Acest eveniment se difuzeaza online, in direct, prin aplica\u021bia Zoom, \u00een englez\u0103<\/strong>.<strong>Traducere \u00een limba rom\u00e2n\u0103 va fi disponibil\u0103 la cerere doar pentru sesiunea live, nu \u0219i pentru \u00eenregistrari.<\/strong><\/p>\n\n\n\n<p class=\"has-text-align-justify\">Pentru participan\u021bii la evenimentul live \u00eenregistr\u0103rile acestei tabere vor fi disponibile la un extra cost de 9\u20ac\/sedin\u021b\u0103. Sesiunea de recuper\u0103ri va fi organizat\u0103 \u00eentre 22 si 26 iulie. \u00cenregistr\u0103rile taberei vor fi disponibile \u00een acest interval de timp,  pentru a fi vizionate oric\u00e2nd, doar \u00een limba englez\u0103.<\/p>\n\n\n\n<h4 class=\"wp-block-heading\">Programul<\/h4>\n\n\n\n<p>Joi:               18:00- 21:00 CEST<\/p>\n\n\n\n<p>Vineri:          15:30- 18:00 CEST, 19:00- 21:30 CEST<\/p>\n\n\n\n<p>S\u00e2mb\u0103t\u0103:   11:00- 13:30 CEST, 15:30- 18:00 CEST, 20:00- 21:30 CEST<\/p>\n\n\n\n<p>Duminic\u0103:  11:00- 13:30 CEST, 15:30- 18:00 CEST, 20:00- 21:30 CEST<\/p>\n\n\n\n<p>Luni:            15:30- 18:00 CEST, 19:00- 21:30 CEST<\/p>\n\n\n\n<p>Mar\u021bi:          19:00- 21:30 CEST<\/p>\n\n\n\n<h4 class=\"wp-block-heading\">Taxa de participare \u0219i modalit\u0103\u021bi de plat\u0103<\/h4>\n\n\n\n<p>Pentru cei dintre voi care participa\u021bi la tab\u0103ra online Yoga of Beauty se va oferi o reducere de 30 eur.<\/p>\n\n\n\n<p>\u2022 Early Early Bird: 140 \u20ac p\u00e2n\u0103 la 24 iunie<br>\u2022 Early Bird: 175 \u20ac p\u00e2n\u0103 la 7 iulie<br>\u2022 Taxa regulat\u0103: 200 \u20ac<\/p>\n\n\n\n<p>Pentru a participa la aceast\u0103 tab\u0103r\u0103 este necesar s\u0103 achita\u021bi taxa de participare:<\/p>\n\n\n\n<h5 class=\"wp-block-heading\">1. ca dona\u021bie Asocia\u021biei Self Awakening<\/h5>\n\n\n\n<p>Titular: SELF AWAKENING-TREZIREA SINELUI<br>IBAN: RO69 RZBR 0000 0600 2162 8890<br>Moneda: RON<br>Nume banca: Raiffeisen Bank<br>Cod Swift: RZBRROBU<\/p>\n\n\n\n<p>\u00cen momentul \u00een care efectua\u021bi plata prin transfer bancar, la detaliile pl\u0103\u021bii, v\u0103 rug\u0103m s\u0103 men\u021biona\u021bi cuv\u00e2ntul DONA\u021aIE \u0219i s\u0103 ne trimite\u021bi pe <a href=\"mailto:contact@nicolaecatrina.com\" class=\"ek-link\">email<\/a> dovada pl\u0103\u021bii.<\/p>\n\n\n\n<h5 class=\"wp-block-heading\">2. prin PayPal<\/h5>\n\n\n\n<p class=\"has-vivid-red-color has-text-color\">Early Early Bird nu mai este valabil.<\/p>\n\n\n\n<p>[wpecpp name=&#8221;Vijnana Bhairava Tantra &#8211; Early Early Bird&#8221; price=&#8221;145&#8243;] * 145 \u20ac p\u00e2n\u0103 la 24 iunie (taxa PayPal inclus\u0103)<\/p>\n\n\n\n<p class=\"has-vivid-red-color has-text-color\"><meta charset=\"utf-8\">Early Early Bird nu mai este valabil.<\/p>\n\n\n\n<p>[wpecpp name=&#8221;<meta charset=\"utf-8\">Vijnana Bhairava Tantra &#8211; Early Bird&#8221; price=&#8221;181&#8243;]&nbsp;* 181 \u20ac p\u00e2n\u0103 la 7 iulie (taxa PayPal inclus\u0103)<\/p>\n\n\n\n<p>[wpecpp name=&#8221;<meta charset=\"utf-8\"><\/meta>Vijnana Bhairava Tantra &#8211; Taxa regulat\u0103&#8221; price=&#8221;207&#8243;]\u00a0* 207 \u20ac  (taxa PayPal inclus\u0103)<\/p>\n\n\n\n<p><strong>Taxa de participare nu este returnabil\u0103<\/strong>!<\/p>\n\n\n\n<p><\/p>","protected":false},"excerpt":{"rendered":"<p>Atingerea st\u0103rii de iluminare spiritual\u0103&nbsp; prin integrarea \u00een\u021belepciunii practice a tratatului ezoteric&nbsp; VIJNANA BHAIRAVA TANTRA Modulul 7 | 14-19 iulie 2022, online sus\u021binut de Nicolae Catrina (Adinathananda) Avem pl\u0103cerea s\u0103 v\u0103 invit\u0103m la cel de-al \u0219aptelea simpozion dintr-o serie de retrageri spirituale ce ofer\u0103 revela\u021bii \u0219i ini\u021bieri practice excep\u021bionale, bazate pe tratatul ezoteric Vijnana Bhairava &hellip;<\/p>\n<p class=\"read-more\"> <a class=\"\" href=\"https:\/\/nicolaecatrina.com\/ro\/vijnana-bhairava-tantra-2022\/\"> <span class=\"screen-reader-text\">Vijnana Bhairava Tantra 2022<\/span> Read More &raquo;<\/a><\/p>","protected":false},"author":1,"featured_media":0,"parent":0,"menu_order":0,"comment_status":"closed","ping_status":"closed","template":"","meta":{"_acf_changed":false,"_editorskit_title_hidden":false,"_editorskit_reading_time":4,"_editorskit_is_block_options_detached":false,"_editorskit_block_options_position":"{}","footnotes":""},"acf":[],"_links":{"self":[{"href":"https:\/\/nicolaecatrina.com\/ro\/wp-json\/wp\/v2\/pages\/11543"}],"collection":[{"href":"https:\/\/nicolaecatrina.com\/ro\/wp-json\/wp\/v2\/pages"}],"about":[{"href":"https:\/\/nicolaecatrina.com\/ro\/wp-json\/wp\/v2\/types\/page"}],"author":[{"embeddable":true,"href":"https:\/\/nicolaecatrina.com\/ro\/wp-json\/wp\/v2\/users\/1"}],"replies":[{"embeddable":true,"href":"https:\/\/nicolaecatrina.com\/ro\/wp-json\/wp\/v2\/comments?post=11543"}],"version-history":[{"count":27,"href":"https:\/\/nicolaecatrina.com\/ro\/wp-json\/wp\/v2\/pages\/11543\/revisions"}],"predecessor-version":[{"id":17042,"href":"https:\/\/nicolaecatrina.com\/ro\/wp-json\/wp\/v2\/pages\/11543\/revisions\/17042"}],"wp:attachment":[{"href":"https:\/\/nicolaecatrina.com\/ro\/wp-json\/wp\/v2\/media?parent=11543"}],"curies":[{"name":"wp","href":"https:\/\/api.w.org\/{rel}","templated":true}]}}