
{"id":1050,"date":"2018-01-03T22:55:34","date_gmt":"2018-01-03T22:55:34","guid":{"rendered":"https:\/\/nicolaecatrina.com\/?page_id=1050"},"modified":"2018-03-27T12:40:28","modified_gmt":"2018-03-27T12:40:28","slug":"yoga-si-taoismul-frumusetii","status":"publish","type":"page","link":"https:\/\/nicolaecatrina.com\/ro\/yoga-si-taoismul-frumusetii\/","title":{"rendered":"YOGA \u0218I TAOISMUL FRUMUSE\u021aII"},"content":{"rendered":"<p>[vc_row fullwidth=&#8221;true&#8221;][vc_column][vc_single_image image=&#8221;1218&#8243; img_size=&#8221;full&#8221;][\/vc_column][\/vc_row][vc_row][vc_column][vc_column_text css=&#8221;.vc_custom_1522154248058{margin-bottom: 0px !important;}&#8221;]<strong><span style=\"color: #ff0000;\">YOGA \u0218I TAOISMUL FRUMUSE\u021aII<\/span><\/strong><\/p>\n<p>Acest modul de yoga \u0219i taoism se bazeaz\u0103 pe cartea MAI FRUMOAS\u0102&#8230; | Din secretele yoghine \u0219i taoiste ale frumuse\u021bii, de Julia Kolozsvari<\/p>\n<p>Te invit\u0103m la un modul special de yoga \u0219i taoism, care\u00a0 \u00ee\u021bi va aduce o viziune inedit\u0103 asupra frumuse\u021bii.<\/p>\n<p>Scopul lui este s\u0103 te ajute s\u0103 descoperi frumuse\u021bea ta interioar\u0103 \u0219i trupeasc\u0103, s\u0103 o amplifici prin metode inedite \u0219i foarte speciale yoghine \u0219i taoiste, s\u0103 te vindece de traumele emo\u021bionale legate de modul \u00een care ar\u0103\u021bi \u0219i s\u0103 \u00ee\u021bi redea \u00eencrederea \u00een sine vis-a-vis de propria-\u021bi frumuse\u021be.<\/p>\n<p>\u0218tii c\u00e2t e\u0219ti de frumoas\u0103?<\/p>\n<p>Este oare frumuse\u021bea o form\u0103 f\u0103r\u0103 fond, care se limiteaz\u0103 doar la propor\u021biile matematic perfecte ale unui trup sau este acea energie care izvor\u0103\u0219te din profunzimile fiin\u021bei tale?<\/p>\n<p>Frumuse\u021bea \u00eel conduce pe cel care o contempl\u0103, pe valurile misterului s\u0103u, la acea tres\u0103rire a inimii care atunci, spontan transfigureaz\u0103 \u0219i \u00eennobileaz\u0103 totul.<\/p>\n<p>\u0218tim c\u0103 \u00ee\u021bi dore\u0219ti s\u0103 fii mereu mai frumoas\u0103. E \u00een natura ta feminin\u0103&#8230; De aceea te invit\u0103m s\u0103 participi la acest modul, dedicat frumuse\u021bii.<\/p>\n<p>El a fost conceput pentru a veni \u00een \u00eent\u00e2mpinarea unei probleme cu care poate te confrun\u021bi adesea &#8211; te ui\u021bi \u00een oglind\u0103 \u0219i nu \u00ee\u021bi place ce vezi.<\/p>\n<p>Astfel, vei \u00eenv\u0103\u021ba s\u0103 identifici traumele emo\u021bionale, acumulate \u00een timp, legate de modul \u00een care ar\u0103\u021bi (dac\u0103 ele exist\u0103) \u0219i cum s\u0103 le vindeci;<\/p>\n<p>vei \u00eenv\u0103\u021ba s\u0103 recuno\u0219ti acea voce interioar\u0103 negativ\u0103 care te saboteaz\u0103 \u0219i te face, de cele mai multe ori, s\u0103 te sim\u021bi prost vis-a-vis de propria-\u021bi frumuse\u021be;<\/p>\n<p>vei face cuno\u0219tin\u021b\u0103 cu fiin\u021ba ta profund\u0103, care te va \u00eendruma gradat c\u0103tre esen\u021bele frumuse\u021bii tale;<\/p>\n<p>vei \u00eenv\u0103\u021ba secrete foarte pre\u021bioase yoghine \u0219i taoiste de amplificare a frumuse\u021bii, la care cei din jur vor reac\u021biona ne\u00eent\u00e2rziat;<\/p>\n<p>te vei vedea \u00eentr-o nou\u0103 lumin\u0103 prin prisma tehnicilor pe care le vom practica \u00eempreun\u0103 \u0219i a jocurilor ini\u021biatice de care te vei bucura din plin.<\/p>\n<p>Ia\u021b\u0103 c\u00e2teva dintre subiectele abordate \u00een cadrul celor cinci \u00eent\u00e2lniri dedicate acestui modul:<\/p>\n<p>Vom vorbi despre frumuse\u021be din multiple perspective: cea a \u0219tiin\u021bei moderne, a psihologiei, a artei \u0219i a tradi\u021biilor spirituale str\u0103vechi. Astfel, \u00ee\u021bi vei redefini conceptul de frumuse\u021be \u0219i o vei privi prin &#8220;al\u021bi ochi&#8221;.<\/p>\n<p>Vom aborda o tehnic\u0103 taoist\u0103 de introspec\u021bie ghidat\u0103, care te va ajuta s\u0103 identifici eventualele mecanisme incon\u0219tiente, care \u00ee\u021bi saboteaz\u0103 \u00eencrederea \u00een c\u00e2t e\u0219ti de frumoas\u0103 \u0219i cum te manife\u0219ti ca femeie. Apoi, \u00ee\u021bi vor fi oferite modalit\u0103\u021bile alchimice taoiste de vindecare a traumelor emo\u021bionale legate de modul \u00een care ar\u0103\u021bi, ajut\u0103du-te s\u0103 \u00ee\u021bi remodelezi percep\u021bia asupra propriei frumuse\u021bi.<\/p>\n<p>Tradi\u021bia yoghin\u0103 este extraordinar de complex\u0103 \u00een ceea ce prive\u0219te varietatea de tehnici \u0219i modalit\u0103\u021bi practice, care conduc practicanta la o stare de s\u0103n\u0103tate \u0219i armonie fizic\u0103 \u0219i psiho-emo\u021bional\u0103, precum \u0219i la dezvoltarea ei spiritual\u0103. Dac\u0103 nu \u0219tiai, afl\u0103 c\u0103 \u00een tradi\u021bia yoga exist\u0103 posturi corporale, tehnici de respira\u021bie, de relaxare, vizualizare creatoare etc., care \u00ee\u021bi sculpteaz\u0103 trupul, \u00eel energizeaz\u0103 \u0219i \u00eel fac mai s\u0103n\u0103tos. Mai mult dec\u00e2t at\u00e2t, exist\u0103 tehnici speciale care amplific\u0103 extraordinar de mult energia frumuse\u021bii.<\/p>\n<p>Vom studia, de asemenea, unele texte str\u0103vechi orientale. Este fascinant modul \u00een care este privit\u0103 frumuse\u021bea din punct de vedere spiritual. Fiind o energie ca orice alt\u0103 form\u0103 de energie, frumuse\u021bea poate fi captat\u0103 \u0219i acumulat\u0103 \u00een fiin\u021ba noastr\u0103 din abunden\u021b\u0103. Mai mult dec\u00e2t at\u00e2t, frumuse\u021bea, cu care orice femeie este mai mult sau mai pu\u021bin \u00eenzestrat\u0103, este privit\u0103 ca o manifestare a divinului, care contemplat\u0103, eleveaz\u0103 \u0219i \u00eembog\u0103\u021be\u0219te sufletul.<\/p>\n<p>Vei primi o ini\u021biere foarte special\u0103 \u00eentr-o tehnic\u0103 secret\u0103 de amplificare a energiei frumuse\u021bii \u00een fiin\u021ba ta, extras\u0103 din str\u0103vechiul tratat Vijnana Bhairava Tantra, cu multiple aplica\u021bii practice, precum \u0219i o alta din tradi\u021bia tibetan\u0103.<\/p>\n<p>Cu ce te va \u00eembog\u0103\u021bi acest modul?<\/p>\n<p>Contrar, poate, la cum te percepi acum, te vei sim\u021bi incomparabil mai frumoas\u0103;<\/p>\n<p>vei l\u0103sa povara grea a traumelor \u0219i a g\u00e2ndurilor, care, dac\u0103 exist\u0103, te pot sabota \u00een leg\u0103tur\u0103 cu modul \u00een care ar\u0103\u021bi \u0219i te sim\u021bi;<\/p>\n<p>vei \u00eenv\u0103\u021ba s\u0103 te iube\u0219ti, s\u0103 te accep\u021bi \u0219i s\u0103 te pre\u021buie\u0219ti mai mult;<\/p>\n<p>vei dep\u0103\u0219i eventualele blocaje \u0219i complexe de inferioritate, te vei sim\u021bi mult mai \u00een largul t\u0103u \u0219i mai plin\u0103 de \u00eencredere \u00een interac\u021biunile cu ceilal\u021bi.[\/vc_column_text][\/vc_column][\/vc_row][vc_row][vc_column][vc_empty_space height=&#8221;12px&#8221;][vc_video link=&#8221;https:\/\/www.youtube.com\/embed\/W9Dlt-iSDb0&#8243;][vc_empty_space height=&#8221;12px&#8221;][\/vc_column][\/vc_row]<\/p>","protected":false},"excerpt":{"rendered":"<p>[vc_row fullwidth=&#8221;true&#8221;][vc_column][vc_single_image image=&#8221;1218&#8243; img_size=&#8221;full&#8221;][\/vc_column][\/vc_row][vc_row][vc_column][vc_column_text css=&#8221;.vc_custom_1522154248058{margin-bottom: 0px !important;}&#8221;]YOGA \u0218I TAOISMUL FRUMUSE\u021aII Acest modul de yoga \u0219i taoism se bazeaz\u0103 pe cartea MAI FRUMOAS\u0102&#8230; | Din secretele yoghine \u0219i taoiste ale frumuse\u021bii, de Julia Kolozsvari Te invit\u0103m la un modul special de yoga \u0219i taoism, care\u00a0 \u00ee\u021bi va aduce o viziune inedit\u0103 asupra frumuse\u021bii. Scopul lui este &hellip;<\/p>\n<p class=\"read-more\"> <a class=\"\" href=\"https:\/\/nicolaecatrina.com\/ro\/yoga-si-taoismul-frumusetii\/\"> <span class=\"screen-reader-text\">YOGA \u0218I TAOISMUL FRUMUSE\u021aII<\/span> Read More &raquo;<\/a><\/p>","protected":false},"author":1,"featured_media":0,"parent":0,"menu_order":0,"comment_status":"closed","ping_status":"closed","template":"","meta":{"_acf_changed":false,"_editorskit_title_hidden":false,"_editorskit_reading_time":0,"_editorskit_is_block_options_detached":false,"_editorskit_block_options_position":"{}","footnotes":""},"acf":[],"_links":{"self":[{"href":"https:\/\/nicolaecatrina.com\/ro\/wp-json\/wp\/v2\/pages\/1050"}],"collection":[{"href":"https:\/\/nicolaecatrina.com\/ro\/wp-json\/wp\/v2\/pages"}],"about":[{"href":"https:\/\/nicolaecatrina.com\/ro\/wp-json\/wp\/v2\/types\/page"}],"author":[{"embeddable":true,"href":"https:\/\/nicolaecatrina.com\/ro\/wp-json\/wp\/v2\/users\/1"}],"replies":[{"embeddable":true,"href":"https:\/\/nicolaecatrina.com\/ro\/wp-json\/wp\/v2\/comments?post=1050"}],"version-history":[{"count":17,"href":"https:\/\/nicolaecatrina.com\/ro\/wp-json\/wp\/v2\/pages\/1050\/revisions"}],"predecessor-version":[{"id":1224,"href":"https:\/\/nicolaecatrina.com\/ro\/wp-json\/wp\/v2\/pages\/1050\/revisions\/1224"}],"wp:attachment":[{"href":"https:\/\/nicolaecatrina.com\/ro\/wp-json\/wp\/v2\/media?parent=1050"}],"curies":[{"name":"wp","href":"https:\/\/api.w.org\/{rel}","templated":true}]}}