
{"id":10350,"date":"2022-01-18T13:03:00","date_gmt":"2022-01-18T13:03:00","guid":{"rendered":"https:\/\/nicolaecatrina.com\/ro\/?page_id=10350"},"modified":"2024-11-29T10:34:38","modified_gmt":"2024-11-29T10:34:38","slug":"yoga-tantrica-tibetana-curs-online-5","status":"publish","type":"page","link":"https:\/\/nicolaecatrina.com\/ro\/yoga-tantrica-tibetana-curs-online-modulul-2\/","title":{"rendered":"Yoga Tantric\u0103 Tibetan\u0103 &#8211; modulul 2 (online)"},"content":{"rendered":"<h3 class=\"wp-block-heading has-text-align-center\">Curs de ini\u021biere practic\u0103 \u00een<\/h3>\n\n\n\n<h2 class=\"wp-block-heading has-text-align-center\"><strong>Yoga Tantric\u0103 Tibetan\u0103<\/strong><\/h2>\n\n\n\n<h4 class=\"wp-block-heading has-text-align-center\">~ modulul 2 online, pe baza \u00eenregistr\u0103rilor ~<\/h4>\n\n\n\n<h4 class=\"wp-block-heading has-text-align-center has-black-color has-text-color has-link-color wp-elements-09abcc2a9785edb066811be9098e7c2f\">cu Nicolae Catrina<\/h4>\n\n\n\n<div style=\"height:76px\" aria-hidden=\"true\" class=\"wp-block-spacer\"><\/div>\n\n\n\n<figure class=\"wp-block-embed is-type-video is-provider-vimeo wp-block-embed-vimeo wp-embed-aspect-16-9 wp-has-aspect-ratio\"><div class=\"wp-block-embed__wrapper\">\n<div class=\"ast-oembed-container\"><iframe loading=\"lazy\" title=\"YTT-Modulul-2-Introducere\" src=\"https:\/\/player.vimeo.com\/video\/684144407?h=0b3c96a883&amp;dnt=1&amp;app_id=122963\" width=\"500\" height=\"281\" frameborder=\"0\" allow=\"autoplay; fullscreen; picture-in-picture; clipboard-write; encrypted-media\"><\/iframe><\/div>\n<\/div><\/figure>\n\n\n\n<div style=\"height:44px\" aria-hidden=\"true\" class=\"wp-block-spacer\"><\/div>\n\n\n\n<div style=\"height:39px\" aria-hidden=\"true\" class=\"wp-block-spacer\"><\/div>\n\n\n\n<ul class=\"is-style-none\">\n<li>Acest curs v\u0103 ofer\u0103 o prezentare aprofundat\u0103 a tradi\u021biei tantrice tibetane <strong><em>Vajrayana<\/em><\/strong> \u0219i a bazelor sale ezoterice (<strong><em>Mahasiddha Yoga<\/em><\/strong>) precum \u0219i o ampl\u0103 ini\u021biere practic\u0103 \u00een procedeele secrete ale celor mai importante \u0219coli \u0219i tratate ale tantrismului tibetan: <em>Mahamudra,<\/em> <em>Dzogchen<\/em>, <em>Hevajra<\/em>, <em>Bardo<\/em>, <em>Chod<\/em>, <em>Chakrasamvara<\/em>, <em>Dakini Tantra<\/em> etc. Cursul cuprinde un vast ansamblu de tehnici \u0219i procedee deosebit de eficiente ale tantrismului tibetan.&nbsp;<\/li>\n\n\n\n<li>\u00cen cadrul primului modul al acestui curs a fost revelat\u0103 taina \u201est\u0103rilor intermediare\u201d (<strong><em>Bardo<\/em><\/strong>) \u0219i integrarea lor \u00een practica noastr\u0103 spiritual\u0103 ca excep\u021bionale ocazii de atingere a st\u0103rilor de extaz dumnezeiesc (<em>samadhi<\/em>) \u0219i a ilumin\u0103rii spirituale. A fost oferit\u0103, totodat\u0103, ini\u021bierea \u00een procedeele de realizare spiritual\u0103 \u0219i de transla\u021bie con\u0219tient\u0103 \u00een condi\u021bii existen\u021biale superioare, dumnezeie\u0219ti, procedee ezoterice cuprinse \u00een tratatul <strong><em>Bardo-Thodol<\/em><\/strong>.&nbsp;<\/li>\n\n\n\n<li><\/li>\n\n\n\n<li><strong>Cel de al doilea modul<\/strong> al acestui curs v\u0103 va oferi, printre altele:<\/li>\n\n\n\n<li>\u2022\u2060&nbsp;Ini\u021bierea \u00een anumite <strong>procedee tantrice erotice <\/strong>din cadrul tradi\u021biei tibetane <em>Vajrayana<\/em> \u2013 sau procedeele erotice ezoterice <strong><em>Karma-mudra<\/em><\/strong>, cum sunt cunoscute ele \u00een cadrul acestei tradi\u021bii.<\/li>\n\n\n\n<li>\u2022\u2060&nbsp;Ini\u021bierea \u00een <strong><em>Dakini-Tantra<\/em><\/strong>: revelarea unor modalit\u0103\u021bi tantrice secrete de comuniune subtil\u0103 identificatoare cu anumite entit\u0103\u021bi feminine superioare, sublime (<strong><em>Dakini<\/em><\/strong>-uri) \u00een vederea ob\u021binerii rapide, at\u00e2t a des\u0103v\u00e2r\u0219irii spirituale, c\u00e2t \u0219i a unor extraordinare capacit\u0103\u021bi oculte benefice \u2022\u2060&nbsp;Inclusiv a condi\u021biei exemplare de <em>Shakti<\/em> (femeile) \u0219i a condi\u021biei exemplare de <em>Vira<\/em> (b\u0103rba\u021bii). Aceast\u0103 ini\u021biere este intim corelat\u0103 cu revelarea tipologiilor tantrice fundamentale (at\u00e2t cele feminine, c\u00e2t \u0219i cele masculine) care sunt cunoscute \u00een <strong><em>Kaula Tantra<\/em><\/strong>.<\/li>\n\n\n\n<li>\u2022\u2060&nbsp;Ini\u021bierea \u00een <strong><em>Devata-Yoga<\/em><\/strong> (Yoga identific\u0103rii extatice \u2013 \u00eentr-o manier\u0103 deosebit de eficient\u0103 \u0219i rapid\u0103 \u2013 cu diferite Ipostaze dumnezeie\u0219ti)<\/li>\n\n\n\n<li>\u2022\u2060&nbsp;Ini\u021bierea \u00een <strong><em>Guru-Yoga<\/em><\/strong> (Yoga identific\u0103rii inefabile, beatifice, a con\u0219tiin\u021bei practicantului cu con\u0219tiin\u021ba plenar \u00eendumnezeit\u0103 a Ghidului spiritual)<\/li>\n\n\n\n<li>\u2022\u2060&nbsp;Ini\u021bierea \u00een anumite <strong><em>mantra<\/em><\/strong>-e secrete fundamentale de ac\u021biune ocult\u0103 benefic\u0103 \u0219i de trezire spiritual\u0103 accelerat\u0103.<\/li>\n\n\n\n<li>\u2022\u2060&nbsp;<strong>Numeroase practici tantrice avansate de transformare spiritual\u0103 foarte rapid\u0103<\/strong>!<\/li>\n\n\n\n<li><\/li>\n\n\n\n<li><strong>PARTICIPAREA LA CEL DE AL DOILEA MODUL AL CURSULUI DE YOGA TANTRIC\u0102 TIBETAN\u0102 NU ESTE CONDI\u021aIONAT\u0102 DE PARTICIPAREA LA PRIMUL MODUL!<\/strong><\/li>\n<\/ul>\n\n\n\n<div style=\"height:28px\" aria-hidden=\"true\" class=\"wp-block-spacer\"><\/div>\n\n\n\n<div class=\"wp-block-cover is-light is-style-editorskit-shadow\"><span aria-hidden=\"true\" class=\"wp-block-cover__background has-background-dim-100 has-background-dim\" style=\"background-color:#f6e4ae\"><\/span><div class=\"wp-block-cover__inner-container is-layout-flow wp-block-cover-is-layout-flow\">\n<h2 class=\"wp-block-heading\">Modul de desf\u0103\u0219urare al cursului:<\/h2>\n\n\n\n<ul class=\"is-style-none\">\n<li>\u2756 Acest curs con\u021bine 84 de lec\u021bii.<\/li>\n\n\n\n<li>\u2756 \u00cen primele zile ale lunii vom trimite un e-mail, cu link-urile \u0219i parolele celor 4 cursuri alocate fiec\u0103rei luni, acelor participan\u021bi a c\u0103ror plat\u0103 a fost confirmat\u0103.<\/li>\n\n\n\n<li>\u2756 Link-urile expir\u0103 \u00een ultima zi a lunii respective.<\/li>\n\n\n\n<li>\u2756 Dac\u0103, indiferent de motiv, nu primi\u021bi cursurile, v\u0103 rug\u0103m s\u0103 ne semnala\u021bi aceasta prin <a href=\"mailto:contact@nicolaecatrina.com\" class=\"ek-link\">e-mail<\/a> c\u00e2t mai cur\u00e2nd pentru c\u0103 indiferent de data la care ve\u021bi solicita aceste cursuri valabilitatea lor va ram\u00e2ne aceea\u0219i (ultima zi a fiecarei luni).<\/li>\n\n\n\n<li>\u2756 Pute\u021bi accesa link-urile ori de c\u00e2te ori dori\u021bi \u00een intervalul lunii respective.<\/li>\n\n\n\n<li>\u2756 Ini\u021bierile \u00een <em>mantra<\/em>-e din cadrul acestui curs vor fi oferite \u00een taberele \u0219i evenimentele spirituale sus\u021binute de Nicolae Catrina din \u021bar\u0103 \u0219i din str\u0103in\u0103tate sau de c\u0103tre instructori aviza\u021bi \u00een dou\u0103 ora\u0219e ale Romaniei, Cluj-Napoca si Bucure\u0219ti. Pentru a primi aceste <em>mantra<\/em>-e este necesar sa ave\u021bi \u00een prealabil ini\u021bierea \u00een <em>laya yoga<\/em>. V\u0103 rug\u0103m s\u0103 ne contacta\u021bi personal, prin e-mail, \u00een momentul \u00een care se discut\u0103 \u00een cadrul cursului despre aceste ini\u021bieri pentru a v\u0103 veni \u00een \u00eent\u00e2mpinare cu datele necesare de contact ale instructorilor aviza\u021bi s\u0103 ofere aceste ini\u021bieri. Din cauza faptului c\u0103 nu avem instructori aviza\u021bi \u00een toate ora\u0219ele din Rom\u00e2nia sau din str\u0103in\u0103tate, care s\u0103 v\u0103 poat\u0103 oferi aceste ini\u021bieri, este posibil s\u0103 apar\u0103 \u00eent\u00e2rzieri \u00een primirea acestora.<\/li>\n\n\n\n<li><em>Mantra<\/em>-e \u00een care este oferit\u0103 ini\u021bierea \u00een cadrul modulului 2 al cursului de Yoga Tantric\u0103 Tibetan\u0103 :<\/li>\n<\/ul>\n\n\n\n<ul class=\"is-style-none\">\n<li>\u2022\u2060 \u2060Mantra fundamental\u0103 AUM &#8211; cursul 125<\/li>\n\n\n\n<li>\u2022\u2060 \u2060A doua bija mantra din cadrul mantra-ei binecuv\u00e2nt\u0103rilor &#8211; cursul 127<\/li>\n\n\n\n<li>\u2022\u2060 \u2060A treia bija mantra din cadrul mantra-ei binecuv\u00e2nt\u0103rilor  &#8211; cursul 129<\/li>\n\n\n\n<li>\u2022\u2060 \u2060Bija mantra RAM &#8211; cursul 152<\/li>\n\n\n\n<li>\u2022\u2060 \u2060Bija mantra YAM &#8211; cursul 153<\/li>\n\n\n\n<li>\u2022\u2060 \u2060Mantra de invocare a lui Amrita Kundalin (astra mantra sau cea de a treia mantra de la procedeul de Phowa) &#8211; cursul 154<\/li>\n\n\n\n<li>\u2022\u2060 \u2060Mantra secret\u0103 a lui Vajra Daka &#8211; cursul 156<\/li>\n\n\n\n<li>\u2022\u2060 \u2060Bija mantra primordial\u0103 A &#8211; cursul 180<\/li>\n<\/ul>\n\n\n\n<p>\u2756 Dac\u0103 v\u0103 \u00eenscrie\u021bi la acest curs ulterior datei de \u00eencepere, v\u0103 rug\u0103m s\u0103 ave\u021bi \u00een vedere c\u0103 este necesar s\u0103 ajunge\u021bi la zi cu vizionarea cursurilor cu restul grupei \u00een intervalul lunii \u00een care v-a\u021bi \u00eenscris (dac\u0103 aceasta este posibil), sau s\u0103 a\u0219tepta\u021bi \u00eenceperea unei noi grupe. Pentru fiecare lec\u021bie pe care o ave\u021bi de recuperat, ve\u021bi avea la dispozi\u021bie 24h. Acesta nu este un curs sus\u021binut individual ci se organizeaz\u0103 \u00een grup.<\/p>\n\n\n\n<p>\u2756 Nu permitem \u00eenregistrarea audio-video a acestui curs!<\/p>\n<\/div><\/div>\n\n\n\n<div style=\"height:49px\" aria-hidden=\"true\" class=\"wp-block-spacer\"><\/div>\n\n\n\n<div class=\"wp-block-cover is-light is-style-editorskit-shadow\"><span aria-hidden=\"true\" class=\"wp-block-cover__background has-background-dim-100 has-background-dim\" style=\"background-color:#f6e4ae\"><\/span><div class=\"wp-block-cover__inner-container is-layout-flow wp-block-cover-is-layout-flow\">\n<h2 class=\"wp-block-heading\">C\u00e2t \u0219i cum pl\u0103tesc?<\/h2>\n\n\n\n<p>\u2756 Costul cursului este de 200 lei\/lun\u0103.<\/p>\n\n\n\n<p>\u2756 Taxa integral\u0103 a cursului este de 3600 lei. \u00cen acest caz ve\u021bi beneficia de 3 luni (12 lec\u021bii gratuite).<\/p>\n\n\n\n<p>\u2756 Taxa de curs nu este rambursabil\u0103! <\/p>\n\n\n\n<p>\u2756 Odat\u0103 \u00eenscri\u0219i la acest curs, dac\u0103 dori\u021bi s\u0103 \u00eel continua\u021bi \u00een luna urm\u0103toare, este necesar s\u0103 achita\u021bi taxa de participare p\u00e2n\u0103 la finele lunii \u00een curs. \u00cent\u00e2rzierea se penalizeaz\u0103 cu 50 lei. <\/p>\n\n\n\n<p>\u2756 Dac\u0103 se dore\u0219te revizionarea unui curs anterior se pl\u0103te\u0219te taxa de 35 lei. <\/p>\n\n\n\n\n\n<h2 class=\"wp-block-heading\">Modalit\u0103\u021bi de plat\u0103<\/h2>\n\n\n\n<h5 class=\"wp-block-heading\"><strong>Plata cu cardul via Netopia<\/strong><\/h5>\n\n\n\n<form class=\"cart\" enctype=\"multipart\/form-data\" method=\"post\" action=\"\"><input class=\"input-text qty text\" title=\"Qty\" size=\"2\" name=\"quantity\" type=\"text\" value=\"1\">&nbsp;<button class=\"single_add_to_cart_button button alt\" name=\"add-to-cart\" type=\"submit\" value=\"10383\">Pl\u0103tesc 200 lei<\/button><span style=\"color:#000\"><\/span> \n<input type=\"hidden\" name=\"trp-form-language\" value=\"ro\"\/><\/form>\n\n\n\n<form class=\"cart\" enctype=\"multipart\/form-data\" method=\"post\" action=\"\"><input class=\"input-text qty text\" title=\"Qty\" size=\"2\" name=\"quantity\" type=\"text\" value=\"1\">&nbsp;<button class=\"single_add_to_cart_button button alt\" name=\"add-to-cart\" type=\"submit\" value=\"18791\">3600 lei \/ plat\u0103 integral\u0103<\/button><span style=\"color:#000\"><\/span> \n<input type=\"hidden\" name=\"trp-form-language\" value=\"ro\"\/><\/form>\n\n\n\n<form class=\"cart\" enctype=\"multipart\/form-data\" method=\"post\" action=\"\"><input class=\"input-text qty text\" title=\"Qty\" size=\"2\" name=\"quantity\" type=\"text\" value=\"1\">&nbsp;<button class=\"single_add_to_cart_button button alt\" name=\"add-to-cart\" type=\"submit\" value=\"17344\">50 lei \/ penalizare pentru \u00eent\u00e2rziere<\/button><span style=\"color:#000\"><\/span> \n<input type=\"hidden\" name=\"trp-form-language\" value=\"ro\"\/><\/form>\n\n\n\n<form class=\"cart\" action=\"\/plata-revizionare\" data-trp-original-action=\"\/plata-revizionare\"><button class=\"single_add_to_cart_button button alt\" type=\"submit\">Doresc s\u0103 recuperez\/revizionez un curs (35 ron)<\/button><input type=\"hidden\" name=\"trp-form-language\" value=\"ro\"\/><\/form>\n<\/div><\/div>\n\n\n\n<div style=\"height:35px\" aria-hidden=\"true\" class=\"wp-block-spacer\"><\/div>\n\n\n\n<ul class=\"is-style-none\">\n<li>\u2756 Prin \u00eenscrierea la acest curs sunte\u021bi de acord cu <a href=\"https:\/\/nicolaecatrina.com\/ro\/termeni-si-conditii\/\" class=\"ek-link\">Termenii \u0219i condi\u021biile<\/a>.<\/li>\n\n\n\n<li>\u2756 Pentru orice ave\u021bi nevoie v\u0103 rug\u0103m s\u0103 ne scrie\u021bi pe e-mailul: contact@nicolaecatrina.com<\/li>\n<\/ul>","protected":false},"excerpt":{"rendered":"<p>Curs de ini\u021biere practic\u0103 \u00een Yoga Tantric\u0103 Tibetan\u0103 ~ modulul 2 online, pe baza \u00eenregistr\u0103rilor ~ cu Nicolae Catrina<\/p>","protected":false},"author":1,"featured_media":0,"parent":0,"menu_order":0,"comment_status":"closed","ping_status":"closed","template":"","meta":{"_acf_changed":false,"_editorskit_title_hidden":false,"_editorskit_reading_time":4,"_editorskit_is_block_options_detached":false,"_editorskit_block_options_position":"{}","footnotes":""},"acf":[],"_links":{"self":[{"href":"https:\/\/nicolaecatrina.com\/ro\/wp-json\/wp\/v2\/pages\/10350"}],"collection":[{"href":"https:\/\/nicolaecatrina.com\/ro\/wp-json\/wp\/v2\/pages"}],"about":[{"href":"https:\/\/nicolaecatrina.com\/ro\/wp-json\/wp\/v2\/types\/page"}],"author":[{"embeddable":true,"href":"https:\/\/nicolaecatrina.com\/ro\/wp-json\/wp\/v2\/users\/1"}],"replies":[{"embeddable":true,"href":"https:\/\/nicolaecatrina.com\/ro\/wp-json\/wp\/v2\/comments?post=10350"}],"version-history":[{"count":133,"href":"https:\/\/nicolaecatrina.com\/ro\/wp-json\/wp\/v2\/pages\/10350\/revisions"}],"predecessor-version":[{"id":21395,"href":"https:\/\/nicolaecatrina.com\/ro\/wp-json\/wp\/v2\/pages\/10350\/revisions\/21395"}],"wp:attachment":[{"href":"https:\/\/nicolaecatrina.com\/ro\/wp-json\/wp\/v2\/media?parent=10350"}],"curies":[{"name":"wp","href":"https:\/\/api.w.org\/{rel}","templated":true}]}}