
{"id":10320,"date":"2022-01-17T14:53:23","date_gmt":"2022-01-17T14:53:23","guid":{"rendered":"https:\/\/nicolaecatrina.com\/ro\/?page_id=10320"},"modified":"2026-04-15T10:18:04","modified_gmt":"2026-04-15T10:18:04","slug":"yoga-tantrica-tibetana-curs-online-4","status":"publish","type":"page","link":"https:\/\/nicolaecatrina.com\/ro\/yoga-tantrica-tibetana-curs-online-modulul-1\/","title":{"rendered":"Yoga Tantric\u0103 Tibetan\u0103 &#8211; modulul 1 (online)"},"content":{"rendered":"<h3 class=\"wp-block-heading has-text-align-center\">Curs de ini\u021biere practic\u0103 \u00een<\/h3>\n\n\n\n<h2 class=\"wp-block-heading has-text-align-center\"><strong>Yoga Tantric\u0103 Tibetan\u0103<\/strong><\/h2>\n\n\n\n<h4 class=\"wp-block-heading has-text-align-center\">~ <meta charset=\"utf-8\">modulul 1 ~<\/h4>\n\n\n\n<h4 class=\"wp-block-heading has-text-align-center\">online, pe baza \u00eenregistr\u0103rilor<\/h4>\n\n\n\n<h4 class=\"wp-block-heading has-text-align-center has-black-color has-text-color has-link-color wp-elements-09abcc2a9785edb066811be9098e7c2f\">cu Nicolae Catrina<\/h4>\n\n\n\n\n\n<div style=\"height:36px\" aria-hidden=\"true\" class=\"wp-block-spacer\"><\/div>\n\n\n\n<ul class=\"is-style-none\">\n<li>Acest curs v\u0103 ofer\u0103 o prezentare aprofundat\u0103 a tradi\u021biei tantrice tibetane Vajrayana \u0219i a bazelor sale ezoterice (Mahasiddha Yoga) precum \u0219i o ampl\u0103 ini\u021biere practic\u0103 \u00een procedeele \u0219i revela\u021biile secrete ale celor mai importante \u0219coli \u0219i tratate spirituale ale tantrismului tibetan: Mahamudra (Dzogchen), Hevajra, Bardo, Chod, Chakrasamvara, Yogini Tantra etc. Cursul cuprinde un vast ansamblu de tehnici \u0219i procedee spirituale deosebit de eficiente ale tantrismului tibetan, cum ar fi:<\/li>\n\n\n\n<li>Revelarea tainei a\u0219a-numitelor \u201est\u0103ri intermediare\u201d (Bardo), cultivarea \u0219i integrarea lor \u00een practica noastr\u0103 spiritual\u0103 ca excep\u021bionale ocazii de atingere a st\u0103rilor de extaz dumnezeiesc (samadhi) \u0219i a ilumin\u0103rii spirituale.<\/li>\n\n\n\n<li><\/li>\n\n\n\n<li>Ini\u021bierea, dintr-o perspectiv\u0103 modern\u0103 (care integreaz\u0103 Fizica cuantic\u0103, Parapsihologia, dar \u0219i alte domenii ale g\u00e2ndirii contemporane), \u00een procedeele tradi\u021bionale de realizare spiritual\u0103 \u0219i de transla\u021bie con\u0219tient\u0103 \u00een st\u0103ri de existen\u021b\u0103 superioare, dumnezeie\u0219ti, ce sunt cuprinse \u00een tratatul Bardo-Thodol \u0219i care includ, printre altele:<\/li>\n<\/ul>\n\n\n\n<ul class=\"is-style-none\">\n<li><span style=\"white-space-collapse: collapse;\">\u2022&nbsp;<\/span>Transformarea momentului mor\u021bii \u0219i a perioadei imediat urm\u0103toare acesteia \u00een formidabile ocazii de atingere imediat\u0103 a ilumin\u0103rii spirituale;<\/li>\n\n\n\n<li>\u2022&nbsp;Revelarea misterului diferitelor stadii \u0219i etape ale acestei transla\u021bii definitive de la via\u021ba fizic\u0103 la sferele subtile de existen\u021b\u0103;<\/li>\n\n\n\n<li>\u2022&nbsp;Dob\u00e2ndirea, at\u00e2t a cunoa\u0219terii, c\u00e2t \u0219i a capacit\u0103\u021bii efective de a ajuta \u0219i ghida spiritual alte fiin\u021be umane \u00een lumile de dincolo;<\/li>\n\n\n\n<li>\u2022&nbsp;Erosul tantric, modalitate esen\u021bial\u0103 de atingere a st\u0103rii de \u00eendumnezeire; procedee erotice tantrice ezoterice;<\/li>\n\n\n\n<li>\u2022&nbsp;Revelarea unor modalit\u0103\u021bi tantrice secrete de comuniune subtil\u0103 identificatoare cu anumite entit\u0103\u021bi feminine superioare, sublime (Dakini-uri) \u00een vederea ob\u021binerii rapide, at\u00e2t a des\u0103v\u00e2r\u0219irii spirituale, c\u00e2t \u0219i a unor extraordinare capacit\u0103\u021bi \u0219i \u00eenzestr\u0103ri oculte benefice \u2013 inclusiv a condi\u021biei exemplare de Shakti (femeile) \u0219i a condi\u021biei exemplare de Vira (b\u0103rba\u021bii);<\/li>\n\n\n\n<li>\u2022&nbsp;Tehnici \u0219i procedee tantrice \u2013 care vor fi corelate cu descoperiri \u0219tiin\u021bifice de ultim\u0103 or\u0103 \u2013 de integrare con\u0219tient\u0103 a st\u0103rilor de vis lucid \u0219i a experien\u021belor onirice ca excep\u021bionale modalit\u0103\u021bi de trezire spiritual\u0103;<\/li>\n\n\n\n<li>\u2022&nbsp;Tehnici de trezire \u0219i dinamizare a a\u0219a-numitei \u201ec\u0103lduri subtile mistice\u201d (Tumo) ca factor alchimic interior esen\u021bial al transform\u0103rii spirituale;<\/li>\n\n\n\n<li>\u2022&nbsp;Revelarea, dintr-o nou\u0103 perspectiv\u0103, a unor modalit\u0103\u021bi tantrice de proiec\u021bie astral\u0103 con\u0219tient\u0103 \u0219i de transfer voluntar al con\u0219tiin\u021bei (Phowa) \u00een alte forme \u0219i domenii de existen\u021b\u0103;<\/li>\n\n\n\n<li>\u2022&nbsp;Ini\u021bierea \u00een anumite mantra-e secrete fundamentale de ac\u021biune ocult\u0103 benefic\u0103 \u0219i de trezire spiritual\u0103 accelerat\u0103;<\/li>\n\n\n\n<li>\u2022&nbsp;Numeroase alte practici tantrice avansate de transformare spiritual\u0103 foarte rapid\u0103!<\/li>\n<\/ul>\n\n\n\n<div class=\"wp-block-cover is-light is-style-editorskit-shadow\"><span aria-hidden=\"true\" class=\"wp-block-cover__background has-background-dim-100 has-background-dim\" style=\"background-color:#f6e4ae\"><\/span><div class=\"wp-block-cover__inner-container is-layout-flow wp-block-cover-is-layout-flow\">\n<h2 class=\"wp-block-heading\">Modul de desf\u0103\u0219urare a cursului:<\/h2>\n\n\n\n<p>\u2756 Acest curs con\u021bine 114 lec\u021bii. <\/p>\n\n\n\n<p>\u2756 \u00cen primele zile ale lunii vom trimite un mail cu link-urile \u0219i parolele celor 4 cursuri alocate fiec\u0103rei luni acelor participan\u021bi a c\u0103ror plat\u0103 a fost confirmat\u0103 (Not\u0103! Ultima lun\u0103 de curs con\u021bine doar dou\u0103 lec\u021bii). <\/p>\n\n\n\n<p>\u2756 Link-urile expir\u0103 \u00een ultima zi a lunii respective. <\/p>\n\n\n\n<p>\u2756 Dac\u0103, indiferent de motiv, nu primi\u021bi cursurile, v\u0103 rug\u0103m s\u0103 ne semnala\u021bi aceasta prin <a href=\"mailto:contact@nicolaecatrina.com\" class=\"ek-link\">e-mail<\/a> c\u00e2t mai cur\u00e2nd pentru c\u0103, indiferent de data la care ve\u021bi solicita aceste cursuri, valabilitatea lor va ram\u00e2ne aceea\u0219i (ultima zi a fiec\u0103rei luni).<\/p>\n\n\n\n<p>\u2756 Pute\u021bi accesa link-urile ori de c\u00e2te ori dori\u021bi \u00een intervalul lunii respective. <\/p>\n\n\n\n<p>\u2756 Ini\u021bierile \u00een mantra-e  din cadrul acestui curs vor fi oferite \u00een taberele \u0219i evenimentele spirituale sus\u021binute de Nicolae Catrina din \u021bar\u0103 \u0219i din str\u0103in\u0103tate sau de c\u0103tre instructori aviza\u021bi \u00een Cluj-Napoca \u0219i Bucure\u0219ti. Pentru a primi aceste mantra-e este necesar sa ave\u021bi \u00een prealabil ini\u021bierea \u00een laya yoga. V\u0103 rug\u0103m s\u0103 ne contacta\u021bi personal, prin e-mail, \u00een momentul \u00een care se discut\u0103 \u00een cadrul cursului despre aceste ini\u021bieri pentru a v\u0103 veni \u00een \u00eent\u00e2mpinare cu solu\u021bia cea mai potrivit\u0103 pentru dumneavoastr\u0103. Din cauza faptului c\u0103 nu avem instructori aviza\u021bi \u00een toate ora\u0219ele din Rom\u00e2nia sau din str\u0103in\u0103tate, care s\u0103 v\u0103 poat\u0103 oferi aceste ini\u021bieri, este posibil s\u0103 apar\u0103 \u00eent\u00e2rzieri \u00een primirea acestora.<\/p>\n\n\n\n<p>Initierile care se ofera in cadrul cursului de Yoga Tantrica Tibetana &#8211; modulul 1 &#8211; sunt:<\/p>\n\n\n\n<ol class=\"is-style-connected\">\n<li>Manjushri (cursul 45)<\/li>\n\n\n\n<li>Tara cea Verde (cursul 55)<\/li>\n\n\n\n<li>Dakini cea Alba (cursul 71)<\/li>\n\n\n\n<li>Dakini cea Albastra (cursul 79)<\/li>\n\n\n\n<li>Dakini cea Galbena (cursul 101)<\/li>\n\n\n\n<li>Dakini cea Rosie (cursul 104)<\/li>\n\n\n\n<li>Dakini cea Verde (cursul 107)<\/li>\n\n\n\n<li>Mantra secreta de deschidere a lui brahmarandhra (doar pentru cei care nu au primit-o inca in cadrul tehnicii de phowa) (cursul 114).<\/li>\n<\/ol>\n\n\n\n<p>\u2756 Dac\u0103 v\u0103 \u00eenscrie\u021bi la acest curs ulterior datei de \u00eencepere, v\u0103 rug\u0103m s\u0103 ave\u021bi \u00een vedere c\u0103 este necesar s\u0103 ajunge\u021bi la zi cu vizionarea cursurilor cu restul grupei \u00een intervalul lunii \u00een care v-a\u021bi \u00eenscris (dac\u0103 aceasta este posibil), sau s\u0103 a\u0219tepta\u021bi \u00eenceperea unei noi grupe. Pentru fiecare lec\u021bie pe care o ave\u021bi de recuperat, ve\u021bi avea la dispozi\u021bie 24h. Acesta nu este un curs sus\u021binut individual ci se organizeaz\u0103 \u00een grup.<\/p>\n\n\n\n<p>\u2756 Nu permitem \u00eenregistrarea audio-video a acestui curs!<\/p>\n<\/div><\/div>\n\n\n\n<div style=\"height:49px\" aria-hidden=\"true\" class=\"wp-block-spacer\"><\/div>\n\n\n\n<div class=\"wp-block-cover is-light is-style-editorskit-shadow\"><span aria-hidden=\"true\" class=\"wp-block-cover__background has-background-dim-100 has-background-dim\" style=\"background-color:#f6e4ae\"><\/span><div class=\"wp-block-cover__inner-container is-layout-flow wp-block-cover-is-layout-flow\">\n<h2 class=\"wp-block-heading\">C\u00e2t si cum pl\u0103tesc?<\/h2>\n\n\n\n<p>\u2756 Costul cursului este de 200 lei\/lun\u0103.<\/p>\n\n\n\n<p>\u2756 Pentru plata integral\u0103 a cursului (114 lec\u021bii) beneficia\u021bi de 14 lec\u021bii gratuite. Taxa integral\u0103 este 5000 lei. \u00cen cazul acesta plata se face doar prin transfer bancar. V\u0103 rug\u0103m s\u0103 ne contacta\u021bi pe email pentru detalii.<\/p>\n\n\n\n<p>\u2756 Pentru plata cursului pe 1 an (12 luni) beneficia\u021bi de 4 lec\u021bii gratuite  (a 13-a lun\u0103). Taxa este de 2400 lei. \u0218i \u00een cazul acesta plata se poate face doar prin transfer bancar. V\u0103 rug\u0103m s\u0103 ne contacta\u021bi pe email pentru detalii.<\/p>\n\n\n\n<p>\u2756 Taxa de curs nu este rambursabil\u0103! <\/p>\n\n\n\n<p>\u2756 Odat\u0103 \u00eenscri\u0219i la acest curs, este necesar s\u0103 achita\u021bi taxa de participare pentru luna urm\u0103toare p\u00e2n\u0103 la finele lunii \u00een curs. \u00cent\u00e2rzierea se penalizeaz\u0103 cu 50 lei. <\/p>\n\n\n\n<p>\u2756 Dac\u0103 se dore\u0219te revizionarea unui curs anterior se pl\u0103te\u0219te taxa de 35 lei. <\/p>\n\n\n\n<h2 class=\"wp-block-heading\">Modalit\u0103\u021bi de plat\u0103<\/h2>\n\n\n\n<h5 class=\"wp-block-heading\">1. <strong>Plata cu debit\/credit card via Netopia<\/strong><\/h5>\n\n\n\n<form class=\"cart\" enctype=\"multipart\/form-data\" method=\"post\" action=\"\"><input class=\"input-text qty text\" title=\"Qty\" size=\"2\" name=\"quantity\" type=\"text\" value=\"1\">&nbsp;<button class=\"single_add_to_cart_button button alt\" name=\"add-to-cart\" type=\"submit\" value=\"7250\">Pl\u0103tesc 200 lei<\/button>&nbsp;<span style=\"color:#000\"><\/span> \n<input type=\"hidden\" name=\"trp-form-language\" value=\"ro\"\/><\/form>\n\n\n\n<form class=\"cart\" enctype=\"multipart\/form-data\" method=\"post\" action=\"\"><input class=\"input-text qty text\" title=\"Qty\" size=\"2\" name=\"quantity\" type=\"text\" value=\"1\">&nbsp;<button class=\"single_add_to_cart_button button alt\" name=\"add-to-cart\" type=\"submit\" value=\"17344\">50 lei \/ penalizare pentru \u00eent\u00e2rziere<\/button>&nbsp;<span style=\"color:#000\"><\/span> \n<input type=\"hidden\" name=\"trp-form-language\" value=\"ro\"\/><\/form>\n\n\n\n<form class=\"cart\" action=\"\/plata-revizionare\" data-trp-original-action=\"\/plata-revizionare\"><button class=\"single_add_to_cart_button button alt\" type=\"submit\">Doresc s\u0103 recuperez\/revizionez un curs (35 ron)<\/button><input type=\"hidden\" name=\"trp-form-language\" value=\"ro\"\/><\/form>\n\n\n\n<div style=\"height:46px\" aria-hidden=\"true\" class=\"wp-block-spacer\"><\/div>\n<\/div><\/div>\n\n\n\n<div style=\"height:20px\" aria-hidden=\"true\" class=\"wp-block-spacer\"><\/div>\n\n\n\n<ul class=\"is-style-none\">\n<li>\u2756 Pentru orice ave\u021bi nevoie v\u0103 rug\u0103m s\u0103 ne scrie\u021bi pe e-mailul: contact@nicolaecatrina.com<\/li>\n\n\n\n<li>\u2756 V\u0103 vom r\u0103spunde solicit\u0103rilor \u00een cel mai scurt timp posibil de luni p\u00e2n\u0103 vineri.<\/li>\n\n\n\n<li>\u2756 Prin \u00eenscrierea la acest curs sunte\u021bi de acord cu <a href=\"https:\/\/nicolaecatrina.com\/ro\/termeni-si-conditii\/\" class=\"ek-link\">Termenii \u0219i condi\u021biile<\/a>.<\/li>\n<\/ul>","protected":false},"excerpt":{"rendered":"<p>Curs de ini\u021biere practic\u0103 \u00een Yoga Tantric\u0103 Tibetan\u0103 ~ modulul 1 ~ online, pe baza \u00eenregistr\u0103rilor cu Nicolae Catrina<\/p>","protected":false},"author":1,"featured_media":0,"parent":0,"menu_order":0,"comment_status":"closed","ping_status":"closed","template":"","meta":{"_acf_changed":false,"_editorskit_title_hidden":false,"_editorskit_reading_time":4,"_editorskit_is_block_options_detached":false,"_editorskit_block_options_position":"{}","footnotes":""},"acf":[],"_links":{"self":[{"href":"https:\/\/nicolaecatrina.com\/ro\/wp-json\/wp\/v2\/pages\/10320"}],"collection":[{"href":"https:\/\/nicolaecatrina.com\/ro\/wp-json\/wp\/v2\/pages"}],"about":[{"href":"https:\/\/nicolaecatrina.com\/ro\/wp-json\/wp\/v2\/types\/page"}],"author":[{"embeddable":true,"href":"https:\/\/nicolaecatrina.com\/ro\/wp-json\/wp\/v2\/users\/1"}],"replies":[{"embeddable":true,"href":"https:\/\/nicolaecatrina.com\/ro\/wp-json\/wp\/v2\/comments?post=10320"}],"version-history":[{"count":114,"href":"https:\/\/nicolaecatrina.com\/ro\/wp-json\/wp\/v2\/pages\/10320\/revisions"}],"predecessor-version":[{"id":26932,"href":"https:\/\/nicolaecatrina.com\/ro\/wp-json\/wp\/v2\/pages\/10320\/revisions\/26932"}],"wp:attachment":[{"href":"https:\/\/nicolaecatrina.com\/ro\/wp-json\/wp\/v2\/media?parent=10320"}],"curies":[{"name":"wp","href":"https:\/\/api.w.org\/{rel}","templated":true}]}}