
{"id":1007,"date":"2017-12-12T21:21:00","date_gmt":"2017-12-12T21:21:00","guid":{"rendered":"https:\/\/nicolaecatrina.com\/?page_id=1007"},"modified":"2024-11-26T11:07:30","modified_gmt":"2024-11-26T11:07:30","slug":"termeni-si-conditii","status":"publish","type":"page","link":"https:\/\/nicolaecatrina.com\/ro\/termeni-si-conditii\/","title":{"rendered":"Termeni \u0219i condi\u021bii"},"content":{"rendered":"<p><\/p>\n\n\n<p>Prezentul document prin con\u021binutul s\u0103u pune la dispozitia ter\u021bilor utilizatori Regulamentul privind termenii \u0219i condi\u021biile de utilizare a site-ului  www.nicolaecatrina.com.<\/p>\n\n\n\n<p>www.<meta charset=\"utf-8\">nicolaecatrina.ro este website-ul firmei SC Self Awakening S.R.L., av\u00e2nd punctul de lucru \u00een Cluj-Napoca, Str. Callatis 27, CUI 44682805, J12\/3692\/2021.<\/p>\n\n\n\n<p>Utilizarea site-ului (incluz\u00e2nd accesul, navigarea \u0219i cump\u0103rarea produselor de pe acest site) constituie un acord implicit de respectare a termenilor \u0219i condi\u021biilor enun\u021bate \u00een cuprinsul prezentului document cu toate efectele \u0219i consecin\u021bele ce decurg din aceasta.<\/p>\n\n\n\n<p>Administratorul site-ului <meta charset=\"utf-8\">Self Awakening (www.<meta charset=\"utf-8\">nicolaecatrina.ro) \u00ee\u0219i rezerv\u0103 dreptul de a modifica \u00een orice moment con\u021binutul acestui acord, f\u0103r\u0103 notificarea prealabil\u0103 a persoanelor care \u00eel utilizeaz\u0103, denumite \u00een continuare \u201eUtilizatori\u201d. Utilizatorii vor avea acces permanent la termenii \u0219i condi\u021biile de utilizare a serviciilor, pentru a le putea consulta \u00een orice moment.<\/p>\n\n\n\n<h4 class=\"wp-block-heading\">Con\u021binutul site-ului \u0219i drepturile de proprietate intelectual\u0103&nbsp;<\/h4>\n\n\n\n<p>Con\u021binutul acestui site nu poate fi utilizat, reprodus, distribuit, transmis, expus, \u00een alte scopuri decat cele expres \u0219i legal permise. Extragerea oric\u0103ror informa\u021bii urmat\u0103 de orice utilizare \u00een scop comercial care dep\u0103\u0219e\u0219te sfera copiei private reglementate de lege sau pentru v\u00e2nzare ori licen\u021biere\u00a0\u0219i f\u0103r\u0103 a avea \u00een prealabil un consim\u021b\u0103m\u00e2nt scris al titularilor drepturilor de proprietate constituie o \u00eencalcare a termenilor \u0219i condi\u021biilor.<\/p>\n\n\n\n<p>Nu se accept\u0103 \u00eenregistrarea audio-video a con\u021binutului evenimentelor organizate de noi. Participan\u021bii sunt ruga\u021bi s\u0103 respecte confiden\u021bialitatea \u0219i integritatea materialelor prezentate.<br>\u2060Link-urile de acces audio-video furnizate sunt nominale, destinate exclusiv persoanei \u00een cauz\u0103, \u0219i nu pot fi partajate cu alte persoane sub nici o form\u0103.<\/p>\n\n\n\n<p>Sunte\u021bi de asemenea de acord s\u0103 nu afecta\u021bi \u0219i interfera\u021bi \u00een vreun fel cu elementele de securitate ale site-ului, cu elementele care previn sau restric\u021bioneaz\u0103 utilizarea, copierea unui con\u021binut sau elemente care \u00eent\u0103resc limitele de utilizare a site-ului sau a con\u021binutului acestuia.<\/p>\n\n\n\n<p>Pe nicolaecatrina.ro po\u021bi cump\u0103ra produse virtuale (cursuri video\/audio online sau la \u00eenregistr\u0103rile acestor cursuri la cerere).<\/p>\n\n\n\n<h4 class=\"wp-block-heading\">Produse tangibile<\/h4>\n\n\n\n<h4 class=\"wp-block-heading\">Livrare cu plat\u0103 \u00een avans <\/h4>\n\n\n\n<p>Livrarea produselor tangibile la plata in avans (cu cardul prin procesatorul de plat\u0103 Netopia sau transfer bancar) se face doar in urma confirm\u0103rii pl\u0103\u021bii in platforma noastra NicolaeCatrina.com, in termen de c\u00e2teva zile.<\/p>\n\n\n\n<figure class=\"wp-block-image size-full is-resized\"><img loading=\"lazy\" decoding=\"async\" width=\"674\" height=\"674\" src=\"https:\/\/nicolaecatrina.com\/wp-content\/uploads\/2021\/09\/netopia_banner_patrat.jpeg\" alt=\"\" class=\"wp-image-9397\" style=\"width:187px;height:187px\" srcset=\"https:\/\/nicolaecatrina.com\/wp-content\/uploads\/2021\/09\/netopia_banner_patrat.jpeg 674w, https:\/\/nicolaecatrina.com\/wp-content\/uploads\/2021\/09\/netopia_banner_patrat-500x500.jpeg 500w, https:\/\/nicolaecatrina.com\/wp-content\/uploads\/2021\/09\/netopia_banner_patrat-100x100.jpeg 100w, https:\/\/nicolaecatrina.com\/wp-content\/uploads\/2021\/09\/netopia_banner_patrat-350x350.jpeg 350w, https:\/\/nicolaecatrina.com\/wp-content\/uploads\/2021\/09\/netopia_banner_patrat-300x300.jpeg 300w, https:\/\/nicolaecatrina.com\/wp-content\/uploads\/2021\/09\/netopia_banner_patrat-150x150.jpeg 150w\" sizes=\"(max-width: 674px) 100vw, 674px\" \/><figcaption class=\"wp-element-caption\"> <\/figcaption><\/figure>\n\n\n\n<p>Pentru produsele electronice de pe NicolaeCatrina.ro, livrarea const\u0103 in primirea unei notificari pe e-mail cu link-ul unde se poate accesa produsul, impreuna cu datele de logare pe platform\u0103 (user si parola, in cazul in care nu au fost introduse in formularul de plat\u0103) \u0219i informa\u021biile adi\u021bionale necesare acces\u0103rii acestuia.<\/p>\n\n\n\n<p>Notificarea se primeste pe e-mail dupa inregistrarea pl\u0103\u021bii comenzii in curs de maxim 24h.<\/p>\n\n\n\n<p><\/p>\n\n\n\n<h4 class=\"wp-block-heading\"><strong>Politic\u0103 de retur<\/strong><\/h4>\n\n\n\n<p>Produsele digitale (cursurile online) fac exceptie de la conditiile obisnuite de retur \u00eentrucat sunt considerate servicii de c\u0103tre legislatia \u00een vigoare \u0219i nu pot fi returnate.<\/p>\n\n\n\n<p>Administratorul Self Awakening (www.<meta charset=\"utf-8\">nicolaecatrina.ro) face eforturi permanente pentru a p\u0103stra acurate\u021bea informa\u021biilor de pe site, \u00eens\u0103 uneori acestea pot con\u021bine inadverten\u021be (specifica\u021biile sau pre\u021bul produselor modificate de c\u0103tre producator f\u0103r\u0103 preaviz sau viciate de erori de operare). Aten\u021bie: fotografiiile au caracter informativ \u0219i pot con\u021bine accesorii care nu sunt incluse \u00een pachetele standard.<\/p>\n\n\n\n<p>Pentru workshop-uri, tabere sau evenimente singulare taxa nu este rambursabil\u0103 dec\u00e2t dac\u0103 evenimentul nu mai are loc.<\/p>\n\n\n\n<h4 class=\"wp-block-heading\"><strong>Etic\u0103<\/strong><\/h4>\n\n\n\n<p>Nu accept\u0103m abuzuri verbale \u0219i insulte din partea cursan\u021bilor \u0219i ne rezerv\u0103m dreptul \u00een astfel de cazuri s\u0103 nu mai continu\u0103m colaborarea. Dac\u0103 exist\u0103 sume pl\u0103tite \u00een avans, ele vor fi rambursate.<\/p>\n\n\n\n<h4 class=\"wp-block-heading\"><strong>Frauda<\/strong><\/h4>\n\n\n\n<p>\u00cen scopul acces\u0103rii \u0219i utiliz\u0103rii anumitor sec\u021biuni ale website-ului poate fi necesar\u0103 crearea unui cont personal. Prin prezenta declara\u021bi c\u0103 v\u0103 asuma\u021bi integral responsabilitatea pentru toate \u0219i oricare dintre activit\u0103\u021bile realizate prin intermediul contului pe care \u00eel deschide\u021bi pe website \u0219i, \u00een consecin\u021b\u0103, v\u0103 sf\u0103tuim s\u0103 asigura\u021bi securitatea parolei contului sau a altor date de acces. \u00cen cazul \u00een care securitatea contului pe care \u00eel de\u021bine\u021bi este compromis\u0103, trebuie s\u0103 anun\u021ba\u021bi imediat administratorul site-ului. Self Awakening (www.<meta charset=\"utf-8\">nicolaecatrina.ro) nu este responsabil pentru daunele care v\u0103 sunt cauzate sau care sunt cauzate ter\u021bilor de orice fel, prin utilizarea neautorizat\u0103 a contului.<\/p>\n\n\n\n<h4 class=\"wp-block-heading\">Drept aplicabil<\/h4>\n\n\n\n<p>Prin folosirea site-ului Self Awakening (www.<meta charset=\"utf-8\">nicolaecatrina.ro), utilizatorul se declar\u0103 de acord asupra faptului c\u0103 legile rom\u00e2ne vor guverna termenii \u0219i condi\u021biile de utilizare \u0219i orice disput\u0103 de orice fel care ar putea s\u0103 apar\u0103 \u00eentre utilizatori \u0219i administratorii Self Awakening (www.<meta charset=\"utf-8\">nicolaecatrina.ro) sau asocia\u021bii\/partenerii\/afilia\u021bii acestuia. \u00cen cazul unor eventuale conflicte se va \u00eencerca mai \u00eentai rezolvarea acestora pe cale amiabil\u0103, iar daca rezolvarea pe cale amiabil\u0103 nu va fi posibil\u0103, conflictul va fi solu\u021bionat \u00een instan\u021b\u0103, \u00een conformitate cu legile rom\u00e2ne \u00een vigoare.<\/p>\n\n\n\n<p>Nu permitem folosirea unui limbaj ironic, jignitor, sub nici o forma, iar in acest caz ne rezerv\u0103m dreptul s\u0103 \u00eencet\u0103m orice colaborare.<\/p>\n\n\n\n<h4 class=\"wp-block-heading\">Disponibilitatea serviciului&nbsp;<\/h4>\n\n\n\n<p>Administratorul Self Awakening (www.<meta charset=\"utf-8\">nicolaecatrina.ro) \u00ee\u0219i rezerv\u0103 dreptul de a modifica structura \u0219i interfa\u021ba oric\u0103rei pagini sau subpagini a site-ului Self Awakening (www.<meta charset=\"utf-8\">nicolaecatrina.ro) \u00een orice moment \u0219i la orice interval de timp liber ales, av\u00e2nd dreptul de a \u00eentrerupe temporar sau permanent, par\u021bial sau \u00een totalitate serviciile puse la dispozi\u021bia publicului prin intermediul acestui website f\u0103r\u0103 vreo notificare prealabil\u0103 individual\u0103 sau general\u0103.<\/p>\n\n\n\n<p>Dac\u0103 ave\u021bi \u00eentreb\u0103ri sau nel\u0103muriri \u00een leg\u0103tur\u0103 cu ace\u0219ti termeni de utilizare, nu ezita\u021bi s\u0103 ne contacta\u021bi prin intermediul formularului dedicat de contact sau la adresa de email&nbsp;contact@<meta charset=\"utf-8\">nicolaecatrina.ro.<\/p>\n\n\n\n<h4 class=\"wp-block-heading\">&nbsp;Prelucrarea datelor cu caracter personal<\/h4>\n\n\n\n<p>Conform&nbsp;<strong>Regulamentului (UE) 2016\/679<\/strong>&nbsp;al Parlamentului European \u0219i al Consiliului din 27 aprilie 2016 privind protec\u021bia persoanelor fizice \u00een ceea ce prive\u0219te prelucrarea datelor cu caracter personal \u0219i privind libera circula\u021bie a acestor date \u0219i a Legii nr. 677\/2001 pentru protec\u021bia persoanelor cu privire la prelucrarea datelor cu caracter personal \u0219i liber\u0103 circula\u021bie a acestor date, modificat\u0103 \u0219i&nbsp;completat\u0103, SC <meta charset=\"utf-8\">Self Awakening S.R.L. (www.nicolaecatrina.com) are obliga\u021bia de a prelucra \u00een condi\u021bii de siguran\u021b\u0103 \u0219i numai pentru scopurile specificate datele personale furnizate de Utilizatori\/Clien\u021bi.<\/p>\n\n\n\n<p>Prelucrarea datelor cu caracter personal \u00eenseamn\u0103 orice opera\u021biune sau set de opera\u021biuni efectuate asupra datelor cu caracter personal sau asupra seturilor de date cu caracter personal, cu sau f\u0103r\u0103 utilizarea de mijloace automatizate, cum ar fi colectarea, \u00eenregistrarea, organizarea, structurarea, stocarea, adaptarea sau modificarea, extragerea, consultarea, utilizarea, divulgarea prin transmitere, diseminarea sau punerea la dispozi\u021bie \u00een orice alt mod, alinierea sau combinarea, restric\u021bionarea, \u0219tergerea sau distrugerea.<\/p>\n\n\n\n<p>Atunci c\u00e2nd un Utilizator\/Client \u00ee\u0219i creeaz\u0103 un cont pe www.<meta charset=\"utf-8\">nicolaecatrina.ro, \u00ee\u0219i exprim\u0103 \u00een mod expres \u0219i neechivoc acordul ca SC <meta charset=\"utf-8\">Self Awakening S.R.L., \u00een conformitate cu prevederile legale, s\u0103-i prelucreze \u0219i utilizeze datele cu caracter personal furnizate de acesta \u00een orice mod \u0219i document.<\/p>\n\n\n\n<p>Categoriile de date personale prelucrate sunt: numele \u0219i prenumele, telefon, adres\u0103 (domiciliu\/re\u0219edin\u021ba), e-mail. Scopul colect\u0103rii datelor cu caracter personal este:<\/p>\n\n\n\n<p>\u2013 stabilirea contactului cu Clien\u021bii;<\/p>\n\n\n\n<p>\u2013 prelucrarea comenzilor;<\/p>\n\n\n\n<p>\u2013&nbsp;informarea Clien\u021bilor privind evolu\u021bia si starea comenzilor;<\/p>\n\n\n\n<p>\u2013 informarea Clien\u021bilor privind situa\u021bia contului lor de pe www.<meta charset=\"utf-8\">nicolaecatrina.ro, inclusiv validarea, expedierea, facturarea comenzilor \u0219i pentru furnizarea de produse, rezolvarea anul\u0103rilor sau a problemelor de orice natur\u0103 referitoare la Comand\u0103;<\/p>\n\n\n\n<p>\u2013 \u00een orice activit\u0103\u021bi \u0219i scopuri legate de marketing, publicitate, reclam\u0103, inclusiv primirea de apeluri \u00een ac\u021biuni de marketing direct, mesaje text-SMS, e-mailuri \u0219i materiale tip\u0103rite pentru promovarea produselor \u0219i serviciilor oferite de \u0219i\/sau prin intermediul SC <meta charset=\"utf-8\">Self Awakening S.R.L. sau de partenerii contractuali actuali \u0219i viitori ai acestora;<\/p>\n\n\n\n<p>\u2013 monitorizarea satisfac\u021biei Clientului \u0219i a calit\u0103\u021bii serviciului \u0219i produselor oferite de&nbsp; SC <meta charset=\"utf-8\">Self Awakening S.R.L.;<\/p>\n\n\n\n<p>\u2013 \u00een scop statistic.<\/p>\n\n\n\n<p>Refuzul dumneavoastr\u0103 de a v\u0103 fi prelucrate datele cu caracter personal \u00een scop de reclam\u0103, marketing, publicitate, alte scopuri promo\u021bionale sau statistic\u0103 nu v\u0103 \u00eempiedic\u0103 s\u0103 beneficia\u021bi de produsele \u0219i serviciile contractate, dar determin\u0103 imposibilitatea noastr\u0103 de a v\u0103 contacta.<\/p>\n\n\n\n<p>Completarea de c\u0103tre Clien\u021bi a formularelor pe site echivaleaz\u0103 cu acceptarea necondi\u021bionat\u0103 c\u0103 aceste date s\u0103 fie incluse \u00een baz\u0103 de date a www.<meta charset=\"utf-8\">nicolaecatrina.ro \u0219i cu utilizarea \u0219i prelucrarea de c\u0103tre societatea noastr\u0103 \u0219i a ter\u021bilor cu care SC <meta charset=\"utf-8\">Self Awakening S.R.L. (www.<meta charset=\"utf-8\">nicolaecatrina.ro) are relatii de orice natura (inclusiv comerciale).<\/p>\n\n\n\n<p>Clien\u021bilor le sunt garantate drepturile prev\u0103zute de Regulamentul (UE) 2016\/679 \u0219i de Legea nr. 677\/2001 pentru protec\u021bia persoanelor cu privire la prelucrarea datelor cu caracter personal \u0219i liber\u0103 circula\u021bie a acestor date, respectiv dreptul de informare, dreptul de acces la date, dreptul de interven\u021bie, dreptul de opozi\u021bie, dreptul de a nu fi supus unei decizii individuale, dreptul de a se adresa justi\u021biei \u00een caz de \u00eenc\u0103lcare a drepturilor sale.<\/p>\n\n\n\n<p>Clientul are dreptul de a solicita \u0219tergerea total\u0103 sau par\u021bial\u0103 a datelor cu caracter personal.&nbsp;Clientul poate solicita oricare dintre drepturile enumerate mai sus \u00een baz\u0103 unei cereri scrise, semnate \u0219i datate, \u00eenaintat\u0103 c\u0103tre sediul&nbsp;SC <meta charset=\"utf-8\">Self Awakening S.R.L.<\/p>\n\n\n\n<p>\u00cen cazul \u00een care Clientul \u00ee\u0219i modific\u0103, prin utilizarea formularelor de pe site, datele personale livrate deja c\u0103tre www.<meta charset=\"utf-8\">nicolaecatrina.ro \u0219i exist\u0103 Comenzi \u00een derulare, acestea \u00ee\u0219i p\u0103streaz\u0103 datele de la momentul plas\u0103rii Comenzii. Astfel, dac\u0103 v\u0103 modifica\u021bi datele de profil dar ave\u021bi Comenzi plasate care sunt \u00een curs de livrare, v\u0103 rug\u0103m sa ne contacta\u021bi urgent.<\/p>\n\n\n\n<p>SC <meta charset=\"utf-8\">Self Awakening S.R.L. nu solicita Clien\u021bilor s\u0103i prin niciun mijloc de comunicare (telefon\/e-mail, etc) informa\u021bii confiden\u021biale, date despre conturi bancare, parole personale etc. \u00cen cazul \u00een care Clientul le divulga unor ter\u021bi, acesta poart\u0103 \u00eentreag\u0103 responsabilitate pentru ac\u021biunile sale. Astfel, \u00een cazuri de divulgare de astfel de date, Utilizatorul\/Clientul nu \u00eel poate face r\u0103spunz\u0103tor pe SC <meta charset=\"utf-8\">Self Awakening S.R.L pentru niciun fel de prejudiciu.<\/p>\n\n\n\n<p><strong>Singur\u0103 excep\u021bie \u00een care se solicit\u0103 astfel de date este \u00een cazul \u00een care&nbsp;SC <meta charset=\"utf-8\">Self Awakening S.R.L&nbsp;solicita Clien\u021bilor num\u0103rul contului bancar pentru a proceda la transferul sumei aferente unei Comenzi returnate \u00een condi\u021biile legii.<\/strong><\/p>\n\n\n<p><\/p>","protected":false},"excerpt":{"rendered":"<p>Prezentul document prin con\u021binutul s\u0103u pune la dispozitia ter\u021bilor utilizatori Regulamentul privind termenii \u0219i condi\u021biile de utilizare a site-ului www.nicolaecatrina.com. www.nicolaecatrina.ro este website-ul firmei SC Self Awakening S.R.L., av\u00e2nd punctul de lucru \u00een Cluj-Napoca, Str. Callatis 27, CUI 44682805, J12\/3692\/2021. Utilizarea site-ului (incluz\u00e2nd accesul, navigarea \u0219i cump\u0103rarea produselor de pe acest site) constituie un acord &hellip;<\/p>\n<p class=\"read-more\"> <a class=\"\" href=\"https:\/\/nicolaecatrina.com\/ro\/termeni-si-conditii\/\"> <span class=\"screen-reader-text\">Termeni \u0219i condi\u021bii<\/span> Read More &raquo;<\/a><\/p>","protected":false},"author":1,"featured_media":0,"parent":0,"menu_order":0,"comment_status":"closed","ping_status":"closed","template":"","meta":{"_acf_changed":false,"_editorskit_title_hidden":false,"_editorskit_reading_time":11,"_editorskit_is_block_options_detached":false,"_editorskit_block_options_position":"{}","footnotes":""},"acf":[],"_links":{"self":[{"href":"https:\/\/nicolaecatrina.com\/ro\/wp-json\/wp\/v2\/pages\/1007"}],"collection":[{"href":"https:\/\/nicolaecatrina.com\/ro\/wp-json\/wp\/v2\/pages"}],"about":[{"href":"https:\/\/nicolaecatrina.com\/ro\/wp-json\/wp\/v2\/types\/page"}],"author":[{"embeddable":true,"href":"https:\/\/nicolaecatrina.com\/ro\/wp-json\/wp\/v2\/users\/1"}],"replies":[{"embeddable":true,"href":"https:\/\/nicolaecatrina.com\/ro\/wp-json\/wp\/v2\/comments?post=1007"}],"version-history":[{"count":23,"href":"https:\/\/nicolaecatrina.com\/ro\/wp-json\/wp\/v2\/pages\/1007\/revisions"}],"predecessor-version":[{"id":21007,"href":"https:\/\/nicolaecatrina.com\/ro\/wp-json\/wp\/v2\/pages\/1007\/revisions\/21007"}],"wp:attachment":[{"href":"https:\/\/nicolaecatrina.com\/ro\/wp-json\/wp\/v2\/media?parent=1007"}],"curies":[{"name":"wp","href":"https:\/\/api.w.org\/{rel}","templated":true}]}}