
{"id":24001,"date":"2025-08-13T14:28:13","date_gmt":"2025-08-13T14:28:13","guid":{"rendered":"https:\/\/nicolaecatrina.com\/en\/?post_type=product&#038;p=24001"},"modified":"2025-08-13T14:28:40","modified_gmt":"2025-08-13T14:28:40","slug":"yoga-tantrica-tibetana-modulul-3-plata-lunara-grupa-2","status":"publish","type":"product","link":"https:\/\/nicolaecatrina.com\/en\/product\/ytt-m3-2\/","title":{"rendered":"Yoga Tantric\u0103 Tibetan\u0103 modulul 3 &#8211; plat\u0103 lunar\u0103 GRUPA 2"},"content":{"rendered":"","protected":false},"excerpt":{"rendered":"","protected":false},"featured_media":19767,"template":"","meta":{"_acf_changed":false,"_editorskit_title_hidden":false,"_editorskit_reading_time":0,"_editorskit_is_block_options_detached":false,"_editorskit_block_options_position":"{}"},"product_cat":[84],"product_tag":[],"acf":[],"_links":{"self":[{"href":"https:\/\/nicolaecatrina.com\/en\/wp-json\/wp\/v2\/product\/24001"}],"collection":[{"href":"https:\/\/nicolaecatrina.com\/en\/wp-json\/wp\/v2\/product"}],"about":[{"href":"https:\/\/nicolaecatrina.com\/en\/wp-json\/wp\/v2\/types\/product"}],"wp:featuredmedia":[{"embeddable":true,"href":"https:\/\/nicolaecatrina.com\/en\/wp-json\/wp\/v2\/media\/19767"}],"wp:attachment":[{"href":"https:\/\/nicolaecatrina.com\/en\/wp-json\/wp\/v2\/media?parent=24001"}],"wp:term":[{"taxonomy":"product_cat","embeddable":true,"href":"https:\/\/nicolaecatrina.com\/en\/wp-json\/wp\/v2\/product_cat?post=24001"},{"taxonomy":"product_tag","embeddable":true,"href":"https:\/\/nicolaecatrina.com\/en\/wp-json\/wp\/v2\/product_tag?post=24001"}],"curies":[{"name":"wp","href":"https:\/\/api.w.org\/{rel}","templated":true}]}}