
{"id":22432,"date":"2025-04-10T18:34:26","date_gmt":"2025-04-10T18:34:26","guid":{"rendered":"https:\/\/nicolaecatrina.com\/en\/?post_type=product&#038;p=22432"},"modified":"2025-04-14T18:39:29","modified_gmt":"2025-04-14T18:39:29","slug":"romana-10-pasi-pentru-a-deveni-o-femei-plina-de-incredere-in-sine","status":"publish","type":"product","link":"https:\/\/nicolaecatrina.com\/en\/product\/10_pasi\/","title":{"rendered":"10 pa\u0219i pentru a deveni o femei plina de \u00eencredere in sine"},"content":{"rendered":"<p>\u00cencrederea \u00een sine este o calitate esen\u0163ial\u0103 pentru a avea o via\u0163a \u00eemplinitoare, \u00eens\u0103, din nefericire, majoritatea ne confrunt\u0103m cu caren\u0163e mari la acest nivel.<\/p>\n<p>\u00cencrederea \u00een sine nu este nici tupeu, nici \u00eeng\u00e2mfare, nici atitudinea penibil\u0103 c\u0103 \u0163i se cuvine orice, nici infatuare, ci este acea \u201eputere\u201d care vine din con\u015ftientizarea tuturor comorilor care exist\u0103 \u00een noi, din iubirea de sine, respectul fa\u0163\u0103 de noi \u00een\u015fine \u015fi, nu \u00een ultimul r\u00e2nd, din credin\u0163a \u00een Dumnezeu. Dac\u0103 crezi c\u0103 \u00eencrederea ta depinde de felul cum ar\u0103\u0163i, de c\u00e2t e\u015fti de frumoas\u0103, inteligent\u0103 sau plin\u0103 de alte calit\u0103\u0163i, te \u00een\u015feli. Po\u0163i vedea chiar \u00een jurul t\u0103u femei deosebit de frumoase \u015fi de \u00eenzestrate dar care, paradoxal, nu au \u00eencredere \u00een ele \u00eensele, precum \u015fi femei care aparent au foarte pu\u0163ine \u00eenzestr\u0103ri \u0219i totu\u015fi debordeaz\u0103 de \u00eencredere \u00een sine.<\/p>\n<p>La baza tuturor marilor succese, indiferent de domeniu, s-a aflat \u00eentotdeauna o \u00eencredere deplin\u0103 \u00een sine. \u015etii ce te deosebe\u015fte pe tine de to\u0163i aceia care au reu\u015fit? Poten\u0163ial, absolut nimic.<\/p>\n<p>De multe ori poate te-ai p\u0103c\u0103lit spun\u00e2ndu-\u0163i c\u0103 nu ai timpul necesar pentru a-l \u00eenvesti \u00een dezvoltarea \u00eencrederii \u00een sine, fiind mereu bombardat\u0103 de numeroase alte lucruri aparent mai stringente: copii, familie, job etc. \u00cens\u0103 timpul \u015fi energia \u00eenvestite \u00een cultivarea \u00eencrederii \u00een sine sunt direc\u0163ionate implicit \u0219i \u00een \u00eembun\u0103t\u0103\u0163irea calit\u0103\u0163ii vie\u0163ii tale \u00een general. Este ca \u015fi cum ai spune: \u201eNu am timp s\u0103 \u00eemi fac via\u0163a fericit\u0103 \u015fi \u00eemplinitoare!\u201d Nu conteaz\u0103 v\u00e2rsta, statutul social, e\u015fecurile cu care te-ai confruntat p\u00e2n\u0103 \u00een prezent, aspectul fizic, intelectul etc; niciodat\u0103 nu este prea t\u00e2rziu s\u0103 \u00ee\u0163i dezvol\u0163i \u00eencrederea \u00een sine \u015fi s\u0103 \u00eencepi s\u0103 \u00ee\u0163i valorifici poten\u0163ialul extraordinar cu care e\u015fti cu siguran\u0163a \u00eenzestrat\u0103.<\/p>\n<p>Pe parcursul acestei c\u0103r\u0163i te vei familiariza cu diferite concepte, sfaturi, relat\u0103ri \u015fi exerci\u0163ii care au menirea de a-\u0163i revela complexitatea no\u0163iunii de \u00eencredere \u00een sine \u015fi care de asemenea te vor ajuta s\u0103 o treze\u015fti \u015fi s\u0103 o dezvoI\u0163i \u015fi \u00een fiin\u0163a ta.<\/p>\n<p>D\u0103 la o parte v\u0103lul iluzoriu al neputin\u0163ei \u015fi nevoia constant\u0103 de a primi aprob\u0103ri din partea celorlal\u0163i pentru a-\u0163i urma visurile \u015fi descoper\u0103 c\u0103 ascunzi \u00een tine resurse nelimitate care te pot ajuta s\u0103 tr\u0103ie\u015fti via\u0163a pe care \u0163i-o dore\u015fti \u015fi pe care o meri\u0163i.<\/p>\n<p>&nbsp;<\/p>\n<p>Autor:\u00a0<a href=\"https:\/\/www.selfawakening.net\/staff\/julia-kolozsvari\/\">Julia Kolozsvari<\/a><\/p>\n<p>Nr. pagini: 208<br \/>\nFormat: 13cm x 20cm<br \/>\nISBN: 978-606-92374-1-0<br \/>\nPre\u021b: 20 lei<\/p>\n","protected":false},"excerpt":{"rendered":"<p>\u00cencrederea \u00een sine este o calitate esen\u0163ial\u0103 pentru a avea o via\u0163a \u00eemplinitoare, \u00eens\u0103, din nefericire, majoritatea ne confrunt\u0103m cu caren\u0163e mari la acest nivel. \u00cencrederea \u00een sine nu este nici tupeu, nici \u00eeng\u00e2mfare, nici atitudinea penibil\u0103 c\u0103 \u0163i se cuvine orice, nici infatuare, ci este acea \u201eputere\u201d care vine din con\u015ftientizarea tuturor comorilor care &hellip;<\/p>\n<p class=\"read-more\"> <a class=\"\" href=\"https:\/\/nicolaecatrina.com\/en\/product\/10_pasi\/\"> <span class=\"screen-reader-text\">10 pa\u0219i pentru a deveni o femei plina de \u00eencredere in sine<\/span> Read More &raquo;<\/a><\/p>\n","protected":false},"featured_media":22433,"template":"","meta":{"_acf_changed":false,"_editorskit_title_hidden":false,"_editorskit_reading_time":0,"_editorskit_is_block_options_detached":false,"_editorskit_block_options_position":"{}"},"product_cat":[84],"product_tag":[],"acf":[],"_links":{"self":[{"href":"https:\/\/nicolaecatrina.com\/en\/wp-json\/wp\/v2\/product\/22432"}],"collection":[{"href":"https:\/\/nicolaecatrina.com\/en\/wp-json\/wp\/v2\/product"}],"about":[{"href":"https:\/\/nicolaecatrina.com\/en\/wp-json\/wp\/v2\/types\/product"}],"wp:featuredmedia":[{"embeddable":true,"href":"https:\/\/nicolaecatrina.com\/en\/wp-json\/wp\/v2\/media\/22433"}],"wp:attachment":[{"href":"https:\/\/nicolaecatrina.com\/en\/wp-json\/wp\/v2\/media?parent=22432"}],"wp:term":[{"taxonomy":"product_cat","embeddable":true,"href":"https:\/\/nicolaecatrina.com\/en\/wp-json\/wp\/v2\/product_cat?post=22432"},{"taxonomy":"product_tag","embeddable":true,"href":"https:\/\/nicolaecatrina.com\/en\/wp-json\/wp\/v2\/product_tag?post=22432"}],"curies":[{"name":"wp","href":"https:\/\/api.w.org\/{rel}","templated":true}]}}