
{"id":18791,"date":"2024-07-09T12:46:22","date_gmt":"2024-07-09T12:46:22","guid":{"rendered":"https:\/\/nicolaecatrina.com\/en\/?post_type=product&#038;p=18791"},"modified":"2024-08-26T09:18:03","modified_gmt":"2024-08-26T09:18:03","slug":"yoga-tantrica-tibetana-plata-integrala","status":"publish","type":"product","link":"https:\/\/nicolaecatrina.com\/en\/product\/yoga-tantrica-tibetana-plata-integrala\/","title":{"rendered":"Yoga Tantric\u0103 Tibetan\u0103 &#8211; plata integral\u0103"},"content":{"rendered":"","protected":false},"excerpt":{"rendered":"","protected":false},"featured_media":19767,"template":"","meta":{"_acf_changed":false,"_editorskit_title_hidden":false,"_editorskit_reading_time":0,"_editorskit_is_block_options_detached":false,"_editorskit_block_options_position":"{}"},"product_cat":[84],"product_tag":[],"acf":[],"_links":{"self":[{"href":"https:\/\/nicolaecatrina.com\/en\/wp-json\/wp\/v2\/product\/18791"}],"collection":[{"href":"https:\/\/nicolaecatrina.com\/en\/wp-json\/wp\/v2\/product"}],"about":[{"href":"https:\/\/nicolaecatrina.com\/en\/wp-json\/wp\/v2\/types\/product"}],"wp:featuredmedia":[{"embeddable":true,"href":"https:\/\/nicolaecatrina.com\/en\/wp-json\/wp\/v2\/media\/19767"}],"wp:attachment":[{"href":"https:\/\/nicolaecatrina.com\/en\/wp-json\/wp\/v2\/media?parent=18791"}],"wp:term":[{"taxonomy":"product_cat","embeddable":true,"href":"https:\/\/nicolaecatrina.com\/en\/wp-json\/wp\/v2\/product_cat?post=18791"},{"taxonomy":"product_tag","embeddable":true,"href":"https:\/\/nicolaecatrina.com\/en\/wp-json\/wp\/v2\/product_tag?post=18791"}],"curies":[{"name":"wp","href":"https:\/\/api.w.org\/{rel}","templated":true}]}}