
{"id":17576,"date":"2024-05-13T09:46:37","date_gmt":"2024-05-13T09:46:37","guid":{"rendered":"https:\/\/nicolaecatrina.com\/en\/?post_type=product&#038;p=17576"},"modified":"2024-08-26T09:39:00","modified_gmt":"2024-08-26T09:39:00","slug":"ytt-m3-yearly-subscription","status":"publish","type":"product","link":"https:\/\/nicolaecatrina.com\/en\/product\/ytt-m3-yearly\/","title":{"rendered":"Yoga Tantric\u0103 Tibetan\u0103 modulul 3 &#8211; plat\u0103 pe 1 an"},"content":{"rendered":"","protected":false},"excerpt":{"rendered":"","protected":false},"featured_media":19767,"template":"","meta":{"_acf_changed":false,"_editorskit_title_hidden":false,"_editorskit_reading_time":0,"_editorskit_is_block_options_detached":false,"_editorskit_block_options_position":"{}"},"product_cat":[84],"product_tag":[],"acf":[],"_links":{"self":[{"href":"https:\/\/nicolaecatrina.com\/en\/wp-json\/wp\/v2\/product\/17576"}],"collection":[{"href":"https:\/\/nicolaecatrina.com\/en\/wp-json\/wp\/v2\/product"}],"about":[{"href":"https:\/\/nicolaecatrina.com\/en\/wp-json\/wp\/v2\/types\/product"}],"wp:featuredmedia":[{"embeddable":true,"href":"https:\/\/nicolaecatrina.com\/en\/wp-json\/wp\/v2\/media\/19767"}],"wp:attachment":[{"href":"https:\/\/nicolaecatrina.com\/en\/wp-json\/wp\/v2\/media?parent=17576"}],"wp:term":[{"taxonomy":"product_cat","embeddable":true,"href":"https:\/\/nicolaecatrina.com\/en\/wp-json\/wp\/v2\/product_cat?post=17576"},{"taxonomy":"product_tag","embeddable":true,"href":"https:\/\/nicolaecatrina.com\/en\/wp-json\/wp\/v2\/product_tag?post=17576"}],"curies":[{"name":"wp","href":"https:\/\/api.w.org\/{rel}","templated":true}]}}