
{"id":17575,"date":"2024-05-13T09:45:15","date_gmt":"2024-05-13T09:45:15","guid":{"rendered":"https:\/\/nicolaecatrina.com\/en\/?post_type=product&#038;p=17575"},"modified":"2025-08-13T14:30:04","modified_gmt":"2025-08-13T14:30:04","slug":"ytt-m3-monthly-subscription","status":"publish","type":"product","link":"https:\/\/nicolaecatrina.com\/en\/product\/ytt-m3\/","title":{"rendered":"Yoga Tantric\u0103 Tibetan\u0103 modulul 3 &#8211; plat\u0103 lunar\u0103 GRUPA 1"},"content":{"rendered":"","protected":false},"excerpt":{"rendered":"","protected":false},"featured_media":19767,"template":"","meta":{"_acf_changed":false,"_editorskit_title_hidden":false,"_editorskit_reading_time":0,"_editorskit_is_block_options_detached":false,"_editorskit_block_options_position":"{}"},"product_cat":[84],"product_tag":[],"acf":[],"_links":{"self":[{"href":"https:\/\/nicolaecatrina.com\/en\/wp-json\/wp\/v2\/product\/17575"}],"collection":[{"href":"https:\/\/nicolaecatrina.com\/en\/wp-json\/wp\/v2\/product"}],"about":[{"href":"https:\/\/nicolaecatrina.com\/en\/wp-json\/wp\/v2\/types\/product"}],"wp:featuredmedia":[{"embeddable":true,"href":"https:\/\/nicolaecatrina.com\/en\/wp-json\/wp\/v2\/media\/19767"}],"wp:attachment":[{"href":"https:\/\/nicolaecatrina.com\/en\/wp-json\/wp\/v2\/media?parent=17575"}],"wp:term":[{"taxonomy":"product_cat","embeddable":true,"href":"https:\/\/nicolaecatrina.com\/en\/wp-json\/wp\/v2\/product_cat?post=17575"},{"taxonomy":"product_tag","embeddable":true,"href":"https:\/\/nicolaecatrina.com\/en\/wp-json\/wp\/v2\/product_tag?post=17575"}],"curies":[{"name":"wp","href":"https:\/\/api.w.org\/{rel}","templated":true}]}}