
{"id":16196,"date":"2023-12-15T17:52:29","date_gmt":"2023-12-15T17:52:29","guid":{"rendered":"https:\/\/nicolaecatrina.com\/en\/product\/import-placeholder-for-470\/"},"modified":"2025-12-10T17:16:35","modified_gmt":"2025-12-10T17:16:35","slug":"jumatatea-plina-a-paharului-optimismul","status":"publish","type":"product","link":"https:\/\/nicolaecatrina.com\/en\/product\/jumatatea-plina-a-paharului-optimismul\/","title":{"rendered":"Jum\u0103tatea plin\u0103 a paharului &#8211; OPTIMISMUL"},"content":{"rendered":"<div dir=\"ltr\">&#8220;A-\u021bi urma idealurile nu este \u00eentotdeauna o cale facil\u0103, dar nu vei g\u0103si o alta mai frumoas\u0103.&#8221;<\/div>\n<div dir=\"ltr\">F\u0103 o incursiune \u00een misterele optimismului din perspectiva \u0219tiin\u021bei \u0219i a spiritualit\u0103\u021bii universale.<\/div>\n<div dir=\"ltr\"><\/div>\n<div dir=\"ltr\">Autori:\u00a0<a href=\"http:\/\/anima-animus.ro\/despre-noi\/\">Julia Kolozsvari &amp; Nicolae Catrina<\/a><\/div>\n<div dir=\"ltr\">ISBN: 978-606- 8867-12-0<\/div>\n<div dir=\"ltr\">Num\u0103r de pagini: 78<\/div>\n<div dir=\"ltr\">Alb-negru<\/div>\n<div dir=\"ltr\">Pre\u021b: 40 RON<\/div>\n","protected":false},"excerpt":{"rendered":"<p>&#8220;A-\u021bi urma idealurile nu este \u00eentotdeauna o cale facil\u0103, dar nu vei g\u0103si o alta mai frumoas\u0103.&#8221; F\u0103 o incursiune \u00een misterele optimismului din perspectiva \u0219tiin\u021bei \u0219i a spiritualit\u0103\u021bii universale. Autori:\u00a0Julia Kolozsvari &amp; Nicolae Catrina ISBN: 978-606- 8867-12-0 Num\u0103r de pagini: 78 Alb-negru Pre\u021b: 40 RON<\/p>\n","protected":false},"featured_media":16220,"template":"","meta":{"_acf_changed":false,"_editorskit_title_hidden":false,"_editorskit_reading_time":0,"_editorskit_is_block_options_detached":false,"_editorskit_block_options_position":"{}"},"product_cat":[293],"product_tag":[],"acf":[],"_links":{"self":[{"href":"https:\/\/nicolaecatrina.com\/en\/wp-json\/wp\/v2\/product\/16196"}],"collection":[{"href":"https:\/\/nicolaecatrina.com\/en\/wp-json\/wp\/v2\/product"}],"about":[{"href":"https:\/\/nicolaecatrina.com\/en\/wp-json\/wp\/v2\/types\/product"}],"wp:featuredmedia":[{"embeddable":true,"href":"https:\/\/nicolaecatrina.com\/en\/wp-json\/wp\/v2\/media\/16220"}],"wp:attachment":[{"href":"https:\/\/nicolaecatrina.com\/en\/wp-json\/wp\/v2\/media?parent=16196"}],"wp:term":[{"taxonomy":"product_cat","embeddable":true,"href":"https:\/\/nicolaecatrina.com\/en\/wp-json\/wp\/v2\/product_cat?post=16196"},{"taxonomy":"product_tag","embeddable":true,"href":"https:\/\/nicolaecatrina.com\/en\/wp-json\/wp\/v2\/product_tag?post=16196"}],"curies":[{"name":"wp","href":"https:\/\/api.w.org\/{rel}","templated":true}]}}