
{"id":16191,"date":"2023-12-15T17:52:29","date_gmt":"2023-12-15T17:52:29","guid":{"rendered":"https:\/\/nicolaecatrina.com\/en\/product\/import-placeholder-for-70\/"},"modified":"2025-12-10T16:57:42","modified_gmt":"2025-12-10T16:57:42","slug":"tratate-alchimice-fundamentale-i","status":"publish","type":"product","link":"https:\/\/nicolaecatrina.com\/en\/product\/tratate-alchimice-fundamentale-i\/","title":{"rendered":"Tratate alchimice fundamentale I"},"content":{"rendered":"<p>La modul esen\u0163ial, se poate spune c\u0103 Alchimia, ca \u015ftiin\u0163\u0103 universal\u0103 ocult\u0103 a transform\u0103rii evolutive, este o veritabil\u0103 sintez\u0103 a tuturor c\u0103ilor spirituale autentice, \u00eentruc\u00e2t ea se reg\u0103se\u015fte \u00eentr-o form\u0103 sau alta \u015fi sub un nume sau altul \u00een aproape orice context ini\u0163iatic.<br \/>\nSe spune adesea c\u0103 obiectul Alchimiei este transformarea metalelor \u00een aur. Trebuie s\u0103 avem \u00eens\u0103 \u00een vedere c\u0103 limbajul alchimic este prin excelen\u0163\u0103 un limbaj simbolic, aceasta f\u0103c\u00e2nd ca \u00een\u0163elegerea just\u0103 a textelor alchimice s\u0103 implice o abordare multidimensional\u0103 a sensurilor lor, abordare ce depinde desigur \u00een mod direct de nivelul de con\u015ftiin\u0163\u0103 \u015fi de evolu\u0163ie l\u0103untric\u0103 al cititorului.<br \/>\nSpre exemplu, pentru Alchimia a\u015fa-zis \u201einterioar\u0103\u201d (acea form\u0103 a Alchimiei al c\u0103rei \u201eobiect\u201d este chiar fiin\u0163a \u015fi con\u015ftiin\u0163a alchimistului), \u201eaurul\u201d simbolizeaz\u0103 cunoa\u015fterea suprem\u0103 sau con\u015ftiin\u0163a divin\u0103 a fiin\u0163ei umane, care trebuie \u201eextras\u0103\u201d din st\u0103rile inferioare \u00een care se afl\u0103 (sau altfel spus, cu care ea se identific\u0103) \u00een mod obi\u015fnuit. Aceste condi\u0163ii existen\u0163iale inferioare, impure \u015fi m\u0103rginite, constituie \u00een Alchimia interioar\u0103 \u201emetalele inferioare\u201d, ele fiind echivalate \u015fi cu diferitele grade de \u201eimpuritate\u201d ale \u201eaurului\u201d, ce trebuie s\u0103 fie r\u00e2nd pe r\u00e2nd eliminate (prin procedee alchimice speciale) pentru ca astfel con\u015ftiin\u0163a alchimistului s\u0103 ascensioneze (\u015fi totodat\u0103 s\u0103 se identifice) gradat cu natura ei divin\u0103, absolut\u0103 \u015fi suprem\u0103 (\u201eaurul\u201d).<br \/>\nAceast\u0103 lucrare urm\u0103re\u015fte s\u0103 prezinte cititorilor rom\u00e2ni c\u00e2teva dintre textele fundamentale ale Alchimiei occidentale. Pentru fiecare tratat, ne-am limitat s\u0103 oferim doar o scurt\u0103 prezentare introductiv\u0103, \u00een special din punct de vedere istoric \u015fi \u015ftiin\u0163ific, pentru a eviden\u0163ia astfel suficient de multe aspecte care s\u0103 demonstreze f\u0103r\u0103 putin\u0163\u0103 de t\u0103gad\u0103 c\u0103 rezultatele ob\u0163inute de unii Mari Adep\u0163i pe aceast\u0103 Cale Regal\u0103 care este Alchimia sunt strict autentice \u015fi au fost confirmate din surse de o probitate incontestabil\u0103.<\/p>\n<p>Autori:\u00a0<a href=\"http:\/\/anima-animus.ro\/despre-noi\/\">\u00a0<\/a><a href=\"http:\/\/anima-animus.ro\/despre-noi\/\">Nicolae Catrina\u00a0&amp; Octavian Cret<\/a><\/p>\n<p>Nr. Pagini: 498<br \/>\nFormat: A5 (14.8 x 21cm)<br \/>\nISBN general: 978-606-92374-2-7<br \/>\nISBN vol I: 978-606-92374-3-4<br \/>\nPret: 65 RON<\/p>","protected":false},"excerpt":{"rendered":"<p>La modul esen\u0163ial, se poate spune c\u0103 Alchimia, ca \u015ftiin\u0163\u0103 universal\u0103 ocult\u0103 a transform\u0103rii evolutive, este o veritabil\u0103 sintez\u0103 a tuturor c\u0103ilor spirituale autentice, \u00eentruc\u00e2t ea se reg\u0103se\u015fte \u00eentr-o form\u0103 sau alta \u015fi sub un nume sau altul \u00een aproape orice context ini\u0163iatic. Se spune adesea c\u0103 obiectul Alchimiei este transformarea metalelor \u00een aur. Trebuie &hellip;<\/p>\n<p class=\"read-more\"> <a class=\"\" href=\"https:\/\/nicolaecatrina.com\/en\/product\/tratate-alchimice-fundamentale-i\/\"> <span class=\"screen-reader-text\">Tratate alchimice fundamentale I<\/span> Read More &raquo;<\/a><\/p>\n","protected":false},"featured_media":16215,"template":"","meta":{"_acf_changed":false,"_editorskit_title_hidden":false,"_editorskit_reading_time":0,"_editorskit_is_block_options_detached":false,"_editorskit_block_options_position":"{}"},"product_cat":[293],"product_tag":[],"acf":[],"_links":{"self":[{"href":"https:\/\/nicolaecatrina.com\/en\/wp-json\/wp\/v2\/product\/16191"}],"collection":[{"href":"https:\/\/nicolaecatrina.com\/en\/wp-json\/wp\/v2\/product"}],"about":[{"href":"https:\/\/nicolaecatrina.com\/en\/wp-json\/wp\/v2\/types\/product"}],"wp:featuredmedia":[{"embeddable":true,"href":"https:\/\/nicolaecatrina.com\/en\/wp-json\/wp\/v2\/media\/16215"}],"wp:attachment":[{"href":"https:\/\/nicolaecatrina.com\/en\/wp-json\/wp\/v2\/media?parent=16191"}],"wp:term":[{"taxonomy":"product_cat","embeddable":true,"href":"https:\/\/nicolaecatrina.com\/en\/wp-json\/wp\/v2\/product_cat?post=16191"},{"taxonomy":"product_tag","embeddable":true,"href":"https:\/\/nicolaecatrina.com\/en\/wp-json\/wp\/v2\/product_tag?post=16191"}],"curies":[{"name":"wp","href":"https:\/\/api.w.org\/{rel}","templated":true}]}}