
{"id":16187,"date":"2023-12-15T17:52:28","date_gmt":"2023-12-15T17:52:28","guid":{"rendered":"https:\/\/nicolaecatrina.com\/en\/product\/import-placeholder-for-66\/"},"modified":"2025-12-10T17:33:24","modified_gmt":"2025-12-10T17:33:24","slug":"etape-ale-desavarsirii-spirituale-in-si-prin-iubire","status":"publish","type":"product","link":"https:\/\/nicolaecatrina.com\/en\/product\/etape-ale-desavarsirii-spirituale-in-si-prin-iubire\/","title":{"rendered":"Etape ale des\u0103v\u00e2r\u015firii spirituale \u00een \u015fi prin iubire"},"content":{"rendered":"<p>Este oare cu putin\u021b\u0103 ca bucuria foarte rafinat\u0103 a unei fuziuni spirituale sau suflete\u015fti, ori a st\u0103rii ini\u0163iale de \u00eendr\u0103gostire, s\u0103 fie mereu \u00eentregit\u0103 de frenezia extazului amoros \u0219i de armonia ideal\u0103 a unui cuplu mereu iubitor \u0219i fericit?<br \/>\nR\u0103spunsul ini\u021biatic la aceast\u0103 \u00eentrebare este: DA! \u00cens\u0103 acest r\u0103spuns afirmativ implic\u0103 o anumit\u0103 condi\u0163ie: iubirea noastr\u0103 trebuie s\u0103 fie (sau s\u0103 devin\u0103) suficient de profund\u0103 \u0219i de matur\u0103, pentru c\u0103, altfel, aceast\u0103 posibilitate extraordinar\u0103 ar putea fi ratat\u0103.<br \/>\nSe spune adesea c\u0103 iubirea este totul, dar aceast\u0103 afirma\u0163ie se refer\u0103 de fapt la iubirea divin\u0103, pentru c\u0103 iubirea, a\u015fa cum este ea \u00een\u0163eleas\u0103 \u00een mod obi\u015fnuit, nu este totul: ea este doar \u00eenceputul unei aventuri spirituale, doar \u00eenceputul unei c\u0103l\u0103torii \u00eendelungate.<br \/>\n\u00cen iubirea profund\u0103 \u0219i plenar\u0103, se poate vorbi despre o gradat\u0103 \u201edivinizare a umanului\u201d. \u00cen egal\u0103 m\u0103sur\u0103 \u00eens\u0103, putem vorbi, metaforic, \u015fi despre o \u201eumanizare a divinului\u201d \u2013 cobor\u00e2rea \u015fi manifestarea divinului pe nivelul nostru actual de \u00een\u0163elegere \u015fi de existen\u0163\u0103.<br \/>\nUmanul care se \u00eenal\u0163\u0103 \u015fi divinul care coboar\u0103 se \u00eent\u00e2lnesc \u00eentotdeauna \u00een inima noastr\u0103. Din aceast\u0103 cauz\u0103, ini\u0163ierea \u00een tainele iubirii divine este una dintre cele mai rapide c\u0103i de des\u0103v\u00e2r\u015fire spiritual\u0103, pentru c\u0103 ea activeaz\u0103 \u00eentotdeauna o leg\u0103tur\u0103 direct\u0103 \u00eentre inima noastr\u0103 \u015fi Inima lui Dumnezeu.<br \/>\nIubirea pur\u0103 \u0219i autentic\u0103 este o constant\u0103 alegere con\u0219tient\u0103. Atunci c\u00e2nd iubim cu adev\u0103rat, \u00een fiecare clip\u0103 putem alege liber care va fi pasul nostru urm\u0103tor. Nimeni nu ne poate constr\u00e2nge, noi suntem \u00eentotdeauna cei care alegem. Fiecare dintre noi.<\/p>\n<p>Autor:\u00a0<a href=\"http:\/\/anima-animus.ro\/despre-noi\/\">Nicolae Catrina<\/a><\/p>\n<p>ISBN: 978-606-92374-8-9<br \/>\nFormat: 13x20cm<br \/>\nPagini: 176<br \/>\nColor<br \/>\nPret: 75 lei<\/p>\n","protected":false},"excerpt":{"rendered":"<p>Este oare cu putin\u021b\u0103 ca bucuria foarte rafinat\u0103 a unei fuziuni spirituale sau suflete\u015fti, ori a st\u0103rii ini\u0163iale de \u00eendr\u0103gostire, s\u0103 fie mereu \u00eentregit\u0103 de frenezia extazului amoros \u0219i de armonia ideal\u0103 a unui cuplu mereu iubitor \u0219i fericit? R\u0103spunsul ini\u021biatic la aceast\u0103 \u00eentrebare este: DA! \u00cens\u0103 acest r\u0103spuns afirmativ implic\u0103 o anumit\u0103 condi\u0163ie: iubirea &hellip;<\/p>\n<p class=\"read-more\"> <a class=\"\" href=\"https:\/\/nicolaecatrina.com\/en\/product\/etape-ale-desavarsirii-spirituale-in-si-prin-iubire\/\"> <span class=\"screen-reader-text\">Etape ale des\u0103v\u00e2r\u015firii spirituale \u00een \u015fi prin iubire<\/span> Read More &raquo;<\/a><\/p>\n","protected":false},"featured_media":16211,"template":"","meta":{"_acf_changed":false,"_editorskit_title_hidden":false,"_editorskit_reading_time":0,"_editorskit_is_block_options_detached":false,"_editorskit_block_options_position":"{}"},"product_cat":[293],"product_tag":[],"acf":[],"_links":{"self":[{"href":"https:\/\/nicolaecatrina.com\/en\/wp-json\/wp\/v2\/product\/16187"}],"collection":[{"href":"https:\/\/nicolaecatrina.com\/en\/wp-json\/wp\/v2\/product"}],"about":[{"href":"https:\/\/nicolaecatrina.com\/en\/wp-json\/wp\/v2\/types\/product"}],"wp:featuredmedia":[{"embeddable":true,"href":"https:\/\/nicolaecatrina.com\/en\/wp-json\/wp\/v2\/media\/16211"}],"wp:attachment":[{"href":"https:\/\/nicolaecatrina.com\/en\/wp-json\/wp\/v2\/media?parent=16187"}],"wp:term":[{"taxonomy":"product_cat","embeddable":true,"href":"https:\/\/nicolaecatrina.com\/en\/wp-json\/wp\/v2\/product_cat?post=16187"},{"taxonomy":"product_tag","embeddable":true,"href":"https:\/\/nicolaecatrina.com\/en\/wp-json\/wp\/v2\/product_tag?post=16187"}],"curies":[{"name":"wp","href":"https:\/\/api.w.org\/{rel}","templated":true}]}}