
{"id":16185,"date":"2023-12-15T17:52:28","date_gmt":"2023-12-15T17:52:28","guid":{"rendered":"https:\/\/nicolaecatrina.com\/en\/product\/import-placeholder-for-64\/"},"modified":"2025-12-10T16:49:03","modified_gmt":"2025-12-10T16:49:03","slug":"frumusetea-ca-expresie-a-perfectiunii-divine","status":"publish","type":"product","link":"https:\/\/nicolaecatrina.com\/en\/product\/frumusetea-ca-expresie-a-perfectiunii-divine\/","title":{"rendered":"Frumuse\u0163ea ca expresie a Perfec\u021biunii Divine"},"content":{"rendered":"<p>Frumuse\u0163ea autentic\u0103 este o condi\u021bie esen\u0163ial\u0103 a existen\u0163ei noastre, \u00een care plenitudinea \u00eentregii vie\u021bi coincide perfect cu plenitudinea propriei noastre fiin\u0163e. Aceast\u0103 frumuse\u0163e des\u0103v\u00e2r\u0219it\u0103, care ni se revelaz\u0103 a fi amprenta perfec\u0163iunii divine \u00een \u00eentreaga manifestare, nu are alt scop dec\u00e2t acela de a ni-L revela pe Dumnezeu.<br \/>\n\u201eAtunci c\u00e2nd te afli \u00een fa\u0163a unei forme frumoase, venereaz-o, pentru c\u0103 frumuse\u0163ea aduce cu ea beatitudinea divin\u0103. Frumuse\u0163ea este cea mai sublim\u0103 energie spiritual\u0103. Frumuse\u0163ea este cel mai \u00eenalt tapas. Nimic nu poate fi vreodat\u0103 mai presus de frumuse\u0163ea dumnezeiasc\u0103.\u201c<br \/>\nShakti Sangama Tantra<\/p>\n<p>Author:\u00a0<a href=\"http:\/\/anima-animus.ro\/despre-noi\/\">Nicolae Catrina<\/a><\/p>\n<p>ISBN: 978-606-92374-9-6<br \/>\nFormat: A6<br \/>\nNr. pagini: 126<br \/>\nColor<br \/>\nPret: 48 lei<\/p>\n","protected":false},"excerpt":{"rendered":"<p>Frumuse\u0163ea autentic\u0103 este o condi\u021bie esen\u0163ial\u0103 a existen\u0163ei noastre, \u00een care plenitudinea \u00eentregii vie\u021bi coincide perfect cu plenitudinea propriei noastre fiin\u0163e. Aceast\u0103 frumuse\u0163e des\u0103v\u00e2r\u0219it\u0103, care ni se revelaz\u0103 a fi amprenta perfec\u0163iunii divine \u00een \u00eentreaga manifestare, nu are alt scop dec\u00e2t acela de a ni-L revela pe Dumnezeu. \u201eAtunci c\u00e2nd te afli \u00een fa\u0163a unei &hellip;<\/p>\n<p class=\"read-more\"> <a class=\"\" href=\"https:\/\/nicolaecatrina.com\/en\/product\/frumusetea-ca-expresie-a-perfectiunii-divine\/\"> <span class=\"screen-reader-text\">Frumuse\u0163ea ca expresie a Perfec\u021biunii Divine<\/span> Read More &raquo;<\/a><\/p>\n","protected":false},"featured_media":16209,"template":"","meta":{"_acf_changed":false,"_editorskit_title_hidden":false,"_editorskit_reading_time":0,"_editorskit_is_block_options_detached":false,"_editorskit_block_options_position":"{}"},"product_cat":[293],"product_tag":[],"acf":[],"_links":{"self":[{"href":"https:\/\/nicolaecatrina.com\/en\/wp-json\/wp\/v2\/product\/16185"}],"collection":[{"href":"https:\/\/nicolaecatrina.com\/en\/wp-json\/wp\/v2\/product"}],"about":[{"href":"https:\/\/nicolaecatrina.com\/en\/wp-json\/wp\/v2\/types\/product"}],"wp:featuredmedia":[{"embeddable":true,"href":"https:\/\/nicolaecatrina.com\/en\/wp-json\/wp\/v2\/media\/16209"}],"wp:attachment":[{"href":"https:\/\/nicolaecatrina.com\/en\/wp-json\/wp\/v2\/media?parent=16185"}],"wp:term":[{"taxonomy":"product_cat","embeddable":true,"href":"https:\/\/nicolaecatrina.com\/en\/wp-json\/wp\/v2\/product_cat?post=16185"},{"taxonomy":"product_tag","embeddable":true,"href":"https:\/\/nicolaecatrina.com\/en\/wp-json\/wp\/v2\/product_tag?post=16185"}],"curies":[{"name":"wp","href":"https:\/\/api.w.org\/{rel}","templated":true}]}}