
{"id":16184,"date":"2023-12-15T17:52:28","date_gmt":"2023-12-15T17:52:28","guid":{"rendered":"https:\/\/nicolaecatrina.com\/en\/product\/import-placeholder-for-63\/"},"modified":"2025-12-10T16:43:47","modified_gmt":"2025-12-10T16:43:47","slug":"alchimia-tainica-a-iertarii","status":"publish","type":"product","link":"https:\/\/nicolaecatrina.com\/en\/product\/alchimia-tainica-a-iertarii\/","title":{"rendered":"Alchimia tainic\u0103 a iert\u0103rii"},"content":{"rendered":"<p>Iertarea este un sublim dar pe care ni-l facem \u00een primul r\u00e2nd nou\u0103 \u00een\u015fine. Atunci c\u00e2nd iert\u0103m, ne eliber\u0103m fulger\u0103tor de ura, resentimentele, ranchiuna \u0219i alte atitudini autodistructive pe care le men\u0163ineam \u00een inima \u0219i \u00een mintea noastr\u0103 \u0219i care ne otr\u0103veau \u00eentreaga fiin\u021b\u0103. Iert\u00e2nd, ne desprindem complet \u0219i definitiv din lan\u0163urile subtile ce ne legau de fiin\u0163a pe care o priveam anterior ca pe un du\u015fman. Prin actul iert\u0103rii, ne eliber\u0103m de povara suferin\u021bei pe care r\u0103ul ce ne-a fost pricinuit o genera mereu \u00een fiin\u021ba noastr\u0103.<br \/>\nPractica sistematic\u0103 a tehnicilor simple \u0219i deosebit de eficiente de iertare ce sunt prezentate \u00een aceast\u0103 carte ne va amplifica \u00een mod considerabil starea de bine interior \u0219i \u00eencrederea \u00een sine, ne va purifica \u015fi \u201evindeca\u201d rela\u0163iile cu ceilal\u021bi \u015fi ne va \u00eembun\u0103t\u0103\u021bi extraordinar de mult calitatea vie\u0163ii. Vom descoperi astfel c\u0103 iertarea este esen\u021bial\u0103 \u0219i totodat\u0103 indispensabil\u0103, ea fiind o modalitate de-a dreptul revolu\u0163ionar\u0103 \u0219i extraordinar de rapid\u0103 de transformare \u0219i des\u0103v\u00e2r\u0219ire spiritual\u0103.<\/p>\n<p>Nr. Pagini: 240<br \/>\nFormat: 12,5 x 15,5 cm<br \/>\nISBN: 978-606-93822-1-9<br \/>\nPret: 65 lei<\/p>","protected":false},"excerpt":{"rendered":"<p>Iertarea este un sublim dar pe care ni-l facem \u00een primul r\u00e2nd nou\u0103 \u00een\u015fine. Atunci c\u00e2nd iert\u0103m, ne eliber\u0103m fulger\u0103tor de ura, resentimentele, ranchiuna \u0219i alte atitudini autodistructive pe care le men\u0163ineam \u00een inima \u0219i \u00een mintea noastr\u0103 \u0219i care ne otr\u0103veau \u00eentreaga fiin\u021b\u0103. Iert\u00e2nd, ne desprindem complet \u0219i definitiv din lan\u0163urile subtile ce ne &hellip;<\/p>\n<p class=\"read-more\"> <a class=\"\" href=\"https:\/\/nicolaecatrina.com\/en\/product\/alchimia-tainica-a-iertarii\/\"> <span class=\"screen-reader-text\">Alchimia tainic\u0103 a iert\u0103rii<\/span> Read More &raquo;<\/a><\/p>\n","protected":false},"featured_media":16208,"template":"","meta":{"_acf_changed":false,"_editorskit_title_hidden":false,"_editorskit_reading_time":0,"_editorskit_is_block_options_detached":false,"_editorskit_block_options_position":"{}"},"product_cat":[293],"product_tag":[],"acf":[],"_links":{"self":[{"href":"https:\/\/nicolaecatrina.com\/en\/wp-json\/wp\/v2\/product\/16184"}],"collection":[{"href":"https:\/\/nicolaecatrina.com\/en\/wp-json\/wp\/v2\/product"}],"about":[{"href":"https:\/\/nicolaecatrina.com\/en\/wp-json\/wp\/v2\/types\/product"}],"wp:featuredmedia":[{"embeddable":true,"href":"https:\/\/nicolaecatrina.com\/en\/wp-json\/wp\/v2\/media\/16208"}],"wp:attachment":[{"href":"https:\/\/nicolaecatrina.com\/en\/wp-json\/wp\/v2\/media?parent=16184"}],"wp:term":[{"taxonomy":"product_cat","embeddable":true,"href":"https:\/\/nicolaecatrina.com\/en\/wp-json\/wp\/v2\/product_cat?post=16184"},{"taxonomy":"product_tag","embeddable":true,"href":"https:\/\/nicolaecatrina.com\/en\/wp-json\/wp\/v2\/product_tag?post=16184"}],"curies":[{"name":"wp","href":"https:\/\/api.w.org\/{rel}","templated":true}]}}