
{"id":16181,"date":"2023-12-15T17:52:28","date_gmt":"2023-12-15T17:52:28","guid":{"rendered":"https:\/\/nicolaecatrina.com\/en\/product\/import-placeholder-for-26\/"},"modified":"2025-12-10T17:02:30","modified_gmt":"2025-12-10T17:02:30","slug":"cele-patru-revelatii-fundamentale-mahavakya-din-cadrul-traditiei-vedantice-modalitati-yoghine-eficiente-si-mereu-actuale-de-realizare-spirituala","status":"publish","type":"product","link":"https:\/\/nicolaecatrina.com\/en\/product\/cele-patru-revelatii-fundamentale-mahavakya-din-cadrul-traditiei-vedantice-modalitati-yoghine-eficiente-si-mereu-actuale-de-realizare-spirituala\/","title":{"rendered":"Cele patru revela\u021bii fundamentale MAHAVAKYA din cadrul tradi\u021biei vedantice. Modalit\u0103\u021bi yoghine eficiente si mereu actuale de realizare spiritual\u0103"},"content":{"rendered":"<p>Aceast\u0103 lucrare ofer\u0103 elementele practice ezoterice necesare realiz\u0103rii cu un deplin succes a unor modalit\u0103\u0163i tradi\u021bionale str\u0103vechi \u2013 dar, totodat\u0103, mereu actuale \u0219i deosebit de eficiente \u2013 de des\u0103v\u00e2r\u0219ire spiritual\u0103: cele patru \u201emari rostiri\u201d sau \u201eadev\u0103ruri fundamentale\u201d (Mahavakya), unanim considerate a fi esen\u0163a ini\u021biatic\u0103 a \u00eentregii \u00een\u021belepciuni multimilenare vedice \u015fi vedantice.<\/p>\n<p>Abordate \u0219i puse \u00een practic\u0103 de la nivelul supramentalului, aceste revela\u0163ii vedice vor fi veritabili fermen\u0163i ai trezirii spirituale, put\u00e2ndu-ne proiecta \u2013 adesea, fulger\u0103tor \u2013 \u00een natura noastr\u0103 esen\u0163ial\u0103 (Sinele Suprem, Atman), \u00een esen\u0163a universului, precum \u015fi \u00een realitatea absolut\u0103 a lui Dumnezeu \u00censu\u015fi.<\/p>\n<p>Autor:\u00a0<a href=\"http:\/\/anima-animus.ro\/despre-noi\/\">Nicolae Catrina<\/a><\/p>\n<p>Nr.\u00a0pagini:\u00a0134<br \/>\nFormat:\u00a012x15cm<br \/>\nISBN:\u00a0978-606-93822-4-0<br \/>\n<strong>Pret:<\/strong> 55 lei<\/p>\n","protected":false},"excerpt":{"rendered":"<p>Aceast\u0103 lucrare ofer\u0103 elementele practice ezoterice necesare realiz\u0103rii cu un deplin succes a unor modalit\u0103\u0163i tradi\u021bionale str\u0103vechi \u2013 dar, totodat\u0103, mereu actuale \u0219i deosebit de eficiente \u2013 de des\u0103v\u00e2r\u0219ire spiritual\u0103: cele patru \u201emari rostiri\u201d sau \u201eadev\u0103ruri fundamentale\u201d (Mahavakya), unanim considerate a fi esen\u0163a ini\u021biatic\u0103 a \u00eentregii \u00een\u021belepciuni multimilenare vedice \u015fi vedantice. Abordate \u0219i puse \u00een &hellip;<\/p>\n<p class=\"read-more\"> <a class=\"\" href=\"https:\/\/nicolaecatrina.com\/en\/product\/cele-patru-revelatii-fundamentale-mahavakya-din-cadrul-traditiei-vedantice-modalitati-yoghine-eficiente-si-mereu-actuale-de-realizare-spirituala\/\"> <span class=\"screen-reader-text\">Cele patru revela\u021bii fundamentale MAHAVAKYA din cadrul tradi\u021biei vedantice. Modalit\u0103\u021bi yoghine eficiente si mereu actuale de realizare spiritual\u0103<\/span> Read More &raquo;<\/a><\/p>\n","protected":false},"featured_media":16205,"template":"","meta":{"_acf_changed":false,"_editorskit_title_hidden":false,"_editorskit_reading_time":0,"_editorskit_is_block_options_detached":false,"_editorskit_block_options_position":"{}"},"product_cat":[293],"product_tag":[],"acf":[],"_links":{"self":[{"href":"https:\/\/nicolaecatrina.com\/en\/wp-json\/wp\/v2\/product\/16181"}],"collection":[{"href":"https:\/\/nicolaecatrina.com\/en\/wp-json\/wp\/v2\/product"}],"about":[{"href":"https:\/\/nicolaecatrina.com\/en\/wp-json\/wp\/v2\/types\/product"}],"wp:featuredmedia":[{"embeddable":true,"href":"https:\/\/nicolaecatrina.com\/en\/wp-json\/wp\/v2\/media\/16205"}],"wp:attachment":[{"href":"https:\/\/nicolaecatrina.com\/en\/wp-json\/wp\/v2\/media?parent=16181"}],"wp:term":[{"taxonomy":"product_cat","embeddable":true,"href":"https:\/\/nicolaecatrina.com\/en\/wp-json\/wp\/v2\/product_cat?post=16181"},{"taxonomy":"product_tag","embeddable":true,"href":"https:\/\/nicolaecatrina.com\/en\/wp-json\/wp\/v2\/product_tag?post=16181"}],"curies":[{"name":"wp","href":"https:\/\/api.w.org\/{rel}","templated":true}]}}