
{"id":16180,"date":"2023-12-15T17:52:28","date_gmt":"2023-12-15T17:52:28","guid":{"rendered":"https:\/\/nicolaecatrina.com\/en\/product\/import-placeholder-for-25\/"},"modified":"2025-12-10T17:50:54","modified_gmt":"2025-12-10T17:50:54","slug":"sivaismul-din-casmir-proiectia-identificatoare-a-yantra-ei-tridentului-arhetipal-al-energiilor-divine-esentiale","status":"publish","type":"product","link":"https:\/\/nicolaecatrina.com\/en\/product\/sivaismul-din-casmir-proiectia-identificatoare-a-yantra-ei-tridentului-arhetipal-al-energiilor-divine-esentiale\/","title":{"rendered":"\u0218ivaismul din Ca\u0219mir. Proiec\u021bia identificatoare a yantra-ei Tridentului arhetipal al energiilor divine esen\u021biale"},"content":{"rendered":"<p>Proiec\u021bia identificatoare a yantra-ei Tridentului arhetipal al energiilor divine esen\u021biale (Tridentul lui \u015aiva) \u00een propria noastr\u0103 fiin\u021b\u0103 este o tehnic\u0103 de trezire spiritual\u0103 rapid\u0103 av\u00e2nd o importan\u021b\u0103 uria\u0219\u0103 \u00een tradi\u021bia \u0218ivaismului din Ca\u0219mir. Ea permite actualizarea \u0219i integrarea gradat\u0103, \u00een microcosmosul practicantului, a tuturor elementelor constitutive ale Crea\u021biei dumnezeie\u0219ti. Astfel, prin intermediul acestei diagrame ezoterice aspirantul se poate reuni din ce \u00een ce mai profund \u0219i mai extatic, dincolo de orice diferen\u021biere \u0219i dualitate, cu Dumnezeu \u00censu\u0219i.<\/p>\n<div>Nr. Pagini: 68<\/div>\n<div>Format: 15 x 15 cm<\/div>\n<div>ISBN\u00a0978-606-93822-6-4<\/div>\n<p><b>Pret:<\/b> 48 lei<\/p>","protected":false},"excerpt":{"rendered":"<p>Proiec\u021bia identificatoare a yantra-ei Tridentului arhetipal al energiilor divine esen\u021biale (Tridentul lui \u015aiva) \u00een propria noastr\u0103 fiin\u021b\u0103 este o tehnic\u0103 de trezire spiritual\u0103 rapid\u0103 av\u00e2nd o importan\u021b\u0103 uria\u0219\u0103 \u00een tradi\u021bia \u0218ivaismului din Ca\u0219mir. Ea permite actualizarea \u0219i integrarea gradat\u0103, \u00een microcosmosul practicantului, a tuturor elementelor constitutive ale Crea\u021biei dumnezeie\u0219ti. Astfel, prin intermediul acestei diagrame ezoterice &hellip;<\/p>\n<p class=\"read-more\"> <a class=\"\" href=\"https:\/\/nicolaecatrina.com\/en\/product\/sivaismul-din-casmir-proiectia-identificatoare-a-yantra-ei-tridentului-arhetipal-al-energiilor-divine-esentiale\/\"> <span class=\"screen-reader-text\">\u0218ivaismul din Ca\u0219mir. Proiec\u021bia identificatoare a yantra-ei Tridentului arhetipal al energiilor divine esen\u021biale<\/span> Read More &raquo;<\/a><\/p>\n","protected":false},"featured_media":16204,"template":"","meta":{"_acf_changed":false,"_editorskit_title_hidden":false,"_editorskit_reading_time":0,"_editorskit_is_block_options_detached":false,"_editorskit_block_options_position":"{}"},"product_cat":[293],"product_tag":[],"acf":[],"_links":{"self":[{"href":"https:\/\/nicolaecatrina.com\/en\/wp-json\/wp\/v2\/product\/16180"}],"collection":[{"href":"https:\/\/nicolaecatrina.com\/en\/wp-json\/wp\/v2\/product"}],"about":[{"href":"https:\/\/nicolaecatrina.com\/en\/wp-json\/wp\/v2\/types\/product"}],"wp:featuredmedia":[{"embeddable":true,"href":"https:\/\/nicolaecatrina.com\/en\/wp-json\/wp\/v2\/media\/16204"}],"wp:attachment":[{"href":"https:\/\/nicolaecatrina.com\/en\/wp-json\/wp\/v2\/media?parent=16180"}],"wp:term":[{"taxonomy":"product_cat","embeddable":true,"href":"https:\/\/nicolaecatrina.com\/en\/wp-json\/wp\/v2\/product_cat?post=16180"},{"taxonomy":"product_tag","embeddable":true,"href":"https:\/\/nicolaecatrina.com\/en\/wp-json\/wp\/v2\/product_tag?post=16180"}],"curies":[{"name":"wp","href":"https:\/\/api.w.org\/{rel}","templated":true}]}}