
{"id":16179,"date":"2023-12-15T17:52:28","date_gmt":"2023-12-15T17:52:28","guid":{"rendered":"https:\/\/nicolaecatrina.com\/en\/product\/import-placeholder-for-22\/"},"modified":"2025-12-10T16:52:08","modified_gmt":"2025-12-10T16:52:08","slug":"simbolismul-secret-al-yantra-ei-de-comuniune-cu-centrul-spiritual-planetar-shambala","status":"publish","type":"product","link":"https:\/\/nicolaecatrina.com\/en\/product\/simbolismul-secret-al-yantra-ei-de-comuniune-cu-centrul-spiritual-planetar-shambala\/","title":{"rendered":"Simbolismul secret al yantra-ei de comuniune cu centrul spiritual planetar, SHAMBALA"},"content":{"rendered":"<p>Aceast\u0103 succint\u0103 prezentare ezoteric\u0103 a <i>yantra<\/i>-ei\u00a0<i>Shambala<\/i>-ei\u00a0\u00ee\u0219i propune s\u0103 reveleze numai unele dintre cele mai importante semnifia\u021bii\u00a0oculte ale sale, pentru ca, ulterior, prin intermediul practiii spirituale\u00a0propriu-zise cu aceast\u0103\u00a0<i>yantra\u00a0<\/i>(practi\u0103 implic\u00e2nd focalizarea ne\u00eentrerupt\u0103\u00a0a \u00eentregii aten\u021bii \u0219i chiar a \u00eentregii con\u0219tin\u021be asupra acestei\u00a0<i>yantra<\/i>-e, \u00een\u00a0vederea unei subtile identit\u0103\u021bi gradate cu\u00a0<i>yantra<\/i>), s\u0103 fie cristalizat\u0103 \u00een\u00a0con\u0219tin\u021ba practicantului \u00eentreaga constela\u021bie de semnifica\u021bii \u0219i corela\u021bii\u00a0ini\u021biatie, simbolice \u0219i ezoterice ale acestui foarte puternic instrument de\u00a0transformare spiritual\u0103 care este\u00a0<i>yantra Shambala<\/i>-ei.<\/p>\n<div><\/div>\n<p>Autor:\u00a0<a href=\"http:\/\/anima-animus.ro\/despre-noi\/\">Nicolae Catrina<\/a><\/p>\n<div>Nr. Pagini: 28<\/div>\n<div>Format: 15 x 15 cm<\/div>\n<p><b>Pret:<\/b> 48 lei<\/p>","protected":false},"excerpt":{"rendered":"<p>Aceast\u0103 succint\u0103 prezentare ezoteric\u0103 a yantra-ei\u00a0Shambala-ei\u00a0\u00ee\u0219i propune s\u0103 reveleze numai unele dintre cele mai importante semnifia\u021bii\u00a0oculte ale sale, pentru ca, ulterior, prin intermediul practiii spirituale\u00a0propriu-zise cu aceast\u0103\u00a0yantra\u00a0(practi\u0103 implic\u00e2nd focalizarea ne\u00eentrerupt\u0103\u00a0a \u00eentregii aten\u021bii \u0219i chiar a \u00eentregii con\u0219tin\u021be asupra acestei\u00a0yantra-e, \u00een\u00a0vederea unei subtile identit\u0103\u021bi gradate cu\u00a0yantra), s\u0103 fie cristalizat\u0103 \u00een\u00a0con\u0219tin\u021ba practicantului \u00eentreaga constela\u021bie de semnifica\u021bii \u0219i &hellip;<\/p>\n<p class=\"read-more\"> <a class=\"\" href=\"https:\/\/nicolaecatrina.com\/en\/product\/simbolismul-secret-al-yantra-ei-de-comuniune-cu-centrul-spiritual-planetar-shambala\/\"> <span class=\"screen-reader-text\">Simbolismul secret al yantra-ei de comuniune cu centrul spiritual planetar, SHAMBALA<\/span> Read More &raquo;<\/a><\/p>\n","protected":false},"featured_media":16203,"template":"","meta":{"_acf_changed":false,"_editorskit_title_hidden":false,"_editorskit_reading_time":0,"_editorskit_is_block_options_detached":false,"_editorskit_block_options_position":"{}"},"product_cat":[293],"product_tag":[],"acf":[],"_links":{"self":[{"href":"https:\/\/nicolaecatrina.com\/en\/wp-json\/wp\/v2\/product\/16179"}],"collection":[{"href":"https:\/\/nicolaecatrina.com\/en\/wp-json\/wp\/v2\/product"}],"about":[{"href":"https:\/\/nicolaecatrina.com\/en\/wp-json\/wp\/v2\/types\/product"}],"wp:featuredmedia":[{"embeddable":true,"href":"https:\/\/nicolaecatrina.com\/en\/wp-json\/wp\/v2\/media\/16203"}],"wp:attachment":[{"href":"https:\/\/nicolaecatrina.com\/en\/wp-json\/wp\/v2\/media?parent=16179"}],"wp:term":[{"taxonomy":"product_cat","embeddable":true,"href":"https:\/\/nicolaecatrina.com\/en\/wp-json\/wp\/v2\/product_cat?post=16179"},{"taxonomy":"product_tag","embeddable":true,"href":"https:\/\/nicolaecatrina.com\/en\/wp-json\/wp\/v2\/product_tag?post=16179"}],"curies":[{"name":"wp","href":"https:\/\/api.w.org\/{rel}","templated":true}]}}