
{"id":4141,"date":"2020-04-12T10:38:00","date_gmt":"2020-04-12T10:38:00","guid":{"rendered":"https:\/\/nicolaecatrina.com\/en\/?page_id=4141"},"modified":"2020-04-12T11:40:18","modified_gmt":"2020-04-12T11:40:18","slug":"english-payment-for-your-on-demand-course-request-2-3","status":"publish","type":"page","link":"https:\/\/nicolaecatrina.com\/en\/plata-chakra-balance\/","title":{"rendered":"(Rom\u00e2n\u0103) Plat\u0103 curs Chakra Balance prin presopunctur\u0103, uleiuri esen\u021biale \u0219i yoga"},"content":{"rendered":"<p class=\"qtranxs-available-languages-message qtranxs-available-languages-message-en\">Sorry, this entry is only available in <a href=\"https:\/\/nicolaecatrina.com\/ro\/wp-json\/wp\/v2\/pages\/4141\" class=\"qtranxs-available-language-link qtranxs-available-language-link-ro\" title=\"Rom\u00e2n\u0103\">Rom\u00e2n\u0103<\/a>.<\/p>","protected":false},"excerpt":{"rendered":"<p>Sorry, this entry is only available in Rom\u00e2n\u0103.<\/p>\n","protected":false},"author":1,"featured_media":0,"parent":0,"menu_order":0,"comment_status":"closed","ping_status":"closed","template":"","meta":{"_acf_changed":false,"_editorskit_title_hidden":false,"_editorskit_reading_time":0,"_editorskit_is_block_options_detached":false,"_editorskit_block_options_position":"{}","footnotes":""},"acf":[],"_links":{"self":[{"href":"https:\/\/nicolaecatrina.com\/en\/wp-json\/wp\/v2\/pages\/4141"}],"collection":[{"href":"https:\/\/nicolaecatrina.com\/en\/wp-json\/wp\/v2\/pages"}],"about":[{"href":"https:\/\/nicolaecatrina.com\/en\/wp-json\/wp\/v2\/types\/page"}],"author":[{"embeddable":true,"href":"https:\/\/nicolaecatrina.com\/en\/wp-json\/wp\/v2\/users\/1"}],"replies":[{"embeddable":true,"href":"https:\/\/nicolaecatrina.com\/en\/wp-json\/wp\/v2\/comments?post=4141"}],"version-history":[{"count":3,"href":"https:\/\/nicolaecatrina.com\/en\/wp-json\/wp\/v2\/pages\/4141\/revisions"}],"predecessor-version":[{"id":4148,"href":"https:\/\/nicolaecatrina.com\/en\/wp-json\/wp\/v2\/pages\/4141\/revisions\/4148"}],"wp:attachment":[{"href":"https:\/\/nicolaecatrina.com\/en\/wp-json\/wp\/v2\/media?parent=4141"}],"curies":[{"name":"wp","href":"https:\/\/api.w.org\/{rel}","templated":true}]}}