
{"id":3474,"date":"2019-11-19T20:42:54","date_gmt":"2019-11-19T20:42:54","guid":{"rendered":"https:\/\/nicolaecatrina.com\/ro\/?page_id=3474"},"modified":"2021-09-14T10:42:36","modified_gmt":"2021-09-14T10:42:36","slug":"politica-de-confidentialitate-a-datelor-personale","status":"publish","type":"page","link":"https:\/\/nicolaecatrina.com\/en\/politica-de-confidentialitate-a-datelor-personale\/","title":{"rendered":"(Rom\u00e2n\u0103) Politic\u0103 de cookie"},"content":{"rendered":"<p class=\"qtranxs-available-languages-message qtranxs-available-languages-message-en\">Sorry, this entry is only available in <a href=\"https:\/\/nicolaecatrina.com\/ro\/wp-json\/wp\/v2\/pages\/3474\" class=\"qtranxs-available-language-link qtranxs-available-language-link-ro\" title=\"Rom\u00e2n\u0103\">Rom\u00e2n\u0103<\/a>.<\/p>","protected":false},"excerpt":{"rendered":"<p>Sorry, this entry is only available in Rom\u00e2n\u0103.<\/p>\n","protected":false},"author":1,"featured_media":0,"parent":0,"menu_order":0,"comment_status":"closed","ping_status":"closed","template":"","meta":{"_acf_changed":false,"_editorskit_title_hidden":false,"_editorskit_reading_time":0,"_editorskit_is_block_options_detached":false,"_editorskit_block_options_position":"{}","footnotes":""},"acf":[],"_links":{"self":[{"href":"https:\/\/nicolaecatrina.com\/en\/wp-json\/wp\/v2\/pages\/3474"}],"collection":[{"href":"https:\/\/nicolaecatrina.com\/en\/wp-json\/wp\/v2\/pages"}],"about":[{"href":"https:\/\/nicolaecatrina.com\/en\/wp-json\/wp\/v2\/types\/page"}],"author":[{"embeddable":true,"href":"https:\/\/nicolaecatrina.com\/en\/wp-json\/wp\/v2\/users\/1"}],"replies":[{"embeddable":true,"href":"https:\/\/nicolaecatrina.com\/en\/wp-json\/wp\/v2\/comments?post=3474"}],"version-history":[{"count":4,"href":"https:\/\/nicolaecatrina.com\/en\/wp-json\/wp\/v2\/pages\/3474\/revisions"}],"predecessor-version":[{"id":9645,"href":"https:\/\/nicolaecatrina.com\/en\/wp-json\/wp\/v2\/pages\/3474\/revisions\/9645"}],"wp:attachment":[{"href":"https:\/\/nicolaecatrina.com\/en\/wp-json\/wp\/v2\/media?parent=3474"}],"curies":[{"name":"wp","href":"https:\/\/api.w.org\/{rel}","templated":true}]}}