
{"id":23636,"date":"2025-07-17T08:43:42","date_gmt":"2025-07-17T08:43:42","guid":{"rendered":"https:\/\/nicolaecatrina.com\/en\/?page_id=23636"},"modified":"2025-07-17T15:46:38","modified_gmt":"2025-07-17T15:46:38","slug":"initiere-in-vijnana-bhairava-tantra-3","status":"publish","type":"page","link":"https:\/\/nicolaecatrina.com\/en\/initiere-in-vijnana-bhairava-tantra-seminar-2\/","title":{"rendered":"Ini\u021biere \u00een Vijnana Bhairava Tantra"},"content":{"rendered":"\n<h3 class=\"wp-block-heading has-text-align-center\">Ini\u021biere \u00een procedeele de iluminare spiritual\u0103 ce sunt cuprinse \u00een tratatul ezoteric <\/h3>\n\n\n\n<h2 class=\"wp-block-heading has-text-align-center\"><strong>Vijnana Bhairava Tantra (II)<\/strong><\/h2>\n\n\n\n<h3 class=\"wp-block-heading has-text-align-center has-black-color has-text-color has-link-color has-medium-font-size wp-elements-1b3de19e8157d3d601253a132db25a47\">O MODALITATE TANTRIC\u0102 DE COMUNIUNE SUBTIL\u0102 CU ATRIBUTELE DUMNEZEIE\u0218TI<\/h3>\n\n\n\n<p class=\"has-text-align-center has-black-color has-text-color has-link-color wp-elements-d72622fead4200475dfdd86e60015da1\">Sa\u0302mba\u0306ta\u0306 26 IULIE 2025, \u00eentre orele 16:00-18:30, ONLINE<\/p>\n\n\n\n<h3 class=\"wp-block-heading has-text-align-center has-medium-font-size\"><strong>cu Nicolae Catrina<\/strong><\/h3>\n\n\n\n<div style=\"height:100px\" aria-hidden=\"true\" class=\"wp-block-spacer\"><\/div>\n\n\n\n\n\n<p class=\"has-text-align-justify\">\u00cen acest nou workshop dedicat seriei de ini\u021bieri \u00een metodele de iluminare spiritual\u0103 din cadrul tratatului Vijnana Bhairava Tantra, va fi prezentat\u0103 \u0219i exemplificat\u0103 practic o metod\u0103 tantric\u0103 str\u0103veche \u2013 dar mereu actual\u0103 \u0219i accesibil\u0103 \u2013 de comuniune ampl\u0103, profund\u0103, cu felurite Atribute Dumnezeie\u0219ti<\/p>\n\n\n\n<div style=\"height:18px\" aria-hidden=\"true\" class=\"wp-block-spacer\"><\/div>\n\n\n\n<ul class=\"is-style-none\">\n<li><em>Vijnana Bhairava Tantra este un manual universal de \u00een\u021belepciune practic\u0103, el oferind un vast ansamblu de metode de realizare spiritual\u0103.<\/em><\/li>\n\n\n\n<li><\/li>\n\n\n\n<li><em>\u00cen acest tratat str\u0103vechi este revelat\u0103 arta secret\u0103 prin care aproape fiecare situa\u021bie de via\u021b\u0103 poate deveni o form\u0103 particular\u0103 de yoga. \u00cen felul acesta, \u00eens\u0103\u0219i via\u021ba noastr\u0103 de fiecare zi ne poate oferi ocazia minunat\u0103 de a descoperi cine suntem cu adev\u0103rat, de a ne revela natura esen\u021bial\u0103 (Sinele suprem, Atman) \u0219i, \u00een plus, vom aduce o calitate net superioar\u0103 \u00eentregii noastre vie\u021bi.<\/em><\/li>\n\n\n\n<li><\/li>\n\n\n\n<li><em>A\u0219adar, chiar \u0219i dac\u0103 nu dispunem de prea mult timp pentru o practic\u0103 yoga obi\u0219nuit\u0103, putem integra \u00een\u021belepciunea \u00eenv\u0103\u021b\u0103turilor din Vijnana Bhairava Tantra \u00een via\u021ba noastr\u0103 de zi cu zi, fiecare dintre metodele acestui tratat oferindu-ne, \u00een felul ei, aceast\u0103 posibilitate.<\/em><\/li>\n\n\n\n<li><\/li>\n\n\n\n<li><em>\u00cen cadrul acestei serii de seminarii vor fi oferite \u0219i exemplificate practic, \u00eentr-o manier\u0103 pe deplin accesibil\u0103, dar \u0219i extraordinar de eficient\u0103, unele dintre modalit\u0103\u021bile ezoterice ale tratatului Vijnana Bhairava Tantra.<\/em><\/li>\n\n\n\n<li><\/li>\n\n\n\n<li><em>Toate aceste metode sunt autonome \u0219i complete \u00een ele \u00eensele, astfel c\u0103 participarea la oricare dintre ini\u021bieri nu este condi\u021bionat\u0103 de participarea la cele precedente.<\/em><\/li>\n<\/ul>\n\n\n\n<div style=\"height:33px\" aria-hidden=\"true\" class=\"wp-block-spacer\"><\/div>\n\n\n\n<h3 class=\"wp-block-heading has-text-align-left\"><strong>Pentru cei care vor s\u0103 participe online live la seminarul 2<\/strong> <\/h3>\n\n\n\n<div style=\"height:32px\" aria-hidden=\"true\" class=\"wp-block-spacer\"><\/div>\n\n\n\n<div class=\"wp-block-group\"><div class=\"wp-block-group__inner-container is-layout-constrained wp-block-group-is-layout-constrained\">\n<h4 class=\"wp-block-heading\" style=\"font-size:22px\"><strong>Taxa de participare<\/strong><\/h4>\n\n\n\n<ul class=\"is-style-none\">\n<li>135 lei<\/li>\n\n\n\n<li style=\"font-style:normal;font-weight:500\">* Pre\u021bul include accesul la \u00eenregistrarea audio-video a acestui seminar la data prestabili\u0103.<\/li>\n<\/ul>\n\n\n\n<h3 class=\"wp-block-heading\" style=\"font-size:20px\"><strong>Modalit\u0103\u021bi de plat\u0103<\/strong><\/h3>\n\n\n\n<ul class=\"is-style-none\">\n<li><strong>Prin aplica\u021bia Mobilpay cu cardul de debit\/credit<\/strong>\n<ul>\n<li><\/li>\n\n\n\n<li><a href=\"https:\/\/nicolaecatrina.com\/ro\/confirmare-comanda\/?buy-now=23646\" class=\"ek-link\">135 lei<\/a><\/li>\n<\/ul>\n<\/li>\n<\/ul>\n\n\n\n<ul class=\"is-style-none\">\n<li>\u2756&nbsp;Taxa de participare nu este rambursabil\u0103 dec\u00e2t \u00een cazul \u00een care evenimentul nu se sus\u021bine.\u2028<\/li>\n\n\n\n<li>\u2756&nbsp;Pentru evenimentul online live, vom folosi aplica\u021bia Zoom. Link-ul \u0219i parola necesare conect\u0103rii pe aceast\u0103 aplica\u021bie v\u0103 vor fi trimise \u00een ziua evenimentului, la ora 15:30. Aceste informa\u021bii nu sunt transmisibile altor persoane.\u2028<\/li>\n\n\n\n<li>\u2756&nbsp;Odat\u0103 trimis mail-ul care con\u021bine datele de logare, nu este \u00een niciun fel responsabilitatea noastr\u0103 dac\u0103 participa\u021bi sau nu la acest eveniment, sau dac\u0103 participa\u021bi par\u021bial. De asemenea, este responsabilitatea dumneavoastr\u0103 s\u0103 ne anun\u021ba\u021bi din timp, dac\u0103, indiferent de motiv, nu a\u021bi primit datele de logare.<\/li>\n\n\n\n<li>\u2028\u2756 IMPORTANT! V\u0103 rug\u0103m frumos s\u0103 v\u0103 \u00eenscrie\u021bi pe platforma Zoom cu numele si prenumele cu care v-a\u021bi \u00eenscris la acest eveniment. Dac\u0103 folosi\u021bi un nume diferit pe care nu-l putem identifica pe lista noastr\u0103 de \u00eenscri\u0219i, v\u0103 vom elimina \u0219i nu ve\u021bi mai putea reintra \u00een aplica\u021bie. \u00centr-o astfel de situa\u021bie, ve\u021bi pierde \u00eent\u00e2lnirea respectiv\u0103 \u0219i nu ve\u021bi avea acces la \u00eenregistrarea ei. V\u0103 rug\u0103m, de asemeni, s\u0103 v\u0103 conecta\u021bi folosind doar un singur dispozitiv \u0219i \u00een mod regulat verifica\u021bi c\u0103su\u021ba de chat \u00een cazul \u00een care dorim s\u0103 lu\u0103m leg\u0103tura cu dumneavoastr\u0103.<\/li>\n\n\n\n<li>\u2756&nbsp;Nu suntem de acord cu \u00eenregistrarea audio-video a acestui eveniment.<\/li>\n<\/ul>\n<\/div><\/div>\n\n\n\n<div style=\"height:32px\" aria-hidden=\"true\" class=\"wp-block-spacer\"><\/div>\n\n\n\n<h3 class=\"wp-block-heading\">Modul de desf\u0103\u0219urare al recuper\u0103rilor<\/h3>\n\n\n\n<ul class=\"is-style-none\">\n<li>\u2756 Dac\u0103 nu a\u021bi putut participa la evenimentul live, sau dori\u021bi s\u0103 \u00eel aprofunda\u021bi, ave\u021bi la dispozi\u021bie o \u0219edin\u021b\u0103 de recuper\u0103ri pe data de 31 iulie de la ora 19:00 p\u00e2n\u0103 la 22:00.<\/li>\n\n\n\n<li style=\"font-style:normal;font-weight:100\">\u2756 \u00cen ziua dedicat\u0103 recuper\u0103rii, la ora 19:00, vom trimite un e-mail cu link-ul si parola necesare revizion\u0103rii seminarului. Dac\u0103 dup\u0103 ora de \u00eencepere stabilit\u0103 nu g\u0103si\u021bi \u00een c\u0103su\u021ba de inbox sau \u00een cea de spam email-ul respectiv, v\u0103 rug\u0103m s\u0103 ne contacta\u021bi \u00een cel mai scurt timp posibil pe adresa noastr\u0103 de email: <a href=\"mailto:contact@nicolaecatrina.com\" class=\"ek-link\">contact@nicolaecatrina.com<\/a>. Link-urile pentru revizionare vor r\u0103m\u00e2ne active p\u00e2n\u0103 la orele indicate. V\u0103 rug\u0103m s\u0103 v\u0103 \u00eencadra\u021bi cu revizionarea \u00een acest interval. Nu vor fi prelungiri.<\/li>\n\n\n\n<li>\u2756 Taxa de participare nu este rambursabil\u0103 dec\u00e2t \u00een cazul \u00een care evenimentul nu se sus\u021bine.<\/li>\n\n\n\n<li>\u2756 Odat\u0103 trimis mail-ul care con\u021bine datele necesare revizion\u0103rii, nu este \u00een niciun fel responsabilitatea noastr\u0103 dac\u0103 participa\u021bi sau nu la acest eveniment, sau dac\u0103 participa\u021bi par\u021bial. De asemenea, este responsabilitatea dumneavoastr\u0103 s\u0103 ne anun\u021ba\u021bi \u00een timp util, dac\u0103, indiferent de motiv, nu a\u021bi primit datele de logare.<\/li>\n\n\n\n<li>\u2756 Nu suntem de acord cu \u00eenregistrarea audio-video a acestui eveniment.<\/li>\n\n\n\n<li>\u2756 V\u0103 rug\u0103m s\u0103 da\u021bi dovad\u0103 de corectitudine \u0219i s\u0103 nu participa\u021bi la aceast\u0103 revizionare \u00eempreun\u0103 cu alte persoane care nu au achitat taxa de participare.<\/li>\n<\/ul>\n\n\n\n<div style=\"height:40px\" aria-hidden=\"true\" class=\"wp-block-spacer\"><\/div>\n\n\n\n<p>\u2756\u00a0Prin \u00eenscrierea la acest eveniment, sunte\u021bi de acord cu\u00a0<a href=\"https:\/\/nicolaecatrina.com\/termeni-si-conditii\/\" class=\"ek-link\">termenii \u0219i condi\u021biile<\/a>\u00a0\u0219i cu toate regulile de desf\u0103\u0219urare prezentate mai sus.<\/p>\n","protected":false},"excerpt":{"rendered":"<p>Ini\u021biere \u00een procedeele de iluminare spiritual\u0103 ce sunt cuprinse \u00een tratatul ezoteric Vijnana Bhairava Tantra (II) O MODALITATE TANTRIC\u0102 DE COMUNIUNE SUBTIL\u0102 CU ATRIBUTELE DUMNEZEIE\u0218TI Sa\u0302mba\u0306ta\u0306 26 IULIE 2025, \u00eentre orele 16:00-18:30, ONLINE cu Nicolae Catrina \u00cen acest nou workshop dedicat seriei de ini\u021bieri \u00een metodele de iluminare spiritual\u0103 din cadrul tratatului Vijnana Bhairava Tantra, &hellip;<\/p>\n<p class=\"read-more\"> <a class=\"\" href=\"https:\/\/nicolaecatrina.com\/en\/initiere-in-vijnana-bhairava-tantra-seminar-2\/\"> <span class=\"screen-reader-text\">Ini\u021biere \u00een Vijnana Bhairava Tantra<\/span> Read More &raquo;<\/a><\/p>\n","protected":false},"author":1,"featured_media":0,"parent":0,"menu_order":0,"comment_status":"closed","ping_status":"closed","template":"","meta":{"_acf_changed":false,"_editorskit_title_hidden":false,"_editorskit_reading_time":0,"_editorskit_is_block_options_detached":false,"_editorskit_block_options_position":"{}","footnotes":""},"acf":[],"_links":{"self":[{"href":"https:\/\/nicolaecatrina.com\/en\/wp-json\/wp\/v2\/pages\/23636"}],"collection":[{"href":"https:\/\/nicolaecatrina.com\/en\/wp-json\/wp\/v2\/pages"}],"about":[{"href":"https:\/\/nicolaecatrina.com\/en\/wp-json\/wp\/v2\/types\/page"}],"author":[{"embeddable":true,"href":"https:\/\/nicolaecatrina.com\/en\/wp-json\/wp\/v2\/users\/1"}],"replies":[{"embeddable":true,"href":"https:\/\/nicolaecatrina.com\/en\/wp-json\/wp\/v2\/comments?post=23636"}],"version-history":[{"count":17,"href":"https:\/\/nicolaecatrina.com\/en\/wp-json\/wp\/v2\/pages\/23636\/revisions"}],"predecessor-version":[{"id":23669,"href":"https:\/\/nicolaecatrina.com\/en\/wp-json\/wp\/v2\/pages\/23636\/revisions\/23669"}],"wp:attachment":[{"href":"https:\/\/nicolaecatrina.com\/en\/wp-json\/wp\/v2\/media?parent=23636"}],"curies":[{"name":"wp","href":"https:\/\/api.w.org\/{rel}","templated":true}]}}